{"id":956,"date":"2016-04-22T13:15:30","date_gmt":"2016-04-22T13:15:30","guid":{"rendered":"http:\/\/wegetcreative.co.uk\/crf\/?page_id=956&#038;lang=fr"},"modified":"2016-04-22T13:16:04","modified_gmt":"2016-04-22T13:16:04","slug":"portugos","status":"publish","type":"page","link":"https:\/\/www.cortijosreyfini.com\/fr\/things-to-do\/local-villages\/portugos\/","title":{"rendered":"Portugos"},"content":{"rendered":"<div class=\"par_con\">\n<figure id=\"attachment_385\" aria-describedby=\"caption-attachment-385\" style=\"width: 437px\" class=\"wp-caption alignnone\"><img loading=\"lazy\" class=\"size-medium wp-image-385\" src=\"http:\/\/www.cortijosreyfini.com\/wp-content\/uploads\/2016\/04\/1-The-church-in-Portugos-437x437.jpg\" alt=\"The church in Portugos\" width=\"437\" height=\"437\" srcset=\"https:\/\/www.cortijosreyfini.com\/wp-content\/uploads\/2016\/04\/1-The-church-in-Portugos-437x437.jpg 437w, https:\/\/www.cortijosreyfini.com\/wp-content\/uploads\/2016\/04\/1-The-church-in-Portugos-150x150.jpg 150w\" sizes=\"( max-width: 768px ) 100vw, ( min-width: 768px ) and ( max-width: 992px ) 50vw, 437px\" \/><figcaption id=\"caption-attachment-385\" class=\"wp-caption-text\">The church in Portugos<\/figcaption><\/figure>\n<div class=\"par_con\">\n<p>C&rsquo;est le prochain village apr\u00e8s Busquistar et il est assez \u00ab\u00a0endormi\u00a0\u00bb. Vous y trouverez une superette, un quincaillier, plusieurs restaurants et, sur la route principale, 2 h\u00f4tels. <strong>A noter :<\/strong>\u00a0une station service, vendant aussi des bouteilles de gaz, est juste apr\u00e8s le village en direction de Trevelez.<\/p>\n<\/div>\n<div class=\"par_con\">\n<p>Portugos est un bon point de d\u00e9part pour une courte promenade aux cascades et au Rio Bermejo.(Voir la section \u201cbalades et randonn\u00e9es\u201d).<\/p>\n<\/div>\n<\/div>\n<div class=\"par_con\">\n<figure id=\"attachment_389\" aria-describedby=\"caption-attachment-389\" style=\"width: 437px\" class=\"wp-caption alignnone\"><img loading=\"lazy\" class=\"size-medium wp-image-389\" src=\"http:\/\/www.cortijosreyfini.com\/wp-content\/uploads\/2016\/04\/5-Chapel-at-fuente-Agria-Portugos-437x437.jpg\" alt=\"Chapel at fuente Agria, Portugos\" width=\"437\" height=\"437\" srcset=\"https:\/\/www.cortijosreyfini.com\/wp-content\/uploads\/2016\/04\/5-Chapel-at-fuente-Agria-Portugos-437x437.jpg 437w, https:\/\/www.cortijosreyfini.com\/wp-content\/uploads\/2016\/04\/5-Chapel-at-fuente-Agria-Portugos-150x150.jpg 150w\" sizes=\"( max-width: 768px ) 100vw, ( min-width: 768px ) and ( max-width: 992px ) 50vw, 437px\" \/><figcaption id=\"caption-attachment-389\" class=\"wp-caption-text\">Chapel at fuente Agria, Portugos<\/figcaption><\/figure>\n<p><em>Fuente Agria,<\/em>\u00a0\u00e9galement nomm\u00e9 <em>Ermita de la Virgen de las Agustias<\/em>\u00a0est plus connu que le village lui-m\u00eame et est situ\u00e9 \u00e0 la p\u00e9riph\u00e9rie du village.\u00a0Il y a une aire de stationnement avec des tables de pique-nique, une petite chapelle ou\u00a0<em>Ermita,<\/em>\u00a0et une source d&rsquo;o\u00f9 \u00e9merge une eau tr\u00e8s saine, quoique d\u2019un gout assez fort. En contrebas, une petite gorge, o\u00f9 l\u2019on peut observer l&rsquo;action de l&rsquo;eau ferrugineuse teintant la roche d&rsquo;orange.<\/p>\n<\/div>\n<div class=\"par_con\"><\/div>\n","protected":false},"excerpt":{"rendered":"<p>C&rsquo;est le prochain village apr\u00e8s Busquistar et il est assez \u00ab\u00a0endormi\u00a0\u00bb. Vous y trouverez une superette, un quincaillier, plusieurs restaurants et, sur la route principale, 2 h\u00f4tels. A noter :\u00a0une station service, vendant aussi des bouteilles de gaz, est juste apr\u00e8s le village en direction de Trevelez. Portugos est un bon point de d\u00e9part pour &hellip; <a href=\"https:\/\/www.cortijosreyfini.com\/fr\/things-to-do\/local-villages\/portugos\/\" class=\"more-link\">Continue reading <span class=\"screen-reader-text\">Portugos<\/span><\/a><\/p>\n","protected":false},"author":1,"featured_media":0,"parent":852,"menu_order":0,"comment_status":"closed","ping_status":"closed","template":"","meta":{"om_disable_all_campaigns":false,"_monsterinsights_skip_tracking":false,"_monsterinsights_sitenote_active":false,"_monsterinsights_sitenote_note":"","_monsterinsights_sitenote_category":0},"acf":[],"aioseo_notices":[],"_links":{"self":[{"href":"https:\/\/www.cortijosreyfini.com\/fr\/wp-json\/wp\/v2\/pages\/956"}],"collection":[{"href":"https:\/\/www.cortijosreyfini.com\/fr\/wp-json\/wp\/v2\/pages"}],"about":[{"href":"https:\/\/www.cortijosreyfini.com\/fr\/wp-json\/wp\/v2\/types\/page"}],"author":[{"embeddable":true,"href":"https:\/\/www.cortijosreyfini.com\/fr\/wp-json\/wp\/v2\/users\/1"}],"replies":[{"embeddable":true,"href":"https:\/\/www.cortijosreyfini.com\/fr\/wp-json\/wp\/v2\/comments?post=956"}],"version-history":[{"count":3,"href":"https:\/\/www.cortijosreyfini.com\/fr\/wp-json\/wp\/v2\/pages\/956\/revisions"}],"predecessor-version":[{"id":959,"href":"https:\/\/www.cortijosreyfini.com\/fr\/wp-json\/wp\/v2\/pages\/956\/revisions\/959"}],"up":[{"embeddable":true,"href":"https:\/\/www.cortijosreyfini.com\/fr\/wp-json\/wp\/v2\/pages\/852"}],"wp:attachment":[{"href":"https:\/\/www.cortijosreyfini.com\/fr\/wp-json\/wp\/v2\/media?parent=956"}],"curies":[{"name":"wp","href":"https:\/\/api.w.org\/{rel}","templated":true}]}}