{"id":913,"date":"2016-04-22T12:13:19","date_gmt":"2016-04-22T12:13:19","guid":{"rendered":"http:\/\/wegetcreative.co.uk\/crf\/?page_id=913&#038;lang=fr"},"modified":"2016-04-22T12:13:19","modified_gmt":"2016-04-22T12:13:19","slug":"orgiva","status":"publish","type":"page","link":"https:\/\/www.cortijosreyfini.com\/fr\/things-to-do\/local-villages\/orgiva\/","title":{"rendered":"Orgiva"},"content":{"rendered":"<div class=\"par_con\">\n<figure id=\"attachment_365\" aria-describedby=\"caption-attachment-365\" style=\"width: 437px\" class=\"wp-caption alignnone\"><img loading=\"lazy\" class=\"size-medium wp-image-365\" src=\"http:\/\/www.cortijosreyfini.com\/wp-content\/uploads\/2016\/04\/1-the-main-road-in-Oregiva-437x437.jpg\" alt=\"Main Road In Orgiva\" width=\"437\" height=\"437\" srcset=\"https:\/\/www.cortijosreyfini.com\/wp-content\/uploads\/2016\/04\/1-the-main-road-in-Oregiva-437x437.jpg 437w, https:\/\/www.cortijosreyfini.com\/wp-content\/uploads\/2016\/04\/1-the-main-road-in-Oregiva-150x150.jpg 150w\" sizes=\"( max-width: 768px ) 100vw, ( min-width: 768px ) and ( max-width: 992px ) 50vw, 437px\" \/><figcaption id=\"caption-attachment-365\" class=\"wp-caption-text\">Main Road In Orgiva<\/figcaption><\/figure>\n<div class=\"par_con\">\n<p><strong>Orgiva<\/strong>\u00a0est la grande ville la plus proche des cortijos \u00e0 environ 35 minutes en voiture.\u00a0Pendant les mois d&rsquo;\u00e9t\u00e9, la chaleur devient insupportable (plus de 40 degr\u00e9s) par rapport aux cortijos, pensez-y !\u00a0Vous y passerez en rejoignant les plages, Grenade ou Motril.<\/p>\n<\/div>\n<div class=\"par_con\">\n<p><strong>Orgiva<\/strong> est connue pour sa population \u00ab\u00a0alternative\u00a0\u00bb ou \u00ab\u00a0hippie\u00a0\u00bb, et attire beaucoup de touristes et voyageurs. Ces derni\u00e8res ann\u00e9es la ville a \u00e9t\u00e9 popularis\u00e9e, en particulier au Royaume-Uni, par le livre \u00ab\u00a0La ferme Andalouse\u00a0\u00bb de <strong>Chris Stewart<\/strong>\u00a0relatant son achat d&rsquo;un Cortijo.<\/p>\n<\/div>\n<div class=\"par_con\">\n<p>Le march\u00e9 \u00e0 lieu tous les jeudi matin et vous y trouverez un large choix de bars et restaurants.<\/p>\n<\/div>\n<\/div>\n<div class=\"par_con\">\n<figure id=\"attachment_366\" aria-describedby=\"caption-attachment-366\" style=\"width: 437px\" class=\"wp-caption alignnone\"><img loading=\"lazy\" class=\"size-medium wp-image-366\" src=\"http:\/\/www.cortijosreyfini.com\/wp-content\/uploads\/2016\/04\/2-Cafes-and-bars-at-Orgiva-main-street-437x437.jpg\" alt=\"Cafes and bars at Orgiva main street\" width=\"437\" height=\"437\" srcset=\"https:\/\/www.cortijosreyfini.com\/wp-content\/uploads\/2016\/04\/2-Cafes-and-bars-at-Orgiva-main-street-437x437.jpg 437w, https:\/\/www.cortijosreyfini.com\/wp-content\/uploads\/2016\/04\/2-Cafes-and-bars-at-Orgiva-main-street-150x150.jpg 150w\" sizes=\"( max-width: 768px ) 100vw, ( min-width: 768px ) and ( max-width: 992px ) 50vw, 437px\" \/><figcaption id=\"caption-attachment-366\" class=\"wp-caption-text\">Cafes and bars at Orgiva main street<\/figcaption><\/figure>\n<div class=\"par_con\">\n<p><strong>Orgiva\u00a0<\/strong>et la ville voisine de\u00a0<strong>Lanjaron<\/strong>\u00a0proposent diff\u00e9rents \u00e9v\u00e9nements, ferias, carnavals, f\u00eates, concerts, expositions et artisanat toute l&rsquo;ann\u00e9e.<\/p>\n<\/div>\n<div class=\"par_con\">\n<p>L&rsquo;\u00e9v\u00e9nement le plus important d&rsquo;<strong>Orgiva<\/strong> est la\u00a0<em>Feria,<\/em>\u00a0une foire de cinq jours autour du dernier week-end de Septembre.\u00a0A l&rsquo;origine une foire animale, la\u00a0<em>Feria<\/em>\u00a0est encore l\u2019occasion d&rsquo;une vente de chevaux o\u00f9 vous pourrez \u00e9valuer le b\u00e9tail et observer les n\u00e9gociations des maquignons. En soir\u00e9e, vous pouvez participer \u00e0 la paella g\u00e9ante gratuite ou assister au concours de\u00a0<em>migas,<\/em>\u00a0un type de couscous sur BBQ&rsquo;s sous les eucalyptus.\u00a0En soir\u00e9e, il y a des danses, bandas, concerts et une f\u00eate foraine, l\u2019occasion pour tous de prendre l&rsquo;air en se montrant sous ses meilleurs atours.<\/p>\n<\/div>\n<div class=\"par_con\">\n<p>La f\u00eate religieuse la plus importante est\u00a0<em>El Dia del Senor,<\/em>\u00a0\u00ab\u00a0le Jour du Seigneur\u00a0\u00bb, les 2 vendredis avant Vendredi saint.<\/p>\n<\/div>\n<div class=\"par_con\">\n<p>La f\u00eate de San Sebastian &#8211; le saint patron d&rsquo;<strong>Orgiva<\/strong> &#8211; est similaire, quoique moins importante, et se d\u00e9roule le 20 Janvier. La statue de San Sebastian est sortie de l&rsquo;ancien hermitage &#8211; une jolie chapelle octogonale en face d&rsquo;un champ &#8211; et d\u00e9ambule autour de la ville. La f\u00eate finit par d&rsquo;excellents feux d&rsquo;artifice.<\/p>\n<\/div>\n<div class=\"par_con\">\n<p>A la Saint Jean, <strong>Lanjaron<\/strong> organise un festival avec, comme toujours, beaucoup de boissons et nourritures.\u00a0<strong>Lanjaron<\/strong> a un h\u00f4tel Spa, un joli parc et est c\u00e9l\u00e8bre dans toute l&rsquo;Espagne pour son eau min\u00e9rale du m\u00eame nom.<\/p>\n<\/div>\n<\/div>\n","protected":false},"excerpt":{"rendered":"<p>Orgiva\u00a0est la grande ville la plus proche des cortijos \u00e0 environ 35 minutes en voiture.\u00a0Pendant les mois d&rsquo;\u00e9t\u00e9, la chaleur devient insupportable (plus de 40 degr\u00e9s) par rapport aux cortijos, pensez-y !\u00a0Vous y passerez en rejoignant les plages, Grenade ou Motril. Orgiva est connue pour sa population \u00ab\u00a0alternative\u00a0\u00bb ou \u00ab\u00a0hippie\u00a0\u00bb, et attire beaucoup de touristes &hellip; <a href=\"https:\/\/www.cortijosreyfini.com\/fr\/things-to-do\/local-villages\/orgiva\/\" class=\"more-link\">Continue reading <span class=\"screen-reader-text\">Orgiva<\/span><\/a><\/p>\n","protected":false},"author":1,"featured_media":0,"parent":852,"menu_order":0,"comment_status":"closed","ping_status":"closed","template":"","meta":{"om_disable_all_campaigns":false,"_monsterinsights_skip_tracking":false,"_monsterinsights_sitenote_active":false,"_monsterinsights_sitenote_note":"","_monsterinsights_sitenote_category":0},"acf":[],"aioseo_notices":[],"_links":{"self":[{"href":"https:\/\/www.cortijosreyfini.com\/fr\/wp-json\/wp\/v2\/pages\/913"}],"collection":[{"href":"https:\/\/www.cortijosreyfini.com\/fr\/wp-json\/wp\/v2\/pages"}],"about":[{"href":"https:\/\/www.cortijosreyfini.com\/fr\/wp-json\/wp\/v2\/types\/page"}],"author":[{"embeddable":true,"href":"https:\/\/www.cortijosreyfini.com\/fr\/wp-json\/wp\/v2\/users\/1"}],"replies":[{"embeddable":true,"href":"https:\/\/www.cortijosreyfini.com\/fr\/wp-json\/wp\/v2\/comments?post=913"}],"version-history":[{"count":1,"href":"https:\/\/www.cortijosreyfini.com\/fr\/wp-json\/wp\/v2\/pages\/913\/revisions"}],"predecessor-version":[{"id":914,"href":"https:\/\/www.cortijosreyfini.com\/fr\/wp-json\/wp\/v2\/pages\/913\/revisions\/914"}],"up":[{"embeddable":true,"href":"https:\/\/www.cortijosreyfini.com\/fr\/wp-json\/wp\/v2\/pages\/852"}],"wp:attachment":[{"href":"https:\/\/www.cortijosreyfini.com\/fr\/wp-json\/wp\/v2\/media?parent=913"}],"curies":[{"name":"wp","href":"https:\/\/api.w.org\/{rel}","templated":true}]}}