{"id":900,"date":"2016-04-22T12:03:28","date_gmt":"2016-04-22T12:03:28","guid":{"rendered":"http:\/\/wegetcreative.co.uk\/crf\/?page_id=900&#038;lang=fr"},"modified":"2016-04-22T12:05:44","modified_gmt":"2016-04-22T12:05:44","slug":"mecina-fondales","status":"publish","type":"page","link":"https:\/\/www.cortijosreyfini.com\/fr\/things-to-do\/local-villages\/mecina-fondales\/","title":{"rendered":"Mecina Fondales"},"content":{"rendered":"<div class=\"par_con\">\n<figure id=\"attachment_363\" aria-describedby=\"caption-attachment-363\" style=\"width: 437px\" class=\"wp-caption alignnone\"><img loading=\"lazy\" class=\"size-medium wp-image-363\" src=\"http:\/\/www.cortijosreyfini.com\/wp-content\/uploads\/2016\/04\/1-The-view-of-the-church-in-Fundales-437x437.jpg\" alt=\"The view of the church in Fundales\" width=\"437\" height=\"437\" srcset=\"https:\/\/www.cortijosreyfini.com\/wp-content\/uploads\/2016\/04\/1-The-view-of-the-church-in-Fundales-437x437.jpg 437w, https:\/\/www.cortijosreyfini.com\/wp-content\/uploads\/2016\/04\/1-The-view-of-the-church-in-Fundales-150x150.jpg 150w\" sizes=\"( max-width: 768px ) 100vw, ( min-width: 768px ) and ( max-width: 992px ) 50vw, 437px\" \/><figcaption id=\"caption-attachment-363\" class=\"wp-caption-text\">The view of the church in Fundales<\/figcaption><\/figure>\n<p>Mecina Fondales se compose de trois villages distincts: Mecina, Mecinilla et Fondales.\u00a0Ces trois villages forment la partie la plus basse de la\u00a0<em>Taha de Pitres<\/em>\u00a0(un groupe de sept villages, Pitres \u00e9tant le principal).<\/p>\n<figure id=\"attachment_478\" aria-describedby=\"caption-attachment-478\" style=\"width: 437px\" class=\"wp-caption alignnone\"><img loading=\"lazy\" class=\"size-medium wp-image-478\" src=\"http:\/\/www.cortijosreyfini.com\/wp-content\/uploads\/2016\/04\/9-Traditional-roof-timbers-and-whitewashed-walls-in-Mecina-437x437.jpg\" alt=\"Traditional roof timbers and whitewashed walls in Mecina\" width=\"437\" height=\"437\" srcset=\"https:\/\/www.cortijosreyfini.com\/wp-content\/uploads\/2016\/04\/9-Traditional-roof-timbers-and-whitewashed-walls-in-Mecina-437x437.jpg 437w, https:\/\/www.cortijosreyfini.com\/wp-content\/uploads\/2016\/04\/9-Traditional-roof-timbers-and-whitewashed-walls-in-Mecina-150x150.jpg 150w\" sizes=\"( max-width: 768px ) 100vw, ( min-width: 768px ) and ( max-width: 992px ) 50vw, 437px\" \/><figcaption id=\"caption-attachment-478\" class=\"wp-caption-text\">Traditional roof timbers and whitewashed walls in Mecina<\/figcaption><\/figure>\n<div class=\"par_con\">\n<p><strong>Mecina Fondales, Ferreiola, Mecina, Mecinilla et Fondales<\/strong>\u00a0sont de charmants villages tous reli\u00e9s les uns aux autres par une s\u00e9rie de sentiers sinueux romains, entrelac\u00e9s entre montagnes et rivi\u00e8res.\u00a0Ces chemins offrent des conditions id\u00e9ales pour des randonn\u00e9es faciles, ils serpentent entre les petites maisons anciennes et leurs jolis petits balcons.\u00a0Le paysage est \u00e0 couper le souffle et les villages ont tous les bars et restaurants.\u00a0En juillet et ao\u00fbt ces promenades sont plut\u00f4t insupportables en raison des temp\u00e9ratures \u00e9lev\u00e9es mais l&rsquo;hiver et l&rsquo;automne sont parfaits.\u00a0Vous trouverez de l&rsquo;eau potable dans les diff\u00e9rents villages.\u00a0Mecina a aussi trois bons restaurants, dont une pizzeria, un restaurant v\u00e9g\u00e9tarien et un h\u00f4tel avec restaurant.<\/p>\n<\/div>\n<div class=\"par_con\">\n<p>Voir la section \u201cbalades et randonn\u00e9es\u201d pour plus d&rsquo;informations.<\/p>\n<\/div>\n<\/div>\n","protected":false},"excerpt":{"rendered":"<p>Mecina Fondales se compose de trois villages distincts: Mecina, Mecinilla et Fondales.\u00a0Ces trois villages forment la partie la plus basse de la\u00a0Taha de Pitres\u00a0(un groupe de sept villages, Pitres \u00e9tant le principal). Mecina Fondales, Ferreiola, Mecina, Mecinilla et Fondales\u00a0sont de charmants villages tous reli\u00e9s les uns aux autres par une s\u00e9rie de sentiers sinueux romains, &hellip; <a href=\"https:\/\/www.cortijosreyfini.com\/fr\/things-to-do\/local-villages\/mecina-fondales\/\" class=\"more-link\">Continue reading <span class=\"screen-reader-text\">Mecina Fondales<\/span><\/a><\/p>\n","protected":false},"author":1,"featured_media":0,"parent":852,"menu_order":0,"comment_status":"closed","ping_status":"closed","template":"","meta":{"om_disable_all_campaigns":false,"_monsterinsights_skip_tracking":false,"_monsterinsights_sitenote_active":false,"_monsterinsights_sitenote_note":"","_monsterinsights_sitenote_category":0},"acf":[],"aioseo_notices":[],"_links":{"self":[{"href":"https:\/\/www.cortijosreyfini.com\/fr\/wp-json\/wp\/v2\/pages\/900"}],"collection":[{"href":"https:\/\/www.cortijosreyfini.com\/fr\/wp-json\/wp\/v2\/pages"}],"about":[{"href":"https:\/\/www.cortijosreyfini.com\/fr\/wp-json\/wp\/v2\/types\/page"}],"author":[{"embeddable":true,"href":"https:\/\/www.cortijosreyfini.com\/fr\/wp-json\/wp\/v2\/users\/1"}],"replies":[{"embeddable":true,"href":"https:\/\/www.cortijosreyfini.com\/fr\/wp-json\/wp\/v2\/comments?post=900"}],"version-history":[{"count":2,"href":"https:\/\/www.cortijosreyfini.com\/fr\/wp-json\/wp\/v2\/pages\/900\/revisions"}],"predecessor-version":[{"id":905,"href":"https:\/\/www.cortijosreyfini.com\/fr\/wp-json\/wp\/v2\/pages\/900\/revisions\/905"}],"up":[{"embeddable":true,"href":"https:\/\/www.cortijosreyfini.com\/fr\/wp-json\/wp\/v2\/pages\/852"}],"wp:attachment":[{"href":"https:\/\/www.cortijosreyfini.com\/fr\/wp-json\/wp\/v2\/media?parent=900"}],"curies":[{"name":"wp","href":"https:\/\/api.w.org\/{rel}","templated":true}]}}