{"id":880,"date":"2016-04-22T11:32:24","date_gmt":"2016-04-22T11:32:24","guid":{"rendered":"http:\/\/wegetcreative.co.uk\/crf\/?page_id=880&#038;lang=fr"},"modified":"2016-04-22T11:35:23","modified_gmt":"2016-04-22T11:35:23","slug":"busquistar","status":"publish","type":"page","link":"https:\/\/www.cortijosreyfini.com\/fr\/things-to-do\/local-villages\/busquistar\/","title":{"rendered":"Busquistar"},"content":{"rendered":"<div class=\"par_con\">\n<figure id=\"attachment_427\" aria-describedby=\"caption-attachment-427\" style=\"width: 437px\" class=\"wp-caption alignnone\"><img loading=\"lazy\" class=\"wp-image-427 size-medium\" src=\"http:\/\/www.cortijosreyfini.com\/wp-content\/uploads\/2016\/04\/1-Busquistar-village-1-437x437.jpg\" alt=\"Busquistar\" width=\"437\" height=\"437\" srcset=\"https:\/\/www.cortijosreyfini.com\/wp-content\/uploads\/2016\/04\/1-Busquistar-village-1-437x437.jpg 437w, https:\/\/www.cortijosreyfini.com\/wp-content\/uploads\/2016\/04\/1-Busquistar-village-1-150x150.jpg 150w\" sizes=\"( max-width: 768px ) 100vw, ( min-width: 768px ) and ( max-width: 992px ) 50vw, 437px\" \/><figcaption id=\"caption-attachment-427\" class=\"wp-caption-text\">Busquistar<\/figcaption><\/figure>\n<\/div>\n<div class=\"par_con\"><\/div>\n<div class=\"par_con\">El primer pueblo en llegar desde el cortijo, girando a la derecha del complejo de cortijos es Busqu\u00edstar &#8211; un peque\u00f1o pueblo tranquilo con una gran cantidad de espa\u00f1oles jubilados.\u00a0Tenga mucho cuidado al conducir, porque muchas personas mayores va de caminata a lo largo del camino.\u00a0El pueblo cuenta con una panader\u00eda, dos mini supermercados y varios bares y cafeter\u00edas.\u00a0El primer supermercado en su derecha llamado\u00a0<em>Molino,<\/em>\u00a0supermercado y tiene un buen carnicero, as\u00ed como excelentes embutidos caseros y tiendas de comestibles y en general encontrar\u00e1 todo lo que necesita en la casa.<\/div>\n<div class=\"par_con\"><\/div>\n<div class=\"par_con\">\n<figure id=\"attachment_349\" aria-describedby=\"caption-attachment-349\" style=\"width: 437px\" class=\"wp-caption alignnone\"><img loading=\"lazy\" class=\"size-medium wp-image-349\" src=\"http:\/\/www.cortijosreyfini.com\/wp-content\/uploads\/2016\/04\/2-The-view-of-Pacos-bar-from-the-main-road-437x437.jpg\" alt=\"Paco's Bar\" width=\"437\" height=\"437\" srcset=\"https:\/\/www.cortijosreyfini.com\/wp-content\/uploads\/2016\/04\/2-The-view-of-Pacos-bar-from-the-main-road-437x437.jpg 437w, https:\/\/www.cortijosreyfini.com\/wp-content\/uploads\/2016\/04\/2-The-view-of-Pacos-bar-from-the-main-road-150x150.jpg 150w\" sizes=\"( max-width: 768px ) 100vw, ( min-width: 768px ) and ( max-width: 992px ) 50vw, 437px\" \/><figcaption id=\"caption-attachment-349\" class=\"wp-caption-text\">Paco&rsquo;s Bar<\/figcaption><\/figure>\n<\/div>\n<div class=\"par_con\"><\/div>\n<div class=\"par_con\">\n<div class=\"par_con\">\n<div class=\"par_con\">\n<p>S\u00f3lo hay un restaurante en Busqu\u00edstar y se llama\u00a0<em>Paco,<\/em>\u00a0que sirve\u00a0<em>men\u00fas<\/em>\u00a0(comidas fijos a un muy buen precio) y tambi\u00e9n es un buen lugar para reunirse a tomar una copa con excelentes tapas.\u00a0Recuerde que en Andaluc\u00eda en general cuando se tiene una bebida te dan una tapa incluida en el precio.<\/p>\n<\/div>\n<div class=\"par_con\">\n<p>Busquistar tambi\u00e9n celebra un festival anual de jazz y blues, que es normalmente la primera semana de agosto y est\u00e1 bien vale la pena ir.<\/p>\n<\/div>\n<\/div>\n<\/div>\n","protected":false},"excerpt":{"rendered":"<p>El primer pueblo en llegar desde el cortijo, girando a la derecha del complejo de cortijos es Busqu\u00edstar &#8211; un peque\u00f1o pueblo tranquilo con una gran cantidad de espa\u00f1oles jubilados.\u00a0Tenga mucho cuidado al conducir, porque muchas personas mayores va de caminata a lo largo del camino.\u00a0El pueblo cuenta con una panader\u00eda, dos mini supermercados y &hellip; <a href=\"https:\/\/www.cortijosreyfini.com\/fr\/things-to-do\/local-villages\/busquistar\/\" class=\"more-link\">Continue reading <span class=\"screen-reader-text\">Busquistar<\/span><\/a><\/p>\n","protected":false},"author":1,"featured_media":0,"parent":852,"menu_order":0,"comment_status":"closed","ping_status":"closed","template":"","meta":{"om_disable_all_campaigns":false,"_monsterinsights_skip_tracking":false,"_monsterinsights_sitenote_active":false,"_monsterinsights_sitenote_note":"","_monsterinsights_sitenote_category":0},"acf":[],"aioseo_notices":[],"_links":{"self":[{"href":"https:\/\/www.cortijosreyfini.com\/fr\/wp-json\/wp\/v2\/pages\/880"}],"collection":[{"href":"https:\/\/www.cortijosreyfini.com\/fr\/wp-json\/wp\/v2\/pages"}],"about":[{"href":"https:\/\/www.cortijosreyfini.com\/fr\/wp-json\/wp\/v2\/types\/page"}],"author":[{"embeddable":true,"href":"https:\/\/www.cortijosreyfini.com\/fr\/wp-json\/wp\/v2\/users\/1"}],"replies":[{"embeddable":true,"href":"https:\/\/www.cortijosreyfini.com\/fr\/wp-json\/wp\/v2\/comments?post=880"}],"version-history":[{"count":2,"href":"https:\/\/www.cortijosreyfini.com\/fr\/wp-json\/wp\/v2\/pages\/880\/revisions"}],"predecessor-version":[{"id":882,"href":"https:\/\/www.cortijosreyfini.com\/fr\/wp-json\/wp\/v2\/pages\/880\/revisions\/882"}],"up":[{"embeddable":true,"href":"https:\/\/www.cortijosreyfini.com\/fr\/wp-json\/wp\/v2\/pages\/852"}],"wp:attachment":[{"href":"https:\/\/www.cortijosreyfini.com\/fr\/wp-json\/wp\/v2\/media?parent=880"}],"curies":[{"name":"wp","href":"https:\/\/api.w.org\/{rel}","templated":true}]}}