{"id":712,"date":"2016-04-14T09:38:53","date_gmt":"2016-04-14T09:38:53","guid":{"rendered":"http:\/\/wegetcreative.co.uk\/crf\/?page_id=712&#038;lang=fr"},"modified":"2016-04-14T09:38:53","modified_gmt":"2016-04-14T09:38:53","slug":"y-aller","status":"publish","type":"page","link":"https:\/\/www.cortijosreyfini.com\/fr\/information\/y-aller\/","title":{"rendered":"Y aller"},"content":{"rendered":"<div class=\"par_con\">\n<p>[put_wpgm id=1]<\/p>\n<p><strong>Voir sur la carte Google:<\/strong>\u00a036 \u00b0 58&rsquo;25.8 \u00ab\u00a0N 3 \u00b0 16&rsquo;49.6\u00a0\u00bb W<\/p>\n<\/div>\n<div class=\"par_con\">\n<p>L&rsquo;a\u00e9roport le plus proche est Grenade, mais vous pouvez aussi venir par Malaga ou Almeria.\u00a0 RyanAir, EasyJet et Vueling proposent des vols low-costs vers tous ces a\u00e9roports.<\/p>\n<\/div>\n<div class=\"par_con\">\n<p>Les voitures peuvent \u00eatre r\u00e9serv\u00e9es en ligne et la plupart des compagnies a\u00e9riennes offrent des tarifs sp\u00e9ciaux pour les locations de voitures.<\/p>\n<\/div>\n<div class=\"par_con\">\n<p><strong>De l&rsquo;a\u00e9roport de Grenade<\/strong><\/p>\n<\/div>\n<div class=\"par_con\">\n<p>Suivez les panneaux vers Grenade, puis prenez l\u2019E902 vers Motril.\u00a0Continuez environ 20 minutes jusqu&rsquo;\u00e0 ce que vous voyez la sortie Lanjaron.\u00a0Suivez cette route jusqu&rsquo;\u00e0 Lanjaron et continuez jusqu&rsquo;\u00e0 Orgiva. A l&rsquo;entr\u00e9e de la ville tournez \u00e0 gauche vers Trevelez et continuez jusqu\u2019\u00e0 Busquistar.\u00a0C\u2019est le dernier village avant les cortijos (vous pouvez y faire vos achats dans les sup\u00e9rettes). Puis prenez la direction de Trevelez.\u00a0Vous trouverez l&rsquo;entr\u00e9e des cortijos \u00e0 exactement 4 km de Busquistar sur la gauche.\u00a0(Juste apr\u00e8s les cortijos il y a un panneau \u00e0 Las Balsas \u00e0 droite sur la route principale.) Montez la colline et vous trouverez les indications pour chaque Cortijo.<\/p>\n<\/div>\n<div class=\"par_con\">\n<p>Les Cortijos sont situ\u00e9s \u00e0 mi-chemin entre Busquistar et Trevelez o\u00f9 vous trouverez les magasins, boucheries, boulangeries, etc.<\/p>\n<\/div>\n<div class=\"par_con\">\n<p><a href=\"https:\/\/translate.google.com\/translate?hl=en&amp;prev=_t&amp;sl=auto&amp;tl=fr&amp;u=http:\/\/maps.google.co.uk\/maps%3Ff%3Dq%26source%3Dembed%26hl%3Den%26geocode%3D%26q%3Dfrom:%2Bgranada%2Bto:%2B36.972455,-3.279204%26sll%3D51.378097,-2.360455%26sspn%3D0.007099,0.019205%26ie%3DUTF8%26ll%3D37.0131,-3.458885%26spn%3D0.32678,0.39359\">Agrandir le plan<\/a><\/p>\n<\/div>\n<div class=\"par_con\">\n<p><strong>De l&rsquo;a\u00e9roport de Malaga<\/strong><\/p>\n<\/div>\n<div class=\"par_con\">\n<p>Dirigez-vous vers Malaga et suivez le panneau d&rsquo;autoroute Grenade, S\u00e9ville, Almeria et Motril.\u00a0Suivez cette autoroute pendant quelques kilom\u00e8tres jusqu&rsquo;\u00e0 ce que vous voyez le panneau Grenade.<\/p>\n<\/div>\n<div class=\"par_con\">\n<p>Continuez jusqu\u2019\u00e0 la sortie 175 et le panneau indiquant Las Alpujarras et Orgiva<\/p>\n<\/div>\n<div class=\"par_con\">\n<p>Suivez la route d\u2019Orgiva.\u00a0Juste avant Orgiva vous passerez un pont \u00e9troit, puis traverserez toute la ville. Suivez la route touristique sur votre droite vers Bubion et Trevelez en passant par de nombreux villages tels que Pitres, Portugos jusqu&rsquo;\u00e0 arriver au village de Busquistar.<\/p>\n<\/div>\n<div class=\"par_con\">\n<p>C\u2019est le dernier village avant les cortijos (vous pouvez y faire vos achats dans les sup\u00e9rettes). Puis prenez la direction de Trevelez.\u00a0Vous trouverez les cortijos \u00e0 exactement 4 km de Busquistar sur la gauche.\u00a0(Juste apr\u00e8s les cortijos il y a un panneau \u00e0 Las Balsas \u00e0 droite sur la route principale.)\u00a0Montez la colline et vous trouverez les indications pour chaque Cortijo.<\/p>\n<\/div>\n<div class=\"par_con\">\n<p>Les Cortijos sont situ\u00e9s \u00e0 mi-chemin entre Busquistar et Trevelez o\u00f9 vous trouverez les magasins, boucheries, boulangeries, etc.<\/p>\n<\/div>\n<div class=\"par_con\">\n<p><a href=\"https:\/\/translate.google.com\/translate?hl=en&amp;prev=_t&amp;sl=auto&amp;tl=fr&amp;u=http:\/\/maps.google.es\/maps%3Ff%3Dd%26hl%3Des%26geocode%3D13945999943801193947,36.972455,-3.279204%26saddr%3Dmalaga%26daddr%3D36.972455,-3.279204%26sll%3D37.029966,-3.4552%26sspn%3D0.491154,1.2854%26ie%3DUTF8%26source%3Dembed%26ll%3D37.028869,-3.457947%26spn%3D0.25354,1.14159\">Agrandir le plan<\/a><\/p>\n<\/div>\n<div class=\"par_con\">\n<p><strong>De Almeria<\/strong><\/p>\n<\/div>\n<div class=\"par_con\">\n<p>3 itin\u00e9raires possibles : par Grenade ou Motril (voir ci-dessus), ou par la montagne.<\/p>\n<\/div>\n<div class=\"par_con\">\n<p>Si vous vous perdez ou si vous avez besoin de plus amples informations n\u2019h\u00e9sitez pas \u00e0 m\u2019envoyer un courriel \u00e0\u00a0<a href=\"mailto:mofini@btinternet.com\">mofini@btinternet.com<\/a>\u00a0ou \u00e0 m\u2019appeler +44 (0) 7885410998 (anglais et espagnol parl\u00e9).\u00a0Si vous parlez espagnol, vous pouvez \u00e9galement appeler Antonio sur son mobile 34656946652.\u00a0Antonio et sa famille vivent \u00e0 Busquistar et s\u2019occupent du site lorsque nous ne sommes pas l\u00e0.<\/p>\n<\/div>\n","protected":false},"excerpt":{"rendered":"<p>[put_wpgm id=1] Voir sur la carte Google:\u00a036 \u00b0 58&rsquo;25.8 \u00ab\u00a0N 3 \u00b0 16&rsquo;49.6\u00a0\u00bb W L&rsquo;a\u00e9roport le plus proche est Grenade, mais vous pouvez aussi venir par Malaga ou Almeria.\u00a0 RyanAir, EasyJet et Vueling proposent des vols low-costs vers tous ces a\u00e9roports. Les voitures peuvent \u00eatre r\u00e9serv\u00e9es en ligne et la plupart des compagnies a\u00e9riennes offrent &hellip; <a href=\"https:\/\/www.cortijosreyfini.com\/fr\/information\/y-aller\/\" class=\"more-link\">Continue reading <span class=\"screen-reader-text\">Y aller<\/span><\/a><\/p>\n","protected":false},"author":1,"featured_media":0,"parent":821,"menu_order":0,"comment_status":"closed","ping_status":"closed","template":"page-templates\/no-featured.php","meta":{"om_disable_all_campaigns":false,"_monsterinsights_skip_tracking":false,"_monsterinsights_sitenote_active":false,"_monsterinsights_sitenote_note":"","_monsterinsights_sitenote_category":0},"acf":[],"aioseo_notices":[],"_links":{"self":[{"href":"https:\/\/www.cortijosreyfini.com\/fr\/wp-json\/wp\/v2\/pages\/712"}],"collection":[{"href":"https:\/\/www.cortijosreyfini.com\/fr\/wp-json\/wp\/v2\/pages"}],"about":[{"href":"https:\/\/www.cortijosreyfini.com\/fr\/wp-json\/wp\/v2\/types\/page"}],"author":[{"embeddable":true,"href":"https:\/\/www.cortijosreyfini.com\/fr\/wp-json\/wp\/v2\/users\/1"}],"replies":[{"embeddable":true,"href":"https:\/\/www.cortijosreyfini.com\/fr\/wp-json\/wp\/v2\/comments?post=712"}],"version-history":[{"count":1,"href":"https:\/\/www.cortijosreyfini.com\/fr\/wp-json\/wp\/v2\/pages\/712\/revisions"}],"predecessor-version":[{"id":713,"href":"https:\/\/www.cortijosreyfini.com\/fr\/wp-json\/wp\/v2\/pages\/712\/revisions\/713"}],"up":[{"embeddable":true,"href":"https:\/\/www.cortijosreyfini.com\/fr\/wp-json\/wp\/v2\/pages\/821"}],"wp:attachment":[{"href":"https:\/\/www.cortijosreyfini.com\/fr\/wp-json\/wp\/v2\/media?parent=712"}],"curies":[{"name":"wp","href":"https:\/\/api.w.org\/{rel}","templated":true}]}}