{"id":560,"date":"2016-04-13T09:49:46","date_gmt":"2016-04-13T09:49:46","guid":{"rendered":"http:\/\/wegetcreative.co.uk\/crf\/?page_id=560&#038;lang=fr"},"modified":"2016-04-13T09:49:46","modified_gmt":"2016-04-13T09:49:46","slug":"piscine","status":"publish","type":"page","link":"https:\/\/www.cortijosreyfini.com\/fr\/609-2\/piscine\/","title":{"rendered":"Piscine"},"content":{"rendered":"<div class=\"par_con\">\n<p>La piscine est partag\u00e9e par tous les h\u00f4tes.<\/p>\n<\/div>\n<div class=\"par_con\">\n<p>Si vous avez des enfants, pensez que les flotteurs et autres jouets en plastique peuvent g\u00eaner d&rsquo;autres clients. Merci de les retirer de l&rsquo;eau quand vous quittez la piscine. Aussi, les personnes sans enfants peuvent avoir envie de se d\u00e9tendre dans l&rsquo;eau \u00eatre d\u00e9rang\u00e9s. Toute est donc question d&rsquo;entente et de convivialit\u00e9.<\/p>\n<\/div>\n<div class=\"par_con\">\n<p>Les gros objets ont caus\u00e9 de nombreux probl\u00e8mes au syst\u00e8me de drainage, et de petits objets au purificateur d&rsquo;eau. Merci de penser \u00e0 les retirer de la piscine et, si vous \u00eates la derni\u00e8re personne \u00e0 l\u2019utiliser, merci de la recouvrir.<\/p>\n<\/div>\n<div class=\"par_con\">\n<p>Pour ce faire il y a une grande corde bleue accroch\u00e9e au grenadier \u00e0 l&rsquo;extr\u00e9mit\u00e9 de la piscine.\u00a0Attachez la \u00e0 l&rsquo;anneau au milieu de la b\u00e2che\u00a0 puis marchez \u00e0 l&rsquo;autre bout de la piscine en d\u00e9roulant la cha\u00eene.\u00a0Positionnez-vous au milieu et tirez la cha\u00eene doucement vers vous jusqu&rsquo;\u00e0 ce que la b\u00e2che couvre la piscine.\u00a0Ceci fait, d\u00e9tachez la corde, enroulez-la et accrochez la au grenadier (vous n\u2019en aurez pas besoin pour la d\u00e9couvrir le lendemain)<\/p>\n<\/div>\n<div class=\"par_con\">\n<p>Pour d\u00e9couvrir la piscine, il suffit d&rsquo;utiliser l\u2019enrouleur.<\/p>\n<\/div>\n<div class=\"par_con\">\n<p>Il y a un filet pour nettoyage de la piscine, situ\u00e9 \u00e0 l&rsquo;ombre sous le pin.<\/p>\n<\/div>\n<div class=\"par_con\">\n<p>Un dernier point : si vous utilisez les chaises longues ou tables, merci de ne pas \u00e9parpiller vos affaires, ce qui pourrait donner \u00e0 penser que la piscine est enti\u00e8rement occup\u00e9e et dissuader d\u2019autres clients.<\/p>\n<\/div>\n<div class=\"par_con\">\n<p>L\u2019utilisation des hamacs est destin\u00e9e \u00e0 votre d\u00e9tente, mais ne sont pas des jeux. Ils pourraient se d\u00e9chirer voire \u00eatre dangereux si des enfants y jouaient sans surveillance.<\/p>\n<\/div>\n","protected":false},"excerpt":{"rendered":"<p>La piscine est partag\u00e9e par tous les h\u00f4tes. Si vous avez des enfants, pensez que les flotteurs et autres jouets en plastique peuvent g\u00eaner d&rsquo;autres clients. Merci de les retirer de l&rsquo;eau quand vous quittez la piscine. Aussi, les personnes sans enfants peuvent avoir envie de se d\u00e9tendre dans l&rsquo;eau \u00eatre d\u00e9rang\u00e9s. Toute est donc &hellip; <a href=\"https:\/\/www.cortijosreyfini.com\/fr\/609-2\/piscine\/\" class=\"more-link\">Continue reading <span class=\"screen-reader-text\">Piscine<\/span><\/a><\/p>\n","protected":false},"author":1,"featured_media":210,"parent":609,"menu_order":0,"comment_status":"closed","ping_status":"closed","template":"","meta":{"om_disable_all_campaigns":false,"_monsterinsights_skip_tracking":false,"_monsterinsights_sitenote_active":false,"_monsterinsights_sitenote_note":"","_monsterinsights_sitenote_category":0},"acf":[],"aioseo_notices":[],"_links":{"self":[{"href":"https:\/\/www.cortijosreyfini.com\/fr\/wp-json\/wp\/v2\/pages\/560"}],"collection":[{"href":"https:\/\/www.cortijosreyfini.com\/fr\/wp-json\/wp\/v2\/pages"}],"about":[{"href":"https:\/\/www.cortijosreyfini.com\/fr\/wp-json\/wp\/v2\/types\/page"}],"author":[{"embeddable":true,"href":"https:\/\/www.cortijosreyfini.com\/fr\/wp-json\/wp\/v2\/users\/1"}],"replies":[{"embeddable":true,"href":"https:\/\/www.cortijosreyfini.com\/fr\/wp-json\/wp\/v2\/comments?post=560"}],"version-history":[{"count":1,"href":"https:\/\/www.cortijosreyfini.com\/fr\/wp-json\/wp\/v2\/pages\/560\/revisions"}],"predecessor-version":[{"id":561,"href":"https:\/\/www.cortijosreyfini.com\/fr\/wp-json\/wp\/v2\/pages\/560\/revisions\/561"}],"up":[{"embeddable":true,"href":"https:\/\/www.cortijosreyfini.com\/fr\/wp-json\/wp\/v2\/pages\/609"}],"wp:featuredmedia":[{"embeddable":true,"href":"https:\/\/www.cortijosreyfini.com\/fr\/wp-json\/wp\/v2\/media\/210"}],"wp:attachment":[{"href":"https:\/\/www.cortijosreyfini.com\/fr\/wp-json\/wp\/v2\/media?parent=560"}],"curies":[{"name":"wp","href":"https:\/\/api.w.org\/{rel}","templated":true}]}}