{"id":551,"date":"2016-04-05T14:38:07","date_gmt":"2016-04-05T14:38:07","guid":{"rendered":"http:\/\/wegetcreative.co.uk\/crf\/sample-page\/?lang=fr"},"modified":"2016-05-16T13:32:48","modified_gmt":"2016-05-16T13:32:48","slug":"sample-page","status":"publish","type":"page","link":"https:\/\/www.cortijosreyfini.com\/fr\/","title":{"rendered":"Cortijos Rey Fini"},"content":{"rendered":"<div class=\"par_con\">\n<p style=\"text-align: center;\">Nous vous proposons trois Cortijos (anciennes bergeries maures) totalement restaur\u00e9s par nos soins, alliant le respect des lieux et le confort propice au bien \u00eatre.<\/p>\n<p style=\"text-align: center;\">Ces trois g\u00eetes ind\u00e9pendants peuvent accueillir jusqu&rsquo;\u00e0 14 personnes sur un terrain de plus de 6 hectares comprenant une superbe piscine. Leurs capacit\u00e9s d&rsquo;accueil peuvent \u00eatre \u00e9tendues, selon vos besoins.<\/p>\n<p style=\"text-align: center;\">Au coeur de \u00ab\u00a0Las Alpujarras\u00a0\u00bb dans le parc national de la Sierra Nevada, \u00e0 1300m d&rsquo;altitude, vous \u00eates \u00e0 un peu plus d\u2019une heure de voiture de la ville historique de Grenade et de son incontournable \u201cAlhambra\u201d au nord, et de la c\u00f4te m\u00e9diterran\u00e9enne \u201cCosta Tropical\u201d au sud et ses belles plages telles Salobre\u00f1a, Calahonda et La Herradura.<\/p>\n<figure class=\"captionjs stacked\"><\/figure>\n<\/div>\n<div class=\"par_con\">\n<p style=\"text-align: center;\">Plus proches, vous trouverez tous les commerces dans les villages de Busquistar et Trevelez (tous deux distants de 4KM des Cortijos)<\/p>\n<p style=\"text-align: center;\">Dans les environs vous pourrez fl\u00e2ner dans les superbes villages blancs de Bubion, Capileira et Pampaneira.<\/p>\n<p style=\"text-align: center;\">Pour acc\u00e8der aux Cortijos par avion : vous avez le choix entre l&rsquo;a\u00e9roport de Grenade (1h30) et celui de Malaga (2h).<\/p>\n<p style=\"text-align: center;\">Par la route, vous y parviendrez en venant de Grenade (sortie Lanjaron) ou Motril (Sortie Orgiva).<\/p>\n<\/div>\n","protected":false},"excerpt":{"rendered":"<p>Nous vous proposons trois Cortijos (anciennes bergeries maures) totalement restaur\u00e9s par nos soins, alliant le respect des lieux et le confort propice au bien \u00eatre. Ces trois g\u00eetes ind\u00e9pendants peuvent accueillir jusqu&rsquo;\u00e0 14 personnes sur un terrain de plus de 6 hectares comprenant une superbe piscine. Leurs capacit\u00e9s d&rsquo;accueil peuvent \u00eatre \u00e9tendues, selon vos besoins. &hellip; <a href=\"https:\/\/www.cortijosreyfini.com\/fr\/\" class=\"more-link\">Continue reading <span class=\"screen-reader-text\">Cortijos Rey Fini<\/span><\/a><\/p>\n","protected":false},"author":1,"featured_media":838,"parent":0,"menu_order":0,"comment_status":"closed","ping_status":"closed","template":"page-templates\/home.php","meta":{"om_disable_all_campaigns":false,"_monsterinsights_skip_tracking":false,"_monsterinsights_sitenote_active":false,"_monsterinsights_sitenote_note":"","_monsterinsights_sitenote_category":0},"acf":[],"aioseo_notices":[],"_links":{"self":[{"href":"https:\/\/www.cortijosreyfini.com\/fr\/wp-json\/wp\/v2\/pages\/551"}],"collection":[{"href":"https:\/\/www.cortijosreyfini.com\/fr\/wp-json\/wp\/v2\/pages"}],"about":[{"href":"https:\/\/www.cortijosreyfini.com\/fr\/wp-json\/wp\/v2\/types\/page"}],"author":[{"embeddable":true,"href":"https:\/\/www.cortijosreyfini.com\/fr\/wp-json\/wp\/v2\/users\/1"}],"replies":[{"embeddable":true,"href":"https:\/\/www.cortijosreyfini.com\/fr\/wp-json\/wp\/v2\/comments?post=551"}],"version-history":[{"count":1,"href":"https:\/\/www.cortijosreyfini.com\/fr\/wp-json\/wp\/v2\/pages\/551\/revisions"}],"predecessor-version":[{"id":554,"href":"https:\/\/www.cortijosreyfini.com\/fr\/wp-json\/wp\/v2\/pages\/551\/revisions\/554"}],"wp:featuredmedia":[{"embeddable":true,"href":"https:\/\/www.cortijosreyfini.com\/fr\/wp-json\/wp\/v2\/media\/838"}],"wp:attachment":[{"href":"https:\/\/www.cortijosreyfini.com\/fr\/wp-json\/wp\/v2\/media?parent=551"}],"curies":[{"name":"wp","href":"https:\/\/api.w.org\/{rel}","templated":true}]}}