{"id":1329,"date":"2016-04-25T11:06:30","date_gmt":"2016-04-25T11:06:30","guid":{"rendered":"http:\/\/wegetcreative.co.uk\/crf\/?page_id=1329&#038;lang=fr"},"modified":"2016-04-25T11:06:30","modified_gmt":"2016-04-25T11:06:30","slug":"granada-beach","status":"publish","type":"page","link":"https:\/\/www.cortijosreyfini.com\/fr\/things-to-do\/beaches\/granada-beach\/","title":{"rendered":"Granada Beach"},"content":{"rendered":"<div class=\"par_con\">\n<p>Situ\u00e9e \u00e0 c\u00f4t\u00e9 du seul terrain de golf de la Costa Tropical, Los Moriscos, Playa de Granada est une longue plage semi-urbaine \u00e9troite.\u00a0Elle est assez calme, vous y trouverez largement de la place au parking gratuit et l\u2019acc\u00e8s est tr\u00e8s rapide \u00e0 partir de la route principale.<\/p>\n<\/div>\n<div class=\"par_con\">\n<p>Il y a beaucoup de restaurants, des clubs et un centre de sports nautiques (planche \u00e0 voile &#8211; appel\u00e9e AWA \u2013 vous trouverez les contacts dans notre page de liens)<\/p>\n<\/div>\n<div class=\"par_con\">\n<p>Nous vous conseillons le restaurant Catena pour ses fruits de mers, mais les prix sont un peu \u00e9lev\u00e9s.<\/p>\n<\/div>\n<div class=\"par_con\">\n<p>Pour les caravanes ou mobil-homes : juste avant Playa Granada vous trouverez une aire de parking d\u00e9di\u00e9e.<\/p>\n<\/div>\n<div class=\"par_con\">\n<p>Pour acc\u00e9der \u00e0 cette plage en venant des Cortijos, quand vous arrivez \u00e0 Motril suivez \u00abPuerto\u00bb au rond point.\u00a0Tournez \u00e0 droite en arrivant \u00e0 la plage puis continuez tout droit en direction de Saloborena jusqu\u2019au panneau Playa Granada.<\/p>\n<\/div>\n","protected":false},"excerpt":{"rendered":"<p>Situ\u00e9e \u00e0 c\u00f4t\u00e9 du seul terrain de golf de la Costa Tropical, Los Moriscos, Playa de Granada est une longue plage semi-urbaine \u00e9troite.\u00a0Elle est assez calme, vous y trouverez largement de la place au parking gratuit et l\u2019acc\u00e8s est tr\u00e8s rapide \u00e0 partir de la route principale. Il y a beaucoup de restaurants, des clubs &hellip; <a href=\"https:\/\/www.cortijosreyfini.com\/fr\/things-to-do\/beaches\/granada-beach\/\" class=\"more-link\">Continue reading <span class=\"screen-reader-text\">Granada Beach<\/span><\/a><\/p>\n","protected":false},"author":1,"featured_media":0,"parent":1221,"menu_order":0,"comment_status":"closed","ping_status":"closed","template":"","meta":{"om_disable_all_campaigns":false,"_monsterinsights_skip_tracking":false,"_monsterinsights_sitenote_active":false,"_monsterinsights_sitenote_note":"","_monsterinsights_sitenote_category":0},"acf":[],"aioseo_notices":[],"_links":{"self":[{"href":"https:\/\/www.cortijosreyfini.com\/fr\/wp-json\/wp\/v2\/pages\/1329"}],"collection":[{"href":"https:\/\/www.cortijosreyfini.com\/fr\/wp-json\/wp\/v2\/pages"}],"about":[{"href":"https:\/\/www.cortijosreyfini.com\/fr\/wp-json\/wp\/v2\/types\/page"}],"author":[{"embeddable":true,"href":"https:\/\/www.cortijosreyfini.com\/fr\/wp-json\/wp\/v2\/users\/1"}],"replies":[{"embeddable":true,"href":"https:\/\/www.cortijosreyfini.com\/fr\/wp-json\/wp\/v2\/comments?post=1329"}],"version-history":[{"count":1,"href":"https:\/\/www.cortijosreyfini.com\/fr\/wp-json\/wp\/v2\/pages\/1329\/revisions"}],"predecessor-version":[{"id":1330,"href":"https:\/\/www.cortijosreyfini.com\/fr\/wp-json\/wp\/v2\/pages\/1329\/revisions\/1330"}],"up":[{"embeddable":true,"href":"https:\/\/www.cortijosreyfini.com\/fr\/wp-json\/wp\/v2\/pages\/1221"}],"wp:attachment":[{"href":"https:\/\/www.cortijosreyfini.com\/fr\/wp-json\/wp\/v2\/media?parent=1329"}],"curies":[{"name":"wp","href":"https:\/\/api.w.org\/{rel}","templated":true}]}}