{"id":1320,"date":"2016-04-25T11:03:51","date_gmt":"2016-04-25T11:03:51","guid":{"rendered":"http:\/\/wegetcreative.co.uk\/crf\/?page_id=1320&#038;lang=fr"},"modified":"2016-04-25T11:03:51","modified_gmt":"2016-04-25T11:03:51","slug":"playa-de-joya-et-playa-del-pino","status":"publish","type":"page","link":"https:\/\/www.cortijosreyfini.com\/fr\/things-to-do\/beaches\/playa-de-joya-et-playa-del-pino\/","title":{"rendered":"Playa De Joya et Playa del Pino"},"content":{"rendered":"<div class=\"par_con\">\n<div class=\"par_con\">\n<p>Qu&rsquo;il est agr\u00e9able de d\u00e9couvrir de nouveaux endroits, et la c\u00f4te est pleine de surprises ! De jolies criques (ou <em>Calas)<\/em>\u00a0peuvent appara\u00eetre au d\u00e9tour d\u2019un virage.<\/p>\n<\/div>\n<div class=\"par_con\">\n<p>Un bon acc\u00e8s : en venant de Malaga sortez de l\u2019autoroute \u00e0 Nerja ou en venant des cortijos, sortez \u00e0 La Herradura.\u00a0Vous verrez des criques ou petites plages tout au long de la route c\u00f4ti\u00e8re. Vous devrez souvent laisser votre voiture en haut et descendre \u00e0 pied, quoique certaines d\u2019entres sont accessibles en voiture.<\/p>\n<\/div>\n<\/div>\n<div class=\"par_con\">\n<p><strong>Cala del Pino<\/strong><\/p>\n<figure id=\"attachment_80\" aria-describedby=\"caption-attachment-80\" style=\"width: 437px\" class=\"wp-caption alignnone\"><img loading=\"lazy\" decoding=\"async\" class=\"size-medium wp-image-80\" src=\"http:\/\/www.cortijosreyfini.com\/wp-content\/uploads\/2016\/04\/1-Calo-de-pino-437x437.jpg\" alt=\"Calo de pino\" width=\"437\" height=\"437\" srcset=\"https:\/\/www.cortijosreyfini.com\/wp-content\/uploads\/2016\/04\/1-Calo-de-pino-437x437.jpg 437w, https:\/\/www.cortijosreyfini.com\/wp-content\/uploads\/2016\/04\/1-Calo-de-pino-150x150.jpg 150w\" sizes=\"auto, ( max-width: 768px ) 100vw, ( min-width: 768px ) and ( max-width: 992px ) 50vw, 437px\" \/><figcaption id=\"caption-attachment-80\" class=\"wp-caption-text\">Calo de pino<\/figcaption><\/figure>\n<div class=\"par_con\">\n<p>Vous verrez plusieurs de ces plages apr\u00e8s celle de Canuelo si vous venez des Cortijos.\u00a0La premi\u00e8re est Cala del Pino, mais beaucoup d&rsquo;autres suivent.<\/p>\n<\/div>\n<div class=\"par_con\">\n<p><strong>Jewel Beach:<\/strong><\/p>\n<\/div>\n<div class=\"par_con\">\n<p>La nouvelle plage nudiste pr\u00e8s de Torre Nueva. Cette plage nudiste isol\u00e9e est peu connue et est g\u00e9n\u00e9ralement tr\u00e8s calme, sans doute \u00e0 cause de l&rsquo;acc\u00e8s assez difficile par un escalier de 500 m\u00e8tres.<\/p>\n<\/div>\n<\/div>\n","protected":false},"excerpt":{"rendered":"<p>Qu&rsquo;il est agr\u00e9able de d\u00e9couvrir de nouveaux endroits, et la c\u00f4te est pleine de surprises ! De jolies criques (ou Calas)\u00a0peuvent appara\u00eetre au d\u00e9tour d\u2019un virage. Un bon acc\u00e8s : en venant de Malaga sortez de l\u2019autoroute \u00e0 Nerja ou en venant des cortijos, sortez \u00e0 La Herradura.\u00a0Vous verrez des criques ou petites plages tout &hellip; <a href=\"https:\/\/www.cortijosreyfini.com\/fr\/things-to-do\/beaches\/playa-de-joya-et-playa-del-pino\/\" class=\"more-link\">Continue reading <span class=\"screen-reader-text\">Playa De Joya et Playa del Pino<\/span><\/a><\/p>\n","protected":false},"author":1,"featured_media":0,"parent":1221,"menu_order":0,"comment_status":"closed","ping_status":"closed","template":"","meta":{"_acf_changed":false,"om_disable_all_campaigns":false,"_monsterinsights_skip_tracking":false,"_monsterinsights_sitenote_active":false,"_monsterinsights_sitenote_note":"","_monsterinsights_sitenote_category":0,"footnotes":""},"class_list":["post-1320","page","type-page","status-publish","hentry"],"acf":[],"_links":{"self":[{"href":"https:\/\/www.cortijosreyfini.com\/fr\/wp-json\/wp\/v2\/pages\/1320","targetHints":{"allow":["GET"]}}],"collection":[{"href":"https:\/\/www.cortijosreyfini.com\/fr\/wp-json\/wp\/v2\/pages"}],"about":[{"href":"https:\/\/www.cortijosreyfini.com\/fr\/wp-json\/wp\/v2\/types\/page"}],"author":[{"embeddable":true,"href":"https:\/\/www.cortijosreyfini.com\/fr\/wp-json\/wp\/v2\/users\/1"}],"replies":[{"embeddable":true,"href":"https:\/\/www.cortijosreyfini.com\/fr\/wp-json\/wp\/v2\/comments?post=1320"}],"version-history":[{"count":1,"href":"https:\/\/www.cortijosreyfini.com\/fr\/wp-json\/wp\/v2\/pages\/1320\/revisions"}],"predecessor-version":[{"id":1321,"href":"https:\/\/www.cortijosreyfini.com\/fr\/wp-json\/wp\/v2\/pages\/1320\/revisions\/1321"}],"up":[{"embeddable":true,"href":"https:\/\/www.cortijosreyfini.com\/fr\/wp-json\/wp\/v2\/pages\/1221"}],"wp:attachment":[{"href":"https:\/\/www.cortijosreyfini.com\/fr\/wp-json\/wp\/v2\/media?parent=1320"}],"curies":[{"name":"wp","href":"https:\/\/api.w.org\/{rel}","templated":true}]}}