{"id":1276,"date":"2016-04-25T10:50:22","date_gmt":"2016-04-25T10:50:22","guid":{"rendered":"http:\/\/wegetcreative.co.uk\/crf\/?page_id=1276&#038;lang=fr"},"modified":"2016-04-25T10:50:22","modified_gmt":"2016-04-25T10:50:22","slug":"marina-del-este","status":"publish","type":"page","link":"https:\/\/www.cortijosreyfini.com\/fr\/things-to-do\/beaches\/marina-del-este\/","title":{"rendered":"Marina Del Este"},"content":{"rendered":"<div class=\"par_con\">\n<figure id=\"attachment_115\" aria-describedby=\"caption-attachment-115\" style=\"width: 437px\" class=\"wp-caption alignnone\"><img loading=\"lazy\" class=\"size-medium wp-image-115\" src=\"http:\/\/www.cortijosreyfini.com\/wp-content\/uploads\/2016\/04\/2-People-enjoying-the-Marina-del-Este-beach-437x437.jpg\" alt=\"People enjoying the Marina del Este beach\" width=\"437\" height=\"437\" srcset=\"https:\/\/www.cortijosreyfini.com\/wp-content\/uploads\/2016\/04\/2-People-enjoying-the-Marina-del-Este-beach-437x437.jpg 437w, https:\/\/www.cortijosreyfini.com\/wp-content\/uploads\/2016\/04\/2-People-enjoying-the-Marina-del-Este-beach-150x150.jpg 150w\" sizes=\"( max-width: 768px ) 100vw, ( min-width: 768px ) and ( max-width: 992px ) 50vw, 437px\" \/><figcaption id=\"caption-attachment-115\" class=\"wp-caption-text\">People enjoying the Marina del Este beach<\/figcaption><\/figure>\n<div class=\"par_con\">\n<p>Situ\u00e9e le long de la c\u00f4te de La Herradura, cette petite plage attrayante propose des r\u00e9sidences plut\u00f4t haut de gammes, des bars et restaurants.<\/p>\n<\/div>\n<div class=\"par_con\">\n<p>L\u2019un des restaurants sur la plage est assez cher par rapport au service propos\u00e9.\u00a0Mais si vous vous promenez vers le port &#8211; en soi, plut\u00f4t agr\u00e9able &#8211; vous en trouverez de plus sympathiques.<\/p>\n<\/div>\n<div class=\"par_con\">\n<p>Aussi, en marchant un peu sur les rochers de la plage vers le port, vous trouverez quelques bons spots de plong\u00e9e et un bassin marin.<\/p>\n<\/div>\n<\/div>\n","protected":false},"excerpt":{"rendered":"<p>Situ\u00e9e le long de la c\u00f4te de La Herradura, cette petite plage attrayante propose des r\u00e9sidences plut\u00f4t haut de gammes, des bars et restaurants. L\u2019un des restaurants sur la plage est assez cher par rapport au service propos\u00e9.\u00a0Mais si vous vous promenez vers le port &#8211; en soi, plut\u00f4t agr\u00e9able &#8211; vous en trouverez de &hellip; <a href=\"https:\/\/www.cortijosreyfini.com\/fr\/things-to-do\/beaches\/marina-del-este\/\" class=\"more-link\">Continue reading <span class=\"screen-reader-text\">Marina Del Este<\/span><\/a><\/p>\n","protected":false},"author":1,"featured_media":0,"parent":1221,"menu_order":0,"comment_status":"closed","ping_status":"closed","template":"","meta":{"om_disable_all_campaigns":false,"_monsterinsights_skip_tracking":false,"_monsterinsights_sitenote_active":false,"_monsterinsights_sitenote_note":"","_monsterinsights_sitenote_category":0},"acf":[],"aioseo_notices":[],"_links":{"self":[{"href":"https:\/\/www.cortijosreyfini.com\/fr\/wp-json\/wp\/v2\/pages\/1276"}],"collection":[{"href":"https:\/\/www.cortijosreyfini.com\/fr\/wp-json\/wp\/v2\/pages"}],"about":[{"href":"https:\/\/www.cortijosreyfini.com\/fr\/wp-json\/wp\/v2\/types\/page"}],"author":[{"embeddable":true,"href":"https:\/\/www.cortijosreyfini.com\/fr\/wp-json\/wp\/v2\/users\/1"}],"replies":[{"embeddable":true,"href":"https:\/\/www.cortijosreyfini.com\/fr\/wp-json\/wp\/v2\/comments?post=1276"}],"version-history":[{"count":1,"href":"https:\/\/www.cortijosreyfini.com\/fr\/wp-json\/wp\/v2\/pages\/1276\/revisions"}],"predecessor-version":[{"id":1277,"href":"https:\/\/www.cortijosreyfini.com\/fr\/wp-json\/wp\/v2\/pages\/1276\/revisions\/1277"}],"up":[{"embeddable":true,"href":"https:\/\/www.cortijosreyfini.com\/fr\/wp-json\/wp\/v2\/pages\/1221"}],"wp:attachment":[{"href":"https:\/\/www.cortijosreyfini.com\/fr\/wp-json\/wp\/v2\/media?parent=1276"}],"curies":[{"name":"wp","href":"https:\/\/api.w.org\/{rel}","templated":true}]}}