{"id":1259,"date":"2016-04-25T10:41:45","date_gmt":"2016-04-25T10:41:45","guid":{"rendered":"http:\/\/wegetcreative.co.uk\/crf\/?page_id=1259&#038;lang=fr"},"modified":"2016-04-25T10:41:45","modified_gmt":"2016-04-25T10:41:45","slug":"la-herradura","status":"publish","type":"page","link":"https:\/\/www.cortijosreyfini.com\/fr\/things-to-do\/beaches\/la-herradura\/","title":{"rendered":"La Herradura"},"content":{"rendered":"<div class=\"par_con\">\n<figure id=\"attachment_94\" aria-describedby=\"caption-attachment-94\" style=\"width: 448px\" class=\"wp-caption alignnone\"><img loading=\"lazy\" class=\"wp-image-94 size-full\" src=\"http:\/\/www.cortijosreyfini.com\/wp-content\/uploads\/2016\/04\/1-Chambao-de-Joaquin-restaurant_La-Herradura.jpg\" width=\"448\" height=\"336\" \/><figcaption id=\"caption-attachment-94\" class=\"wp-caption-text\">A table on the beach at Chambao de Joaquin restaurant La Herradura<\/figcaption><\/figure>\n<div class=\"par_con\">\n<p>La plage de galets de La Herradura est \u00e0 une demi-heure de Malaga en direction de Motril.<\/p>\n<\/div>\n<div class=\"par_con\">\n<p>Au d\u00e9part des Cortijos, rejoignez l&rsquo;autoroute en direction de Malaga, sortez \u00e0 Almunecar et puis suivez les indications vers Herradura.<\/p>\n<\/div>\n<div class=\"par_con\">\n<p>Si vous venez de l&rsquo;a\u00e9roport de Malaga, suivez le panneau Herradura.\u00a0Arriv\u00e9s \u00e0 Herradura, tournez \u00e0 gauche et suivez la route jusqu&rsquo;\u00e0 ce qu&rsquo;elle commence \u00e0 monter.<\/p>\n<\/div>\n<\/div>\n<div class=\"par_con\">\n<figure id=\"attachment_102\" aria-describedby=\"caption-attachment-102\" style=\"width: 448px\" class=\"wp-caption alignnone\"><img loading=\"lazy\" class=\"wp-image-102 size-full\" src=\"http:\/\/www.cortijosreyfini.com\/wp-content\/uploads\/2016\/04\/9-La-Herradura-beach.jpg\" alt=\"La Herradura beach\" width=\"448\" height=\"336\" \/><figcaption id=\"caption-attachment-102\" class=\"wp-caption-text\">La Herradura beach<\/figcaption><\/figure>\n<p>Vous y trouverez une petite plage id\u00e9ale pour la plong\u00e9e.<\/p>\n<figure id=\"attachment_95\" aria-describedby=\"caption-attachment-95\" style=\"width: 437px\" class=\"wp-caption alignnone\"><img loading=\"lazy\" class=\"size-medium wp-image-95\" src=\"http:\/\/www.cortijosreyfini.com\/wp-content\/uploads\/2016\/04\/2-Across-the-bay-in-La-Herradura-437x437.jpg\" alt=\"Across the bay in La Herradura\" width=\"437\" height=\"437\" srcset=\"https:\/\/www.cortijosreyfini.com\/wp-content\/uploads\/2016\/04\/2-Across-the-bay-in-La-Herradura-437x437.jpg 437w, https:\/\/www.cortijosreyfini.com\/wp-content\/uploads\/2016\/04\/2-Across-the-bay-in-La-Herradura-150x150.jpg 150w\" sizes=\"( max-width: 768px ) 100vw, ( min-width: 768px ) and ( max-width: 992px ) 50vw, 437px\" \/><figcaption id=\"caption-attachment-95\" class=\"wp-caption-text\">Across the bay in La Herradura<\/figcaption><\/figure>\n<div class=\"par_con\">\n<p>Juste avant, il y a un excellent restaurant <em>El Chambao de Joaquin<\/em>\u00a0servant paella et autres fruits de mer, sardines ou calamars concoct\u00e9s sur de grands barbecues sur la plage.<\/p>\n<\/div>\n<div class=\"par_con\">\n<p>Vous trouverez une dizaine d&rsquo;autres restaurants le long de la plage, mais nous n\u2019avons jamais \u00e9t\u00e9 aussi satisfaits qu\u2019au <em>Chambao Joaquin.<\/em><\/p>\n<\/div>\n<\/div>\n<div class=\"par_con\">\n<figure id=\"attachment_100\" aria-describedby=\"caption-attachment-100\" style=\"width: 437px\" class=\"wp-caption alignnone\"><img loading=\"lazy\" class=\"size-medium wp-image-100\" src=\"http:\/\/www.cortijosreyfini.com\/wp-content\/uploads\/2016\/04\/7-Enjoying-another-meal-at-Chambao-de-Joaquin-restaurant_La-Herradura-437x437.jpg\" alt=\"Enjoying another meal at Chambao de Joaquin restaurant La Herradura\" width=\"437\" height=\"437\" srcset=\"https:\/\/www.cortijosreyfini.com\/wp-content\/uploads\/2016\/04\/7-Enjoying-another-meal-at-Chambao-de-Joaquin-restaurant_La-Herradura-437x437.jpg 437w, https:\/\/www.cortijosreyfini.com\/wp-content\/uploads\/2016\/04\/7-Enjoying-another-meal-at-Chambao-de-Joaquin-restaurant_La-Herradura-150x150.jpg 150w\" sizes=\"( max-width: 768px ) 100vw, ( min-width: 768px ) and ( max-width: 992px ) 50vw, 437px\" \/><figcaption id=\"caption-attachment-100\" class=\"wp-caption-text\">Enjoying another meal at Chambao de Joaquin restaurant La Herradura<\/figcaption><\/figure>\n<div class=\"par_con\">\n<p>De l\u2019autre c\u00f4t\u00e9 de la plage vous trouverez <em>Chambao de Vicente, <\/em>que nous ne conseillons pas vraiment.<\/p>\n<\/div>\n<div class=\"par_con\">\n<p>Mais il y a d&rsquo;autres restaurants, pizzerias ou stands de glaces tout au long de la plage.<\/p>\n<\/div>\n<\/div>\n","protected":false},"excerpt":{"rendered":"<p>La plage de galets de La Herradura est \u00e0 une demi-heure de Malaga en direction de Motril. Au d\u00e9part des Cortijos, rejoignez l&rsquo;autoroute en direction de Malaga, sortez \u00e0 Almunecar et puis suivez les indications vers Herradura. Si vous venez de l&rsquo;a\u00e9roport de Malaga, suivez le panneau Herradura.\u00a0Arriv\u00e9s \u00e0 Herradura, tournez \u00e0 gauche et suivez &hellip; <a href=\"https:\/\/www.cortijosreyfini.com\/fr\/things-to-do\/beaches\/la-herradura\/\" class=\"more-link\">Continue reading <span class=\"screen-reader-text\">La Herradura<\/span><\/a><\/p>\n","protected":false},"author":1,"featured_media":0,"parent":1221,"menu_order":0,"comment_status":"closed","ping_status":"closed","template":"","meta":{"om_disable_all_campaigns":false,"_monsterinsights_skip_tracking":false,"_monsterinsights_sitenote_active":false,"_monsterinsights_sitenote_note":"","_monsterinsights_sitenote_category":0},"acf":[],"aioseo_notices":[],"_links":{"self":[{"href":"https:\/\/www.cortijosreyfini.com\/fr\/wp-json\/wp\/v2\/pages\/1259"}],"collection":[{"href":"https:\/\/www.cortijosreyfini.com\/fr\/wp-json\/wp\/v2\/pages"}],"about":[{"href":"https:\/\/www.cortijosreyfini.com\/fr\/wp-json\/wp\/v2\/types\/page"}],"author":[{"embeddable":true,"href":"https:\/\/www.cortijosreyfini.com\/fr\/wp-json\/wp\/v2\/users\/1"}],"replies":[{"embeddable":true,"href":"https:\/\/www.cortijosreyfini.com\/fr\/wp-json\/wp\/v2\/comments?post=1259"}],"version-history":[{"count":1,"href":"https:\/\/www.cortijosreyfini.com\/fr\/wp-json\/wp\/v2\/pages\/1259\/revisions"}],"predecessor-version":[{"id":1260,"href":"https:\/\/www.cortijosreyfini.com\/fr\/wp-json\/wp\/v2\/pages\/1259\/revisions\/1260"}],"up":[{"embeddable":true,"href":"https:\/\/www.cortijosreyfini.com\/fr\/wp-json\/wp\/v2\/pages\/1221"}],"wp:attachment":[{"href":"https:\/\/www.cortijosreyfini.com\/fr\/wp-json\/wp\/v2\/media?parent=1259"}],"curies":[{"name":"wp","href":"https:\/\/api.w.org\/{rel}","templated":true}]}}