{"id":1178,"date":"2016-04-25T10:00:21","date_gmt":"2016-04-25T10:00:21","guid":{"rendered":"http:\/\/wegetcreative.co.uk\/crf\/?page_id=1178&#038;lang=fr"},"modified":"2016-04-25T10:00:21","modified_gmt":"2016-04-25T10:00:21","slug":"trevelez-et-busquistar","status":"publish","type":"page","link":"https:\/\/www.cortijosreyfini.com\/fr\/gastronomy\/local-restaurants\/trevelez-et-busquistar\/","title":{"rendered":"Trevelez et Busquistar"},"content":{"rendered":"<div class=\"par_con\">\n<p><strong>Trevelez<\/strong><\/p>\n<\/div>\n<div class=\"par_con\">\n<p>Comme Trevelez est divis\u00e9 en trois parties vous trouverez des bars et restaurants un peu diss\u00e9min\u00e9s. Si vous cherchez un endroit pour boire un verre et des tapas, nous recommandons la\u00a0<em>Taberna de Trevelez<\/em>\u00a0situ\u00e9 sur la place principale &#8211; ils ont une terrasse et offrent des tapas g\u00e9n\u00e9reux et un service amical.\u00a0Ils ont aussi un magasin \u00e0 c\u00f4t\u00e9 vendant du\u00a0<em>jamon<\/em>\u00a0et d&rsquo;autres sp\u00e9cialit\u00e9s locales.<\/p>\n<\/div>\n<div class=\"par_con\">\n<p><em>La Fragua<\/em>\u00a0dans le\u00a0<em>Barrio Medio<\/em>\u00a0de la partie m\u00e9diane de Trevelez offre de bons repas et des plats traditionnels locaux, y compris une s\u00e9lection de plats v\u00e9g\u00e9tariens.<\/p>\n<\/div>\n<div class=\"par_con\">\n<p><strong>Busquistar<\/strong><\/p>\n<\/div>\n<div class=\"par_con\">\n<p>Busquistar dispose de 3 bars et d\u2019un seul restaurant &#8211;\u00a0<em>Pacos<\/em>\u00a0&#8211; ici ils servent de tr\u00e8s bons tapas avec un verre de bi\u00e8re ou de vin mais vous pourrez aussi vous asseoir dans le restaurant pour go\u00fbter aux plats traditionnels de la r\u00e9gion, \u00e0 un prix tr\u00e8s abordable.<\/p>\n<\/div>\n<div class=\"par_con\">\n<p>\u00ab\u00a0Paco\u00a0\u00bb est sur la route principale, sur la droite en quittant Busquistar vers Trevelez.<\/p>\n<\/div>\n","protected":false},"excerpt":{"rendered":"<p>Trevelez Comme Trevelez est divis\u00e9 en trois parties vous trouverez des bars et restaurants un peu diss\u00e9min\u00e9s. Si vous cherchez un endroit pour boire un verre et des tapas, nous recommandons la\u00a0Taberna de Trevelez\u00a0situ\u00e9 sur la place principale &#8211; ils ont une terrasse et offrent des tapas g\u00e9n\u00e9reux et un service amical.\u00a0Ils ont aussi un &hellip; <a href=\"https:\/\/www.cortijosreyfini.com\/fr\/gastronomy\/local-restaurants\/trevelez-et-busquistar\/\" class=\"more-link\">Continue reading <span class=\"screen-reader-text\">Trevelez et Busquistar<\/span><\/a><\/p>\n","protected":false},"author":1,"featured_media":0,"parent":1176,"menu_order":0,"comment_status":"closed","ping_status":"closed","template":"","meta":{"om_disable_all_campaigns":false,"_monsterinsights_skip_tracking":false,"_monsterinsights_sitenote_active":false,"_monsterinsights_sitenote_note":"","_monsterinsights_sitenote_category":0},"acf":[],"aioseo_notices":[],"_links":{"self":[{"href":"https:\/\/www.cortijosreyfini.com\/fr\/wp-json\/wp\/v2\/pages\/1178"}],"collection":[{"href":"https:\/\/www.cortijosreyfini.com\/fr\/wp-json\/wp\/v2\/pages"}],"about":[{"href":"https:\/\/www.cortijosreyfini.com\/fr\/wp-json\/wp\/v2\/types\/page"}],"author":[{"embeddable":true,"href":"https:\/\/www.cortijosreyfini.com\/fr\/wp-json\/wp\/v2\/users\/1"}],"replies":[{"embeddable":true,"href":"https:\/\/www.cortijosreyfini.com\/fr\/wp-json\/wp\/v2\/comments?post=1178"}],"version-history":[{"count":1,"href":"https:\/\/www.cortijosreyfini.com\/fr\/wp-json\/wp\/v2\/pages\/1178\/revisions"}],"predecessor-version":[{"id":1179,"href":"https:\/\/www.cortijosreyfini.com\/fr\/wp-json\/wp\/v2\/pages\/1178\/revisions\/1179"}],"up":[{"embeddable":true,"href":"https:\/\/www.cortijosreyfini.com\/fr\/wp-json\/wp\/v2\/pages\/1176"}],"wp:attachment":[{"href":"https:\/\/www.cortijosreyfini.com\/fr\/wp-json\/wp\/v2\/media?parent=1178"}],"curies":[{"name":"wp","href":"https:\/\/api.w.org\/{rel}","templated":true}]}}