{"id":1168,"date":"2016-04-25T09:57:35","date_gmt":"2016-04-25T09:57:35","guid":{"rendered":"http:\/\/wegetcreative.co.uk\/crf\/?page_id=1168&#038;lang=fr"},"modified":"2016-04-25T09:57:35","modified_gmt":"2016-04-25T09:57:35","slug":"pitres-et-portugos","status":"publish","type":"page","link":"https:\/\/www.cortijosreyfini.com\/fr\/gastronomy\/local-restaurants\/pitres-et-portugos\/","title":{"rendered":"Pitres et Portugos"},"content":{"rendered":"<div class=\"par_con\">\n<p>Dans Pitres, sur la route principale qui traverse le village, vous trouverez <em>La Oveja Verde,<\/em>\u00a0sur le c\u00f4t\u00e9 gauche en venant des gites.\u00a0C\u2019est une pizzeria bien qu&rsquo;ils servent aussi d\u2019autres plats locaux.<\/p>\n<\/div>\n<div class=\"par_con\">\n<p>De l&rsquo;autre c\u00f4t\u00e9 de la route vous trouverez le caf\u00e9 <em>La Terraza<\/em>\u00a0qui fabrique leur propre chocolat, excellent et disponible \u00e0 la vente. Mais vous pouvez aussi simplement prendre un verre sur la terrasse..<\/p>\n<\/div>\n<div class=\"par_con\">\n<p>Il y a plusieurs bars situ\u00e9s autour de la place principale de Pitres qui offrent tous des tapas.<\/p>\n<\/div>\n<div class=\"par_con\">\n<p>Portugos a plusieurs bars proposant des tapas et, \u00e0 noter, les restaurants de <em>l&rsquo;H\u00f4tel Nuvevo Malagueno<\/em>\u00a0et\u00a0<em>Mirador de Portugos<\/em>\u00a0(sur la place).<\/p>\n<\/div>\n","protected":false},"excerpt":{"rendered":"<p>Dans Pitres, sur la route principale qui traverse le village, vous trouverez La Oveja Verde,\u00a0sur le c\u00f4t\u00e9 gauche en venant des gites.\u00a0C\u2019est une pizzeria bien qu&rsquo;ils servent aussi d\u2019autres plats locaux. De l&rsquo;autre c\u00f4t\u00e9 de la route vous trouverez le caf\u00e9 La Terraza\u00a0qui fabrique leur propre chocolat, excellent et disponible \u00e0 la vente. Mais vous &hellip; <a href=\"https:\/\/www.cortijosreyfini.com\/fr\/gastronomy\/local-restaurants\/pitres-et-portugos\/\" class=\"more-link\">Continue reading <span class=\"screen-reader-text\">Pitres et Portugos<\/span><\/a><\/p>\n","protected":false},"author":1,"featured_media":0,"parent":1176,"menu_order":0,"comment_status":"closed","ping_status":"closed","template":"","meta":{"om_disable_all_campaigns":false,"_monsterinsights_skip_tracking":false,"_monsterinsights_sitenote_active":false,"_monsterinsights_sitenote_note":"","_monsterinsights_sitenote_category":0},"acf":[],"aioseo_notices":[],"_links":{"self":[{"href":"https:\/\/www.cortijosreyfini.com\/fr\/wp-json\/wp\/v2\/pages\/1168"}],"collection":[{"href":"https:\/\/www.cortijosreyfini.com\/fr\/wp-json\/wp\/v2\/pages"}],"about":[{"href":"https:\/\/www.cortijosreyfini.com\/fr\/wp-json\/wp\/v2\/types\/page"}],"author":[{"embeddable":true,"href":"https:\/\/www.cortijosreyfini.com\/fr\/wp-json\/wp\/v2\/users\/1"}],"replies":[{"embeddable":true,"href":"https:\/\/www.cortijosreyfini.com\/fr\/wp-json\/wp\/v2\/comments?post=1168"}],"version-history":[{"count":1,"href":"https:\/\/www.cortijosreyfini.com\/fr\/wp-json\/wp\/v2\/pages\/1168\/revisions"}],"predecessor-version":[{"id":1169,"href":"https:\/\/www.cortijosreyfini.com\/fr\/wp-json\/wp\/v2\/pages\/1168\/revisions\/1169"}],"up":[{"embeddable":true,"href":"https:\/\/www.cortijosreyfini.com\/fr\/wp-json\/wp\/v2\/pages\/1176"}],"wp:attachment":[{"href":"https:\/\/www.cortijosreyfini.com\/fr\/wp-json\/wp\/v2\/media?parent=1168"}],"curies":[{"name":"wp","href":"https:\/\/api.w.org\/{rel}","templated":true}]}}