{"id":1126,"date":"2016-04-25T09:34:57","date_gmt":"2016-04-25T09:34:57","guid":{"rendered":"http:\/\/wegetcreative.co.uk\/crf\/?page_id=1126&#038;lang=fr"},"modified":"2016-04-25T09:34:57","modified_gmt":"2016-04-25T09:34:57","slug":"marches-autour-de-taha-de-pitres","status":"publish","type":"page","link":"https:\/\/www.cortijosreyfini.com\/fr\/things-to-do\/activities\/walks-and-hikes\/marches-autour-de-taha-de-pitres\/","title":{"rendered":"Marches autour de Taha de Pitres"},"content":{"rendered":"<div class=\"par_con\">\n<figure id=\"attachment_502\" aria-describedby=\"caption-attachment-502\" style=\"width: 437px\" class=\"wp-caption alignnone\"><img loading=\"lazy\" class=\"size-medium wp-image-502\" src=\"http:\/\/www.cortijosreyfini.com\/wp-content\/uploads\/2016\/04\/8-The-walk-is-well-signposted-1-437x437.jpg\" alt=\"The walk is well signposted\" width=\"437\" height=\"437\" srcset=\"https:\/\/www.cortijosreyfini.com\/wp-content\/uploads\/2016\/04\/8-The-walk-is-well-signposted-1-437x437.jpg 437w, https:\/\/www.cortijosreyfini.com\/wp-content\/uploads\/2016\/04\/8-The-walk-is-well-signposted-1-150x150.jpg 150w\" sizes=\"( max-width: 768px ) 100vw, ( min-width: 768px ) and ( max-width: 992px ) 50vw, 437px\" \/><figcaption id=\"caption-attachment-502\" class=\"wp-caption-text\">The walk is well signposted<\/figcaption><\/figure>\n<\/div>\n<div class=\"par_con\">\n<div class=\"par_con\">\n<p>Les 5 marches suivantes se font autour d&rsquo;un ensemble de villages : Taha de Pitres.<\/p>\n<\/div>\n<div class=\"par_con\">\n<p>Ils sont tous moins \u00e9lev\u00e9s que Pitres, la chaleur y est donc plus importante.\u00a0Ce sont de petits hameaux et villages traditionnels blancs, tr\u00e8s pittoresques.\u00a0Ces balades sont assez faciles, bien que certains passages peuvent \u00eatre un peu raides. La meilleure fa\u00e7on de les atteindre en voiture est de prendre \u00e0 gauche en sortant de Pitres vers Orgiva sur une route en zigzag qui est clairement indiqu\u00e9e \u201cMecina Fondales\u201d.<\/p>\n<\/div>\n<div class=\"par_con\">\n<p>&nbsp;<\/p>\n<\/div>\n<div class=\"par_con\">\n<p><strong>1- Mecinilla-Ferreirola-Fondales-Mecinilla (environ 1 heure)<\/strong><\/p>\n<\/div>\n<\/div>\n<div class=\"par_con\">\n<figure id=\"attachment_503\" aria-describedby=\"caption-attachment-503\" style=\"width: 437px\" class=\"wp-caption alignnone\"><img loading=\"lazy\" class=\"size-medium wp-image-503\" src=\"http:\/\/www.cortijosreyfini.com\/wp-content\/uploads\/2016\/04\/16-Signpost-to-Ferreirola-with-approximate-walking-time-1-437x437.jpg\" alt=\"Signpost to Ferreirola with approximate walking time\" width=\"437\" height=\"437\" srcset=\"https:\/\/www.cortijosreyfini.com\/wp-content\/uploads\/2016\/04\/16-Signpost-to-Ferreirola-with-approximate-walking-time-1-437x437.jpg 437w, https:\/\/www.cortijosreyfini.com\/wp-content\/uploads\/2016\/04\/16-Signpost-to-Ferreirola-with-approximate-walking-time-1-150x150.jpg 150w\" sizes=\"( max-width: 768px ) 100vw, ( min-width: 768px ) and ( max-width: 992px ) 50vw, 437px\" \/><figcaption id=\"caption-attachment-503\" class=\"wp-caption-text\">Signpost to Ferreirola with approximate walking time<\/figcaption><\/figure>\n<div class=\"par_con\">\n<p>De Mecinilla, prenez le chemin en direction de Mecina et Fondales.<\/p>\n<\/div>\n<div class=\"par_con\">\n<p>Traversez \u00a0le village sur votre gauche jusqu&rsquo;au panneau Ferreirola et suivez ce chemin.<\/p>\n<\/div>\n<div class=\"par_con\">\n<p>Lorsque vous entrez dans le village, prenez \u00e0 droite puis \u00e0 gauche pour arriver sur la place principale et au lavoir.(Ferreirola a sa source naturelle d&rsquo;eau gazeuse au gout piquant du fait de sa forte teneur en fer).<\/p>\n<\/div>\n<div class=\"par_con\">\n<p>Prenez \u00e0 gauche apr\u00e8s l&rsquo;\u00e9glise pour sortir du village.\u00a0Continuez \u00e0 travers Mecina, tournez \u00e0 gauche devant l&rsquo;\u00e9glise, ce qui vous ram\u00e8nera \u00e0 votre point de d\u00e9part.<\/p>\n<\/div>\n<div class=\"par_con\">\n<p>&nbsp;<\/p>\n<\/div>\n<div class=\"par_con\">\n<p><strong>2- Mecinilla-Mecina-Pitres. (Environ 1 heure)<\/strong><\/p>\n<\/div>\n<\/div>\n<div class=\"par_con\">\n<figure id=\"attachment_501\" aria-describedby=\"caption-attachment-501\" style=\"width: 437px\" class=\"wp-caption alignnone\"><img loading=\"lazy\" class=\"size-medium wp-image-501\" src=\"http:\/\/www.cortijosreyfini.com\/wp-content\/uploads\/2016\/04\/7-Signs-to-the-Roman-bridge-and-Medieval-walking-route-1-437x437.jpg\" alt=\"Signs to the Roman bridge and Medieval walking route\" width=\"437\" height=\"437\" srcset=\"https:\/\/www.cortijosreyfini.com\/wp-content\/uploads\/2016\/04\/7-Signs-to-the-Roman-bridge-and-Medieval-walking-route-1-437x437.jpg 437w, https:\/\/www.cortijosreyfini.com\/wp-content\/uploads\/2016\/04\/7-Signs-to-the-Roman-bridge-and-Medieval-walking-route-1-150x150.jpg 150w\" sizes=\"( max-width: 768px ) 100vw, ( min-width: 768px ) and ( max-width: 992px ) 50vw, 437px\" \/><figcaption id=\"caption-attachment-501\" class=\"wp-caption-text\">Signs to the Roman bridge and Medieval walking route<\/figcaption><\/figure>\n<div class=\"par_con\">\n<p>Partez du bar El Aljibe dans Mecinilla, traversez le villlage vers Mecina puis prenez \u00e0 droite vers Ferreirola.<\/p>\n<\/div>\n<div class=\"par_con\">\n<p>Continuez apr\u00e8s le cimeti\u00e8re et tournez \u00e0 gauche au terrain de football.\u00a0Restez sur cette route pendant environ 2 km jusqu&rsquo;\u00e0 la fourche.<\/p>\n<\/div>\n<div class=\"par_con\">\n<p>Prenez \u00e0 \u00a0gauche et montez environ 500 m, jusqu&rsquo;\u00e0 ce qu&rsquo;\u00e0 un chemin sur la droite et un panneau jaune et blanc.\u00a0Descendez ce chemin; il croise une rivi\u00e8re et remonte de l\u2019autre c\u00f4t\u00e9. Vous suivrez un canal d&rsquo;irrigation pendant environ 60 m, puis un prenez \u00e0 gauche apr\u00e8s un\u00a0<em>refuge<\/em>\u00a0pour rejoindre la route remontant sur Pitres.\u00a0(GR421)<\/p>\n<\/div>\n<div class=\"par_con\">\n<p>&nbsp;<\/p>\n<\/div>\n<div class=\"par_con\">\n<p><strong>3- Mecinilla-Fondales-Ferreirola-Busquistar (environ 1-1,5 heures)<\/strong><\/p>\n<\/div>\n<\/div>\n<div class=\"par_con\">\n<figure id=\"attachment_504\" aria-describedby=\"caption-attachment-504\" style=\"width: 437px\" class=\"wp-caption alignnone\"><img loading=\"lazy\" class=\"size-medium wp-image-504\" src=\"http:\/\/www.cortijosreyfini.com\/wp-content\/uploads\/2016\/04\/24-The-beautifully-restored-Era-Del-Trance-437x437.jpg\" alt=\"The beautifully restored Era Del Trance\" width=\"437\" height=\"437\" srcset=\"https:\/\/www.cortijosreyfini.com\/wp-content\/uploads\/2016\/04\/24-The-beautifully-restored-Era-Del-Trance-437x437.jpg 437w, https:\/\/www.cortijosreyfini.com\/wp-content\/uploads\/2016\/04\/24-The-beautifully-restored-Era-Del-Trance-150x150.jpg 150w\" sizes=\"( max-width: 768px ) 100vw, ( min-width: 768px ) and ( max-width: 992px ) 50vw, 437px\" \/><figcaption id=\"caption-attachment-504\" class=\"wp-caption-text\">The beautifully restored Era Del Trance<\/figcaption><\/figure>\n<div class=\"par_con\">\n<p>Prenez la direction de Fondales en sortant de Mecinilla. Cela rejoindra la route de Mecina Findales o\u00f9 vous tournerez \u00e0 droite puis \u00e0 gauche pour continuer sur Fondales.<\/p>\n<\/div>\n<div class=\"par_con\">\n<p>Traversez le village en restant \u00e0 gauche jusqu&rsquo;au panneau Ferreirola, que vous suivrez.<\/p>\n<\/div>\n<div class=\"par_con\">\n<p>En entrant dans Ferreirola prenez \u00e0 droite, puis \u00e0 gauche et continuez \u00e0 travers le village jusqu\u2019\u00e0 la place, le lavoir et la fontaine.<\/p>\n<\/div>\n<div class=\"par_con\">\n<p>Tournez \u00e0 droite et continuez vers la sortie du village jusqu&rsquo;au panneau Busquistar.\u00a0Suivez cette direction, le chemin commencera \u00e0 grimper.<\/p>\n<\/div>\n<div class=\"par_con\">\n<p>Continuez \u00e0 monter et ne suivez pas le chemin vers la rivi\u00e8re.\u00a0Le chemin tourne \u00e0 gauche et vous verrez Busquistar au loin.<\/p>\n<\/div>\n<div class=\"par_con\">\n<p>Continuez jusqu&rsquo;\u00e0 la place principale o\u00f9 il vous trouverez un bar avec de bons tapas.<\/p>\n<\/div>\n<div class=\"par_con\">\n<p>&nbsp;<\/p>\n<\/div>\n<div class=\"par_con\">\n<p><strong>4- Autour de Mecinilla (environ 5 heures)<\/strong><\/p>\n<\/div>\n<div class=\"par_con\">\n<p>De Mecinilla, prenez le chemin de Fondales jusqu&rsquo;\u00e0 traverser la route Mecina &#8211; Fondales et prenez \u00e0 droite puis \u00e0 gauche.<\/p>\n<\/div>\n<div class=\"par_con\">\n<p>Continuez tout droit pendant 150m \u00a0jusqu&rsquo;au village.\u00a0Traversez-le jusqu&rsquo;au panneau indiquant la rivi\u00e8re que vous suivrez dans les sous-bois jusqu\u2019\u00e0 la passerelle sur la gorge.<\/p>\n<\/div>\n<div class=\"par_con\">\n<p>Traversez-la et suivez le chemin \u00e0 droite montant vers la montangne.\u00a0Vous passerez devant une ancienne bergerie.<\/p>\n<\/div>\n<div class=\"par_con\">\n<p>Arriv\u00e9s au carrefour en T, prenez \u00e0 gauche et continuez sur environ 6 km.\u00a0\u00c0 la fin de ce tron\u00e7on, vous trouverez une ferme et le chemin s&rsquo;oriente vers la gauche \u00e0 travers une prairie avant de zigzaguer.<\/p>\n<\/div>\n<div class=\"par_con\">\n<p>De l\u00e0, le chemin devient raide, avec des roches instables et des virages serr\u00e9s.\u00a0Continuez vers le bas et traversez la rivi\u00e8re.\u00a0(c\u2019est un endroit agr\u00e9able pour s\u2019y reposer !)<\/p>\n<\/div>\n<div class=\"par_con\">\n<p>Prenez le chemin \u00e0 gauche qui rejoindra celui de Ferreirola-Busquistar.\u00a0Suivez jusqu&rsquo;\u00e0 ce que vous atteignez Ferreirola, o\u00f9 vous pourrez revenir \u00e0 Mecinilla ou Fondales.<\/p>\n<\/div>\n<div class=\"par_con\">\n<p>&nbsp;<\/p>\n<\/div>\n<div class=\"par_con\">\n<p><strong>5- Mecina Fondales-Pitres-Portugos-Busquistar (environ 4 heures)<\/strong><\/p>\n<\/div>\n<div class=\"par_con\">\n<p>A partir du bar El Aljibe, prenez la route sortant de Mecina, \u00e0 gauche sur le versant de la montagne.<\/p>\n<\/div>\n<div class=\"par_con\">\n<p>2 options:<\/p>\n<\/div>\n<div class=\"par_con\">\n<p>&#8211; suivre la route jusqu&rsquo;\u00e0 ce qu&rsquo;elle rencontre la route principale (GR421) (environ 3 km), o\u00f9 vous tournez \u00e0 droite vers Pitres<\/p>\n<\/div>\n<div class=\"par_con\">\n<p>&#8211; prendre le sentier difficilement praticable sur 400m, balis\u00e9 de carr\u00e9s rouges, et tourner \u00e0 droite en haut vers Pitres.\u00a0De Pitres vous pouvez suivre la route vers Portugos et Busquistar.<\/p>\n<\/div>\n<div class=\"par_con\">\n<p>Environ 1 km avant d&rsquo;arriver \u00e0 Busquistar il y a un chemin de terre sur votre droite, balis\u00e9 en jaune et blanc, que vous prendrez en descendant \u00e0 flanc de montagne pendant 1000m.<\/p>\n<\/div>\n<div class=\"par_con\">\n<p>Quand vous traverserez le chemin Busquistar-Ferreirola, prenez \u00e0 droite et continuez 3 km en descendant \u00e0 travers bois jusqu\u2019\u00e0 Ferreirola.<\/p>\n<\/div>\n<\/div>\n","protected":false},"excerpt":{"rendered":"<p>Les 5 marches suivantes se font autour d&rsquo;un ensemble de villages : Taha de Pitres. Ils sont tous moins \u00e9lev\u00e9s que Pitres, la chaleur y est donc plus importante.\u00a0Ce sont de petits hameaux et villages traditionnels blancs, tr\u00e8s pittoresques.\u00a0Ces balades sont assez faciles, bien que certains passages peuvent \u00eatre un peu raides. La meilleure fa\u00e7on &hellip; <a href=\"https:\/\/www.cortijosreyfini.com\/fr\/things-to-do\/activities\/walks-and-hikes\/marches-autour-de-taha-de-pitres\/\" class=\"more-link\">Continue reading <span class=\"screen-reader-text\">Marches autour de Taha de Pitres<\/span><\/a><\/p>\n","protected":false},"author":1,"featured_media":0,"parent":1008,"menu_order":0,"comment_status":"closed","ping_status":"closed","template":"","meta":{"om_disable_all_campaigns":false,"_monsterinsights_skip_tracking":false,"_monsterinsights_sitenote_active":false,"_monsterinsights_sitenote_note":"","_monsterinsights_sitenote_category":0},"acf":[],"aioseo_notices":[],"_links":{"self":[{"href":"https:\/\/www.cortijosreyfini.com\/fr\/wp-json\/wp\/v2\/pages\/1126"}],"collection":[{"href":"https:\/\/www.cortijosreyfini.com\/fr\/wp-json\/wp\/v2\/pages"}],"about":[{"href":"https:\/\/www.cortijosreyfini.com\/fr\/wp-json\/wp\/v2\/types\/page"}],"author":[{"embeddable":true,"href":"https:\/\/www.cortijosreyfini.com\/fr\/wp-json\/wp\/v2\/users\/1"}],"replies":[{"embeddable":true,"href":"https:\/\/www.cortijosreyfini.com\/fr\/wp-json\/wp\/v2\/comments?post=1126"}],"version-history":[{"count":2,"href":"https:\/\/www.cortijosreyfini.com\/fr\/wp-json\/wp\/v2\/pages\/1126\/revisions"}],"predecessor-version":[{"id":1128,"href":"https:\/\/www.cortijosreyfini.com\/fr\/wp-json\/wp\/v2\/pages\/1126\/revisions\/1128"}],"up":[{"embeddable":true,"href":"https:\/\/www.cortijosreyfini.com\/fr\/wp-json\/wp\/v2\/pages\/1008"}],"wp:attachment":[{"href":"https:\/\/www.cortijosreyfini.com\/fr\/wp-json\/wp\/v2\/media?parent=1126"}],"curies":[{"name":"wp","href":"https:\/\/api.w.org\/{rel}","templated":true}]}}