{"id":1100,"date":"2016-04-25T09:17:02","date_gmt":"2016-04-25T09:17:02","guid":{"rendered":"http:\/\/wegetcreative.co.uk\/crf\/?page_id=1100&#038;lang=fr"},"modified":"2016-04-25T09:17:02","modified_gmt":"2016-04-25T09:17:02","slug":"mecina-fondales-et-randonn","status":"publish","type":"page","link":"https:\/\/www.cortijosreyfini.com\/fr\/things-to-do\/activities\/walks-and-hikes\/mecina-fondales-et-randonn\/","title":{"rendered":"Mecina Fondales et randonn"},"content":{"rendered":"<div class=\"par_con\">\n<div class=\"par_con\">\n<p><strong>De Mecina \u00e0 Fondales par les \u00ab\u00a0Caminos Rurales en la Taha\u00a0\u00bb<\/strong><\/p>\n<\/div>\n<div class=\"par_con\">\n<p>Il y a plusieurs choix de randonn\u00e9es \u00e0 partir de Mecina et des villages voisins.<\/p>\n<\/div>\n<\/div>\n<div class=\"par_con\">\n<figure id=\"attachment_472\" aria-describedby=\"caption-attachment-472\" style=\"width: 437px\" class=\"wp-caption alignnone\"><img loading=\"lazy\" class=\"size-medium wp-image-472\" src=\"http:\/\/www.cortijosreyfini.com\/wp-content\/uploads\/2016\/04\/3-Ruined-mill-beside-the-river-437x437.jpg\" alt=\"Ruined mill beside the river\" width=\"437\" height=\"437\" srcset=\"https:\/\/www.cortijosreyfini.com\/wp-content\/uploads\/2016\/04\/3-Ruined-mill-beside-the-river-437x437.jpg 437w, https:\/\/www.cortijosreyfini.com\/wp-content\/uploads\/2016\/04\/3-Ruined-mill-beside-the-river-150x150.jpg 150w\" sizes=\"( max-width: 768px ) 100vw, ( min-width: 768px ) and ( max-width: 992px ) 50vw, 437px\" \/><figcaption id=\"caption-attachment-472\" class=\"wp-caption-text\">Ruined mill beside the river<\/figcaption><\/figure>\n<div class=\"par_con\">\n<p>De Mecina \u00e0 Fondales :<\/p>\n<\/div>\n<div class=\"par_con\">\n<p>Vous pourriez rouler jusqu\u2019\u00e0 Fondales et laisser votre voiture sur un parking, mais il n\u2019y a souvent pas de place. Il vaut mieux laisser votre voiture au parking \u00e0 Mecina, derri\u00e8re l&rsquo;h\u00f4tel principal sur la gauche, et descendre \u00e0 pied vers Fondales.<\/p>\n<\/div>\n<figure id=\"attachment_470\" aria-describedby=\"caption-attachment-470\" style=\"width: 437px\" class=\"wp-caption alignnone\"><img loading=\"lazy\" class=\"size-medium wp-image-470\" src=\"http:\/\/www.cortijosreyfini.com\/wp-content\/uploads\/2016\/04\/1-Beautiful-canyon-with-iron-rich-water-437x437.jpg\" alt=\"Beautiful canyon with iron rich water\" width=\"437\" height=\"437\" srcset=\"https:\/\/www.cortijosreyfini.com\/wp-content\/uploads\/2016\/04\/1-Beautiful-canyon-with-iron-rich-water-437x437.jpg 437w, https:\/\/www.cortijosreyfini.com\/wp-content\/uploads\/2016\/04\/1-Beautiful-canyon-with-iron-rich-water-150x150.jpg 150w\" sizes=\"( max-width: 768px ) 100vw, ( min-width: 768px ) and ( max-width: 992px ) 50vw, 437px\" \/><figcaption id=\"caption-attachment-470\" class=\"wp-caption-text\">Beautiful canyon with iron rich water<\/figcaption><\/figure>\n<p>Quel que soit votre choix, il vous faudra descendre jusqu&rsquo;\u00e0 Fondales et rejoindre la rivi\u00e8re jusqu&rsquo;au magnifique pont romain et le moulin en ruine. A noter : \u00e0 c\u00f4t\u00e9 de la plus grande partie du pont romain il y a encore des ruines de vieux moulins \u00e0 eau.<\/p>\n<figure id=\"attachment_490\" aria-describedby=\"caption-attachment-490\" style=\"width: 437px\" class=\"wp-caption alignnone\"><img loading=\"lazy\" class=\"size-medium wp-image-490\" src=\"http:\/\/www.cortijosreyfini.com\/wp-content\/uploads\/2016\/04\/22-Typical-narrow-alleyway-in-Fondales-437x437.jpg\" alt=\"Typical narrow alleyway in Fondales\" width=\"437\" height=\"437\" srcset=\"https:\/\/www.cortijosreyfini.com\/wp-content\/uploads\/2016\/04\/22-Typical-narrow-alleyway-in-Fondales-437x437.jpg 437w, https:\/\/www.cortijosreyfini.com\/wp-content\/uploads\/2016\/04\/22-Typical-narrow-alleyway-in-Fondales-150x150.jpg 150w\" sizes=\"( max-width: 768px ) 100vw, ( min-width: 768px ) and ( max-width: 992px ) 50vw, 437px\" \/><figcaption id=\"caption-attachment-490\" class=\"wp-caption-text\">Typical narrow alleyway in Fondales<\/figcaption><\/figure>\n<p>Il y a un magnifique canyon, id\u00e9al pour la baignade dans plusieurs bassins. Mais attention, l&rsquo;eau est ferrugineuse, les roches glissantes et le courant assez fort&#8230; mais c\u2019est superbe.<\/p>\n<figure id=\"attachment_481\" aria-describedby=\"caption-attachment-481\" style=\"width: 437px\" class=\"wp-caption alignnone\"><img loading=\"lazy\" class=\"size-medium wp-image-481\" src=\"http:\/\/www.cortijosreyfini.com\/wp-content\/uploads\/2016\/04\/12-Cocert-balcony-in-fondales-437x437.jpg\" alt=\"Cocert balcony in fondales\" width=\"437\" height=\"437\" srcset=\"https:\/\/www.cortijosreyfini.com\/wp-content\/uploads\/2016\/04\/12-Cocert-balcony-in-fondales-437x437.jpg 437w, https:\/\/www.cortijosreyfini.com\/wp-content\/uploads\/2016\/04\/12-Cocert-balcony-in-fondales-150x150.jpg 150w\" sizes=\"( max-width: 768px ) 100vw, ( min-width: 768px ) and ( max-width: 992px ) 50vw, 437px\" \/><figcaption id=\"caption-attachment-481\" class=\"wp-caption-text\">Cocert balcony in fondales<\/figcaption><\/figure>\n<div class=\"par_con\">\n<p>Vous pouvez revenir \u00e0 votre voiture ou continuer la route \u00e0 travers le pont vers Orgiva (plus de 2 heures de marche) ou Busquistar (2 heures sur la voie de gauche apr\u00e8s avoir travers\u00e9 le pont).<\/p>\n<\/div>\n<div class=\"par_con\">\n<p>Sur place, le bar juste avant le parking propose de bons tapas. Pour un bon d\u00e9jeuner : la\u00a0<em>Pizzeria Cueva de la mora luna<\/em> et, derri\u00e8re la pizzeria, le restaurant v\u00e9g\u00e9tarien fran\u00e7ais\u00a0<em>L&rsquo;Atelier<\/em>.<\/p>\n<\/div>\n<div class=\"par_con\">\n<p>Apr\u00e8s le d\u00e9jeuner, vous pouvez continuer \u00e0 pied de Fondales \u00e0 Ferreirola sur le GK142, parcours balis\u00e9 qui vous ram\u00e8nera \u00e0 Mecina par une boucle. (environ deux heures).<\/p>\n<\/div>\n<\/div>\n<div class=\"par_con\"><\/div>\n<div class=\"par_con\"><\/div>\n","protected":false},"excerpt":{"rendered":"<p>De Mecina \u00e0 Fondales par les \u00ab\u00a0Caminos Rurales en la Taha\u00a0\u00bb Il y a plusieurs choix de randonn\u00e9es \u00e0 partir de Mecina et des villages voisins. De Mecina \u00e0 Fondales : Vous pourriez rouler jusqu\u2019\u00e0 Fondales et laisser votre voiture sur un parking, mais il n\u2019y a souvent pas de place. Il vaut mieux laisser &hellip; <a href=\"https:\/\/www.cortijosreyfini.com\/fr\/things-to-do\/activities\/walks-and-hikes\/mecina-fondales-et-randonn\/\" class=\"more-link\">Continue reading <span class=\"screen-reader-text\">Mecina Fondales et randonn<\/span><\/a><\/p>\n","protected":false},"author":1,"featured_media":0,"parent":1008,"menu_order":0,"comment_status":"closed","ping_status":"closed","template":"page-templates\/no-featured.php","meta":{"om_disable_all_campaigns":false,"_monsterinsights_skip_tracking":false,"_monsterinsights_sitenote_active":false,"_monsterinsights_sitenote_note":"","_monsterinsights_sitenote_category":0},"acf":[],"aioseo_notices":[],"_links":{"self":[{"href":"https:\/\/www.cortijosreyfini.com\/fr\/wp-json\/wp\/v2\/pages\/1100"}],"collection":[{"href":"https:\/\/www.cortijosreyfini.com\/fr\/wp-json\/wp\/v2\/pages"}],"about":[{"href":"https:\/\/www.cortijosreyfini.com\/fr\/wp-json\/wp\/v2\/types\/page"}],"author":[{"embeddable":true,"href":"https:\/\/www.cortijosreyfini.com\/fr\/wp-json\/wp\/v2\/users\/1"}],"replies":[{"embeddable":true,"href":"https:\/\/www.cortijosreyfini.com\/fr\/wp-json\/wp\/v2\/comments?post=1100"}],"version-history":[{"count":1,"href":"https:\/\/www.cortijosreyfini.com\/fr\/wp-json\/wp\/v2\/pages\/1100\/revisions"}],"predecessor-version":[{"id":1101,"href":"https:\/\/www.cortijosreyfini.com\/fr\/wp-json\/wp\/v2\/pages\/1100\/revisions\/1101"}],"up":[{"embeddable":true,"href":"https:\/\/www.cortijosreyfini.com\/fr\/wp-json\/wp\/v2\/pages\/1008"}],"wp:attachment":[{"href":"https:\/\/www.cortijosreyfini.com\/fr\/wp-json\/wp\/v2\/media?parent=1100"}],"curies":[{"name":"wp","href":"https:\/\/api.w.org\/{rel}","templated":true}]}}