{"id":1056,"date":"2016-04-22T15:21:06","date_gmt":"2016-04-22T15:21:06","guid":{"rendered":"http:\/\/wegetcreative.co.uk\/crf\/?page_id=1056&#038;lang=fr"},"modified":"2016-04-22T15:21:06","modified_gmt":"2016-04-22T15:21:06","slug":"le-camino-molino-a-trevelez-et-le-pic-de-penabon","status":"publish","type":"page","link":"https:\/\/www.cortijosreyfini.com\/fr\/things-to-do\/activities\/walks-and-hikes\/le-camino-molino-a-trevelez-et-le-pic-de-penabon\/","title":{"rendered":"Le Camino Molino (\u00e0 Trevelez) et le pic de Penabon"},"content":{"rendered":"<div class=\"par_con\">\n<figure id=\"attachment_447\" aria-describedby=\"caption-attachment-447\" style=\"width: 437px\" class=\"wp-caption alignnone\"><img loading=\"lazy\" class=\"size-medium wp-image-447\" src=\"http:\/\/www.cortijosreyfini.com\/wp-content\/uploads\/2016\/04\/9-Camino-Molino-Trevelez-437x437.jpg\" alt=\"Camino Molino Trevelez\" width=\"437\" height=\"437\" srcset=\"https:\/\/www.cortijosreyfini.com\/wp-content\/uploads\/2016\/04\/9-Camino-Molino-Trevelez-437x437.jpg 437w, https:\/\/www.cortijosreyfini.com\/wp-content\/uploads\/2016\/04\/9-Camino-Molino-Trevelez-150x150.jpg 150w\" sizes=\"( max-width: 768px ) 100vw, ( min-width: 768px ) and ( max-width: 992px ) 50vw, 437px\" \/><figcaption id=\"caption-attachment-447\" class=\"wp-caption-text\">Camino Molino Trevelez<\/figcaption><\/figure>\n<div class=\"par_con\">\n<p>Pour ces deux balades ou randonn\u00e9es, rendez vous \u00e0 Trevelez et garez votre voiture dans la partie centrale du village<em>.<\/em>\u00a0Vous passerez devant un atelier \/ magasin sur votre gauche et l&rsquo;\u00e9glise sur votre droite, puis vous verrez une pancarte indiquant \u00a0le chemin du moulin (Camino Molino) sur votre gauche.\u00a0Suivez-le jusqu\u2019\u00e0 la rivi\u00e8re.\u00a0Cette partie de la marche est plate et tr\u00e8s jolie.\u00a0Continuez \u00a0jusqu&rsquo;\u00e0 ce que vous atteignez le pont.<\/p>\n<\/div>\n<div class=\"par_con\">\n<p>&#8211; Penabon<\/p>\n<\/div>\n<\/div>\n<div class=\"par_con\">\n<figure id=\"attachment_444\" aria-describedby=\"caption-attachment-444\" style=\"width: 437px\" class=\"wp-caption alignnone\"><img loading=\"lazy\" class=\"size-medium wp-image-444\" src=\"http:\/\/www.cortijosreyfini.com\/wp-content\/uploads\/2016\/04\/6-Penabon-at-the-start-of-the-walk-437x437.jpg\" alt=\"Penabon at the start of the walk\" width=\"437\" height=\"437\" srcset=\"https:\/\/www.cortijosreyfini.com\/wp-content\/uploads\/2016\/04\/6-Penabon-at-the-start-of-the-walk-437x437.jpg 437w, https:\/\/www.cortijosreyfini.com\/wp-content\/uploads\/2016\/04\/6-Penabon-at-the-start-of-the-walk-150x150.jpg 150w\" sizes=\"( max-width: 768px ) 100vw, ( min-width: 768px ) and ( max-width: 992px ) 50vw, 437px\" \/><figcaption id=\"caption-attachment-444\" class=\"wp-caption-text\">Penabon at the start of the walk<\/figcaption><\/figure>\n<div class=\"par_con\">\n<p>Apr\u00e8s avoir pass\u00e9 le pont, vous verrez un grand b\u00e2timent sur votre gauche (\u00e9curies).\u00a0Peu apr\u00e8s, vous trouverez deux chemins, l&rsquo;un \u00e0 gauche qui longe la rivi\u00e8re et l&rsquo;autre aboutissant \u00e0 une ferme cl\u00f4tur\u00e9e.\u00a0Les deux trajets sont indiqu\u00e9s Camino Penabon, environ 1 heure 40 minutes.\u00a0Ces indications ne sont pas fiables et, bien s\u00fbr le temps de trajet d\u00e9pendra aussi de votre vitesse de marche.\u00a0Si vous \u00eates en forme et avez \u00a0plusieurs heures devant vous, il est possible de faire une boucle en prenant l\u2019un \u00e0 l\u2019aller et l\u2019autre au retour.<\/p>\n<\/div>\n<div class=\"par_con\">\n<p>Sinon, suivez le panneau \u00e0 gauche, vous longerez la rivi\u00e8re aussi loin que vous le souhaitez, en passant plusieurs fermes et plusieurs sources.Toutefois, si vous choisissez de faire la boucle, marchez pendant environ 40 minutes jusqu&rsquo;\u00e0 un panneau ray\u00e9 vert et blanc indiquant Penabon.\u00a0Attention, le balisage n\u2019est pas tr\u00e8s fiable. Les signes blancs et verts en forme de croix signifient que ce n\u2019est pas la bonne direction, fiez-vous donc aux signes ray\u00e9s.\u00a0 Ce chemin devient \u00a0plus difficile pendant environ une demi-heure, puis vous am\u00e8nera au pic au-dessus de Trevelez : le Penabon.<\/p>\n<\/div>\n<\/div>\n<div class=\"par_con\">\n<figure id=\"attachment_446\" aria-describedby=\"caption-attachment-446\" style=\"width: 437px\" class=\"wp-caption alignnone\"><img loading=\"lazy\" class=\"size-medium wp-image-446\" src=\"http:\/\/www.cortijosreyfini.com\/wp-content\/uploads\/2016\/04\/8-View-of-Trevelez-437x437.jpg\" alt=\"View of Trevelez\" width=\"437\" height=\"437\" srcset=\"https:\/\/www.cortijosreyfini.com\/wp-content\/uploads\/2016\/04\/8-View-of-Trevelez-437x437.jpg 437w, https:\/\/www.cortijosreyfini.com\/wp-content\/uploads\/2016\/04\/8-View-of-Trevelez-150x150.jpg 150w\" sizes=\"( max-width: 768px ) 100vw, ( min-width: 768px ) and ( max-width: 992px ) 50vw, 437px\" \/><figcaption id=\"caption-attachment-446\" class=\"wp-caption-text\">View of Trevelez<\/figcaption><\/figure>\n<p>Arriv\u00e9s au pic, continuez jusqu&rsquo;au chemin en contrebas, mal indiqu\u00e9, qui vous ram\u00e8nera par la for\u00eat au pont du d\u00e9part.\u00a0Pour effectuer la boucle, nous vous sugg\u00e9rons, apr\u00e8s le point de d\u00e9part, de continuer tout droit pendant environ 100 m\u00e8tres puis de tourner \u00e0 droite en traversant la rivi\u00e8re. Montez pendant une demi heure jusqu&rsquo;\u00e0 rejoindre le chemin, presque au sommet de la montagne.\u00a0En tournant \u00e0 gauche vous rejoindrez le chemin le long de la rivi\u00e8re et reviendrez au point de d\u00e9part, sans grand srisques de vous perdre. Si vous \u00eates accompagn\u00e9s d\u2019enfants, nous recommandons la chemin le long de la rivi\u00e8re.\u00a0Il y a beaucoup de sources, mais elles se rar\u00e9fient au fur et \u00e0 mesure de la mont\u00e9e.<\/p>\n<figure id=\"attachment_443\" aria-describedby=\"caption-attachment-443\" style=\"width: 437px\" class=\"wp-caption alignnone\"><img loading=\"lazy\" class=\"size-medium wp-image-443\" src=\"http:\/\/www.cortijosreyfini.com\/wp-content\/uploads\/2016\/04\/5-Post-with-green-and-white-stripes-437x437.jpg\" alt=\"Post with green and white stripes\" width=\"437\" height=\"437\" srcset=\"https:\/\/www.cortijosreyfini.com\/wp-content\/uploads\/2016\/04\/5-Post-with-green-and-white-stripes-437x437.jpg 437w, https:\/\/www.cortijosreyfini.com\/wp-content\/uploads\/2016\/04\/5-Post-with-green-and-white-stripes-150x150.jpg 150w\" sizes=\"( max-width: 768px ) 100vw, ( min-width: 768px ) and ( max-width: 992px ) 50vw, 437px\" \/><figcaption id=\"caption-attachment-443\" class=\"wp-caption-text\">Post with green and white stripes<\/figcaption><\/figure>\n<div class=\"par_con\">\n<p>Les randonneurs plus aventureux pourront suivre la rivi\u00e8re jusqu&rsquo;\u00e0 la troisi\u00e8me ferme et monter le sentier balis\u00e9 vert et blanc vers Penabon.\u00a0Apr\u00e8s 100 m\u00e8tres le chemin se divise en deux. L\u2019un continue tout droit, qui permettra d\u2019effectuer une boucle, et l\u2019autre vers la gauche (avec une croix sur le dessus du panneau) jusqu aux pics en croisant plusieurs sources d&rsquo;eau potable. La randonn\u00e9e se finit apr\u00e8s avoir travers\u00e9 l\u2019autre versant de la montagne.<\/p>\n<\/div>\n<div class=\"par_con\">\n<p>Pensez \u00e0 v\u00e9rifier la m\u00e9t\u00e9o avant de partir en randonn\u00e9e !<\/p>\n<\/div>\n<\/div>\n","protected":false},"excerpt":{"rendered":"<p>Pour ces deux balades ou randonn\u00e9es, rendez vous \u00e0 Trevelez et garez votre voiture dans la partie centrale du village.\u00a0Vous passerez devant un atelier \/ magasin sur votre gauche et l&rsquo;\u00e9glise sur votre droite, puis vous verrez une pancarte indiquant \u00a0le chemin du moulin (Camino Molino) sur votre gauche.\u00a0Suivez-le jusqu\u2019\u00e0 la rivi\u00e8re.\u00a0Cette partie de la &hellip; <a href=\"https:\/\/www.cortijosreyfini.com\/fr\/things-to-do\/activities\/walks-and-hikes\/le-camino-molino-a-trevelez-et-le-pic-de-penabon\/\" class=\"more-link\">Continue reading <span class=\"screen-reader-text\">Le Camino Molino (\u00e0 Trevelez) et le pic de Penabon<\/span><\/a><\/p>\n","protected":false},"author":1,"featured_media":0,"parent":1008,"menu_order":0,"comment_status":"closed","ping_status":"closed","template":"","meta":{"om_disable_all_campaigns":false,"_monsterinsights_skip_tracking":false,"_monsterinsights_sitenote_active":false,"_monsterinsights_sitenote_note":"","_monsterinsights_sitenote_category":0},"acf":[],"aioseo_notices":[],"_links":{"self":[{"href":"https:\/\/www.cortijosreyfini.com\/fr\/wp-json\/wp\/v2\/pages\/1056"}],"collection":[{"href":"https:\/\/www.cortijosreyfini.com\/fr\/wp-json\/wp\/v2\/pages"}],"about":[{"href":"https:\/\/www.cortijosreyfini.com\/fr\/wp-json\/wp\/v2\/types\/page"}],"author":[{"embeddable":true,"href":"https:\/\/www.cortijosreyfini.com\/fr\/wp-json\/wp\/v2\/users\/1"}],"replies":[{"embeddable":true,"href":"https:\/\/www.cortijosreyfini.com\/fr\/wp-json\/wp\/v2\/comments?post=1056"}],"version-history":[{"count":1,"href":"https:\/\/www.cortijosreyfini.com\/fr\/wp-json\/wp\/v2\/pages\/1056\/revisions"}],"predecessor-version":[{"id":1057,"href":"https:\/\/www.cortijosreyfini.com\/fr\/wp-json\/wp\/v2\/pages\/1056\/revisions\/1057"}],"up":[{"embeddable":true,"href":"https:\/\/www.cortijosreyfini.com\/fr\/wp-json\/wp\/v2\/pages\/1008"}],"wp:attachment":[{"href":"https:\/\/www.cortijosreyfini.com\/fr\/wp-json\/wp\/v2\/media?parent=1056"}],"curies":[{"name":"wp","href":"https:\/\/api.w.org\/{rel}","templated":true}]}}