{"id":1045,"date":"2016-04-22T15:10:02","date_gmt":"2016-04-22T15:10:02","guid":{"rendered":"http:\/\/wegetcreative.co.uk\/crf\/?page_id=1045&#038;lang=fr"},"modified":"2016-04-22T15:10:02","modified_gmt":"2016-04-22T15:10:02","slug":"de-busquistar-a-portugos-ferreirola-fondales-et-mecina","status":"publish","type":"page","link":"https:\/\/www.cortijosreyfini.com\/fr\/things-to-do\/activities\/walks-and-hikes\/de-busquistar-a-portugos-ferreirola-fondales-et-mecina\/","title":{"rendered":"De Busquistar \u00e0 Portugos, Ferreirola, Fondales et Mecina"},"content":{"rendered":"<div class=\"par_con\">\n<figure id=\"attachment_348\" aria-describedby=\"caption-attachment-348\" style=\"width: 437px\" class=\"wp-caption alignnone\"><img loading=\"lazy\" class=\"size-medium wp-image-348\" src=\"http:\/\/www.cortijosreyfini.com\/wp-content\/uploads\/2016\/04\/1-Busquistar-village-437x437.jpg\" alt=\"Busquistar village\" width=\"437\" height=\"437\" srcset=\"https:\/\/www.cortijosreyfini.com\/wp-content\/uploads\/2016\/04\/1-Busquistar-village-437x437.jpg 437w, https:\/\/www.cortijosreyfini.com\/wp-content\/uploads\/2016\/04\/1-Busquistar-village-150x150.jpg 150w\" sizes=\"( max-width: 768px ) 100vw, ( min-width: 768px ) and ( max-width: 992px ) 50vw, 437px\" \/><figcaption id=\"caption-attachment-348\" class=\"wp-caption-text\">Busquistar village<\/figcaption><\/figure>\n<\/div>\n<div class=\"par_con\">\n<p>Busquistar est, avec Trevelez, le village le plus proche des Cortijos, et tous 2 sont de bons points de d\u00e9parts pour des randonn\u00e9es. M\u00eame si vous pouvez marcher des Cortijos jusqu\u2019\u00e0 Busquistar, nous vous recommandons d\u2019y aller en voiture et de la garer pr\u00e8s de la place principale. De l\u00e0, vous pouvez faire des balades assez courtes et agr\u00e9ables jusqu\u2019aux villages de Portugos, Ferreirola, Fondales et Mecina. Cela vous prendra d\u2019une \u00e0 deux heures par trajets allers. \u00a0Si vous pr\u00e9voyez de faire l\u2019aller-retour, rappelez-vous que ces balades ne peuvent se faire de nuit.<\/p>\n<figure id=\"attachment_435\" aria-describedby=\"caption-attachment-435\" style=\"width: 437px\" class=\"wp-caption alignnone\"><img loading=\"lazy\" class=\"size-medium wp-image-435\" src=\"http:\/\/www.cortijosreyfini.com\/wp-content\/uploads\/2016\/04\/3-Signpost-to-Ferreirola-and-Portugos-1-437x437.jpg\" alt=\"Signpost to Ferreirola and Portugos\" width=\"437\" height=\"437\" srcset=\"https:\/\/www.cortijosreyfini.com\/wp-content\/uploads\/2016\/04\/3-Signpost-to-Ferreirola-and-Portugos-1-437x437.jpg 437w, https:\/\/www.cortijosreyfini.com\/wp-content\/uploads\/2016\/04\/3-Signpost-to-Ferreirola-and-Portugos-1-150x150.jpg 150w\" sizes=\"( max-width: 768px ) 100vw, ( min-width: 768px ) and ( max-width: 992px ) 50vw, 437px\" \/><figcaption id=\"caption-attachment-435\" class=\"wp-caption-text\">Signpost to Ferreirola and Portugos<\/figcaption><\/figure>\n<p>A l\u2019\u00e9glise de Busquistar suivez le panneau <em>Camino a Ferreirola\u00a0<\/em>jusqu\u2019\u00e0 l\u2019embranchement qui, \u00e0 droite vous m\u00e8nera \u00e0 Portugos, et \u00e0 gauche \u00e0 Ferreirola. \u00a0D\u2019ici, vous pouvez faire l\u2019aller-retour jusqu\u2019\u00e0 Portugos ou aller \u00e0 Ferreirola en suivant le sentier\u00a0longeant la rivi\u00e8re sur votre gauche. Il est facile et tr\u00e8s agr\u00e9able et vous trouverez de l\u2019eau potable tout au long du chemin. Vous passerez une aire restaur\u00e9e, <em>Era de Trance, <\/em>avec une table d\u2019orientation en Espagnol et Anglais.<\/p>\n<\/div>\n<div class=\"par_con\">\n<figure id=\"attachment_504\" aria-describedby=\"caption-attachment-504\" style=\"width: 437px\" class=\"wp-caption alignnone\"><img loading=\"lazy\" class=\"size-medium wp-image-504\" src=\"http:\/\/www.cortijosreyfini.com\/wp-content\/uploads\/2016\/04\/24-The-beautifully-restored-Era-Del-Trance-437x437.jpg\" alt=\"The beautifully restored Era Del Trance\" width=\"437\" height=\"437\" srcset=\"https:\/\/www.cortijosreyfini.com\/wp-content\/uploads\/2016\/04\/24-The-beautifully-restored-Era-Del-Trance-437x437.jpg 437w, https:\/\/www.cortijosreyfini.com\/wp-content\/uploads\/2016\/04\/24-The-beautifully-restored-Era-Del-Trance-150x150.jpg 150w\" sizes=\"( max-width: 768px ) 100vw, ( min-width: 768px ) and ( max-width: 992px ) 50vw, 437px\" \/><figcaption id=\"caption-attachment-504\" class=\"wp-caption-text\">The beautifully restored Era Del Trance<\/figcaption><\/figure>\n<p>Lorsque vous arrivez \u00e0 Ferreirola vous pouvez soit continuer vers Fondales suivant la route m\u00e9di\u00e9vale et ensuite \u00e0 Mecina et retour \u00e0 Portugos ou aller directement \u00e0 partir de Ferreirola \u00e0 Mecina suivant la route goudronn\u00e9e qui prend environ 20 minutes. Dans Fondales Mecina et il existe divers bars servant des boissons froide, la bi\u00e8re et des tapas. Il ya \u00e9galement plusieurs restaurants \u00e0 Mecina y compris la pizzeria La Cueva de Mora Luna et un restaurant v\u00e9g\u00e9tarien Fran\u00e7ais L&rsquo;Atelier ainsi que le restaurant principal de l&rsquo;h\u00f4tel \u00e0 Mecina.<\/p>\n<figure id=\"attachment_428\" aria-describedby=\"caption-attachment-428\" style=\"width: 437px\" class=\"wp-caption alignnone\"><img loading=\"lazy\" class=\"size-medium wp-image-428\" src=\"http:\/\/www.cortijosreyfini.com\/wp-content\/uploads\/2016\/04\/2-Cueva-de-Mora-Luna-Mecina-437x437.jpg\" alt=\"Cueva de Mora Luna, Mecina\" width=\"437\" height=\"437\" srcset=\"https:\/\/www.cortijosreyfini.com\/wp-content\/uploads\/2016\/04\/2-Cueva-de-Mora-Luna-Mecina-437x437.jpg 437w, https:\/\/www.cortijosreyfini.com\/wp-content\/uploads\/2016\/04\/2-Cueva-de-Mora-Luna-Mecina-150x150.jpg 150w\" sizes=\"( max-width: 768px ) 100vw, ( min-width: 768px ) and ( max-width: 992px ) 50vw, 437px\" \/><figcaption id=\"caption-attachment-428\" class=\"wp-caption-text\">Cueva de Mora Luna, Mecina<\/figcaption><\/figure>\n<div class=\"par_con\">\n<p>Arriv\u00e9s \u00e0 Ferreirola vous pouvez continuer vers Fondales en suivant la route m\u00e9di\u00e9vale puis remonter vers Mecina et retour \u00e0 Portugos, ou aller de Ferreirola \u00e0 Mecina en suivant la route goudron\u00e9e (20mn).\u00a0 Dans Fondales et Mecina il y a plusieurs bars. A Mecina il y a plusieurs restaurants dont la pizzeria <em>La Cueva de Mora Luna,<\/em> un restaurant v\u00e9g\u00e9tarien Fran\u00e7ais, <em>L\u2019Atelier,<\/em> et un h\u00f4tel.<\/p>\n<\/div>\n<div class=\"par_con\">\n<p>Vous trouverez aussi des tr\u00e8s bons plats locaux au restaurant <em>Paco<\/em>, \u00e0 Busquistar, ouvert toute l\u2019ann\u00e9e. Les propri\u00e9taires Paco et Maite sont tr\u00e8s accueillants et g\u00e8rent le lieu avec leurs deux filles Angela et Rosia. Vous pouvez aussi leur indiquer l\u2019heure \u00e0 laquelle vous pensez \u00eatre de retour de votre balade pour que vos repas soient pr\u00eats. Ils cultivent eux-m\u00eames la plupart des l\u00e9gumes qu\u2019ils proposent, et nous conseillons notamment leurs <em>tapitas <\/em>servis avec toute boisson alcoolis\u00e9e ou sodas.<\/p>\n<\/div>\n<\/div>\n<div class=\"par_con\"><\/div>\n","protected":false},"excerpt":{"rendered":"<p>Busquistar est, avec Trevelez, le village le plus proche des Cortijos, et tous 2 sont de bons points de d\u00e9parts pour des randonn\u00e9es. M\u00eame si vous pouvez marcher des Cortijos jusqu\u2019\u00e0 Busquistar, nous vous recommandons d\u2019y aller en voiture et de la garer pr\u00e8s de la place principale. De l\u00e0, vous pouvez faire des balades &hellip; <a href=\"https:\/\/www.cortijosreyfini.com\/fr\/things-to-do\/activities\/walks-and-hikes\/de-busquistar-a-portugos-ferreirola-fondales-et-mecina\/\" class=\"more-link\">Continue reading <span class=\"screen-reader-text\">De Busquistar \u00e0 Portugos, Ferreirola, Fondales et Mecina<\/span><\/a><\/p>\n","protected":false},"author":1,"featured_media":0,"parent":1008,"menu_order":0,"comment_status":"closed","ping_status":"closed","template":"","meta":{"om_disable_all_campaigns":false,"_monsterinsights_skip_tracking":false,"_monsterinsights_sitenote_active":false,"_monsterinsights_sitenote_note":"","_monsterinsights_sitenote_category":0},"acf":[],"aioseo_notices":[],"_links":{"self":[{"href":"https:\/\/www.cortijosreyfini.com\/fr\/wp-json\/wp\/v2\/pages\/1045"}],"collection":[{"href":"https:\/\/www.cortijosreyfini.com\/fr\/wp-json\/wp\/v2\/pages"}],"about":[{"href":"https:\/\/www.cortijosreyfini.com\/fr\/wp-json\/wp\/v2\/types\/page"}],"author":[{"embeddable":true,"href":"https:\/\/www.cortijosreyfini.com\/fr\/wp-json\/wp\/v2\/users\/1"}],"replies":[{"embeddable":true,"href":"https:\/\/www.cortijosreyfini.com\/fr\/wp-json\/wp\/v2\/comments?post=1045"}],"version-history":[{"count":1,"href":"https:\/\/www.cortijosreyfini.com\/fr\/wp-json\/wp\/v2\/pages\/1045\/revisions"}],"predecessor-version":[{"id":1046,"href":"https:\/\/www.cortijosreyfini.com\/fr\/wp-json\/wp\/v2\/pages\/1045\/revisions\/1046"}],"up":[{"embeddable":true,"href":"https:\/\/www.cortijosreyfini.com\/fr\/wp-json\/wp\/v2\/pages\/1008"}],"wp:attachment":[{"href":"https:\/\/www.cortijosreyfini.com\/fr\/wp-json\/wp\/v2\/media?parent=1045"}],"curies":[{"name":"wp","href":"https:\/\/api.w.org\/{rel}","templated":true}]}}