{"id":1024,"date":"2016-04-22T14:32:58","date_gmt":"2016-04-22T14:32:58","guid":{"rendered":"http:\/\/wegetcreative.co.uk\/crf\/?page_id=1024&#038;lang=fr"},"modified":"2016-04-22T14:32:58","modified_gmt":"2016-04-22T14:32:58","slug":"barranco-del-tajo-cortes-a-portugos","status":"publish","type":"page","link":"https:\/\/www.cortijosreyfini.com\/fr\/things-to-do\/activities\/walks-and-hikes\/barranco-del-tajo-cortes-a-portugos\/","title":{"rendered":"Barranco del Tajo Cort\u00e9s \u00e0 P\u00f3rtugos"},"content":{"rendered":"<p><strong>De Portugos (1303m) \u00e0 la zone de loisirs du Bermejo et les Cascades de Rio Tajo (Barranco del Tajo Cort\u00e9s) &#8211;\u00a0Environ une heure.<\/strong><\/p>\n<div class=\"par_con\">\n<p>Garez-vous sur la place centrale de Portugos, vers l&rsquo;\u00e9glise, et marchez jusqu&rsquo;au panneau \u00ab\u00a0Rio Bermejo 250 m\u00e8tres\u201d. Suivez le chemin \u00e0 travers champs et vous arrivez au parc.<\/p>\n<\/div>\n<div class=\"par_con\">\n<p>Continuez \u00e0 monter jusqu&rsquo;\u00e0 ce que vous atteignez le parking de la zone de loisirs et un espace barbecue en dessous de la route foresti\u00e8re. Les chutes d&rsquo;eaux sont sur votre gauche. Attention dans la descente, le chemin risque d\u2019\u00eatre glissant.<\/p>\n<\/div>\n<div class=\"par_con\">\n<p>Pour ne pas faire tout le chemin \u00e0 pied vous pouvez continuer en voiture sur le chemin de terre qui part en face du bar au centre de Portugos pendant 20 minutes, jusqu\u2019au chemin indiqu\u00e9 ci-dessus. Tournez \u00e0 gauche vers Capiliera et continuez pendant 10 minutes jusqu&rsquo;au pont. La zone de loisirs de Tajo Cortes est \u00e0 environ 100 m\u00e8tres du pont.<\/p>\n<\/div>\n<div class=\"par_con\">\n<p>Si vous continuez sur cette route, vous arriverez \u00e0 Capileira.<\/p>\n<\/div>\n","protected":false},"excerpt":{"rendered":"<p>De Portugos (1303m) \u00e0 la zone de loisirs du Bermejo et les Cascades de Rio Tajo (Barranco del Tajo Cort\u00e9s) &#8211;\u00a0Environ une heure. Garez-vous sur la place centrale de Portugos, vers l&rsquo;\u00e9glise, et marchez jusqu&rsquo;au panneau \u00ab\u00a0Rio Bermejo 250 m\u00e8tres\u201d. Suivez le chemin \u00e0 travers champs et vous arrivez au parc. Continuez \u00e0 monter jusqu&rsquo;\u00e0 &hellip; <a href=\"https:\/\/www.cortijosreyfini.com\/fr\/things-to-do\/activities\/walks-and-hikes\/barranco-del-tajo-cortes-a-portugos\/\" class=\"more-link\">Continue reading <span class=\"screen-reader-text\">Barranco del Tajo Cort\u00e9s \u00e0 P\u00f3rtugos<\/span><\/a><\/p>\n","protected":false},"author":1,"featured_media":0,"parent":1008,"menu_order":0,"comment_status":"closed","ping_status":"closed","template":"","meta":{"om_disable_all_campaigns":false,"_monsterinsights_skip_tracking":false,"_monsterinsights_sitenote_active":false,"_monsterinsights_sitenote_note":"","_monsterinsights_sitenote_category":0},"acf":[],"aioseo_notices":[],"_links":{"self":[{"href":"https:\/\/www.cortijosreyfini.com\/fr\/wp-json\/wp\/v2\/pages\/1024"}],"collection":[{"href":"https:\/\/www.cortijosreyfini.com\/fr\/wp-json\/wp\/v2\/pages"}],"about":[{"href":"https:\/\/www.cortijosreyfini.com\/fr\/wp-json\/wp\/v2\/types\/page"}],"author":[{"embeddable":true,"href":"https:\/\/www.cortijosreyfini.com\/fr\/wp-json\/wp\/v2\/users\/1"}],"replies":[{"embeddable":true,"href":"https:\/\/www.cortijosreyfini.com\/fr\/wp-json\/wp\/v2\/comments?post=1024"}],"version-history":[{"count":1,"href":"https:\/\/www.cortijosreyfini.com\/fr\/wp-json\/wp\/v2\/pages\/1024\/revisions"}],"predecessor-version":[{"id":1025,"href":"https:\/\/www.cortijosreyfini.com\/fr\/wp-json\/wp\/v2\/pages\/1024\/revisions\/1025"}],"up":[{"embeddable":true,"href":"https:\/\/www.cortijosreyfini.com\/fr\/wp-json\/wp\/v2\/pages\/1008"}],"wp:attachment":[{"href":"https:\/\/www.cortijosreyfini.com\/fr\/wp-json\/wp\/v2\/media?parent=1024"}],"curies":[{"name":"wp","href":"https:\/\/api.w.org\/{rel}","templated":true}]}}