{"id":960,"date":"2016-04-22T13:17:19","date_gmt":"2016-04-22T13:17:19","guid":{"rendered":"http:\/\/wegetcreative.co.uk\/crf\/?page_id=960&#038;lang=es"},"modified":"2016-04-22T13:17:19","modified_gmt":"2016-04-22T13:17:19","slug":"portugos","status":"publish","type":"page","link":"https:\/\/www.cortijosreyfini.com\/es\/things-to-do\/local-villages\/portugos\/","title":{"rendered":"Portugos"},"content":{"rendered":"<div class=\"par_con\">\n<figure id=\"attachment_385\" aria-describedby=\"caption-attachment-385\" style=\"width: 437px\" class=\"wp-caption alignnone\"><img loading=\"lazy\" class=\"size-medium wp-image-385\" src=\"http:\/\/www.cortijosreyfini.com\/wp-content\/uploads\/2016\/04\/1-The-church-in-Portugos-437x437.jpg\" alt=\"The church in Portugos\" width=\"437\" height=\"437\" srcset=\"https:\/\/www.cortijosreyfini.com\/wp-content\/uploads\/2016\/04\/1-The-church-in-Portugos-437x437.jpg 437w, https:\/\/www.cortijosreyfini.com\/wp-content\/uploads\/2016\/04\/1-The-church-in-Portugos-150x150.jpg 150w\" sizes=\"( max-width: 768px ) 100vw, ( min-width: 768px ) and ( max-width: 992px ) 50vw, 437px\" \/><figcaption id=\"caption-attachment-385\" class=\"wp-caption-text\">The church in Portugos<\/figcaption><\/figure>\n<div class=\"par_con\">\n<div class=\"par_con\">\n<p>Este es el siguiente pueblo a lo largo despu\u00e9s de Busqu\u00edstar y es un lugar bastante tranquilo.\u00a0Una vez m\u00e1s, hay un peque\u00f1o supermercado y una ferreter\u00eda en este pueblo y varios restaurantes y un par de hoteles en la carretera principal.\u00a0Hay una estaci\u00f3n de combustible justo despu\u00e9s del pueblo en direcci\u00f3n a Trev\u00e9lez, que vende gas envasado, as\u00ed como combustible.<\/p>\n<\/div>\n<div class=\"par_con\">\n<p>P\u00f3rtugos es un buen punto de partida para un paseo a las cascadas y R\u00edo Bermejo. Usted puede leer sobre esto en la secci\u00f3n de caminatas.<\/p>\n<\/div>\n<\/div>\n<\/div>\n<div class=\"par_con\">\n<figure id=\"attachment_389\" aria-describedby=\"caption-attachment-389\" style=\"width: 437px\" class=\"wp-caption alignnone\"><img loading=\"lazy\" class=\"size-medium wp-image-389\" src=\"http:\/\/www.cortijosreyfini.com\/wp-content\/uploads\/2016\/04\/5-Chapel-at-fuente-Agria-Portugos-437x437.jpg\" alt=\"Chapel at fuente Agria, Portugos\" width=\"437\" height=\"437\" srcset=\"https:\/\/www.cortijosreyfini.com\/wp-content\/uploads\/2016\/04\/5-Chapel-at-fuente-Agria-Portugos-437x437.jpg 437w, https:\/\/www.cortijosreyfini.com\/wp-content\/uploads\/2016\/04\/5-Chapel-at-fuente-Agria-Portugos-150x150.jpg 150w\" sizes=\"( max-width: 768px ) 100vw, ( min-width: 768px ) and ( max-width: 992px ) 50vw, 437px\" \/><figcaption id=\"caption-attachment-389\" class=\"wp-caption-text\">Chapel at fuente Agria, Portugos<\/figcaption><\/figure>\n<p>M\u00e1s conocido que el propio pueblo es\u00a0la <em>Fuente Agria,<\/em>\u00a0tambi\u00e9n conocido como\u00a0<em>Ermita de la Virgen de las Angustias<\/em>\u00a0situado en las afueras de la aldea.\u00a0Hay una zona de aparcamiento con mesas de picnic, etc, una peque\u00f1a capilla o\u00a0<em>ermita,<\/em>\u00a0y una fuente de la que surge la salud al beberla, pero es agua de sabor agrio.\u00a0Por debajo de este hay un peque\u00f1o barranco, donde se puede ver c\u00f3mo el hierro contenida en el agua ha manchado la roca circundante de enfrenta a color naranja por efecto de la oxidaci\u00f3n.<\/p>\n<\/div>\n<div class=\"par_con\"><\/div>\n","protected":false},"excerpt":{"rendered":"<p>Este es el siguiente pueblo a lo largo despu\u00e9s de Busqu\u00edstar y es un lugar bastante tranquilo.\u00a0Una vez m\u00e1s, hay un peque\u00f1o supermercado y una ferreter\u00eda en este pueblo y varios restaurantes y un par de hoteles en la carretera principal.\u00a0Hay una estaci\u00f3n de combustible justo despu\u00e9s del pueblo en direcci\u00f3n a Trev\u00e9lez, que vende &hellip; <a href=\"https:\/\/www.cortijosreyfini.com\/es\/things-to-do\/local-villages\/portugos\/\" class=\"more-link\">Continue reading <span class=\"screen-reader-text\">Portugos<\/span><\/a><\/p>\n","protected":false},"author":1,"featured_media":0,"parent":853,"menu_order":0,"comment_status":"closed","ping_status":"closed","template":"","meta":{"om_disable_all_campaigns":false,"_monsterinsights_skip_tracking":false,"_monsterinsights_sitenote_active":false,"_monsterinsights_sitenote_note":"","_monsterinsights_sitenote_category":0},"acf":[],"aioseo_notices":[],"_links":{"self":[{"href":"https:\/\/www.cortijosreyfini.com\/es\/wp-json\/wp\/v2\/pages\/960"}],"collection":[{"href":"https:\/\/www.cortijosreyfini.com\/es\/wp-json\/wp\/v2\/pages"}],"about":[{"href":"https:\/\/www.cortijosreyfini.com\/es\/wp-json\/wp\/v2\/types\/page"}],"author":[{"embeddable":true,"href":"https:\/\/www.cortijosreyfini.com\/es\/wp-json\/wp\/v2\/users\/1"}],"replies":[{"embeddable":true,"href":"https:\/\/www.cortijosreyfini.com\/es\/wp-json\/wp\/v2\/comments?post=960"}],"version-history":[{"count":1,"href":"https:\/\/www.cortijosreyfini.com\/es\/wp-json\/wp\/v2\/pages\/960\/revisions"}],"predecessor-version":[{"id":961,"href":"https:\/\/www.cortijosreyfini.com\/es\/wp-json\/wp\/v2\/pages\/960\/revisions\/961"}],"up":[{"embeddable":true,"href":"https:\/\/www.cortijosreyfini.com\/es\/wp-json\/wp\/v2\/pages\/853"}],"wp:attachment":[{"href":"https:\/\/www.cortijosreyfini.com\/es\/wp-json\/wp\/v2\/media?parent=960"}],"curies":[{"name":"wp","href":"https:\/\/api.w.org\/{rel}","templated":true}]}}