{"id":948,"date":"2016-04-22T13:09:24","date_gmt":"2016-04-22T13:09:24","guid":{"rendered":"http:\/\/wegetcreative.co.uk\/crf\/?page_id=948&#038;lang=es"},"modified":"2016-04-22T13:09:24","modified_gmt":"2016-04-22T13:09:24","slug":"pitres","status":"publish","type":"page","link":"https:\/\/www.cortijosreyfini.com\/es\/things-to-do\/local-villages\/pitres\/","title":{"rendered":"Pitres"},"content":{"rendered":"<div class=\"par_con\">\n<figure id=\"attachment_381\" aria-describedby=\"caption-attachment-381\" style=\"width: 201px\" class=\"wp-caption alignnone\"><img loading=\"lazy\" class=\"size-medium wp-image-381\" src=\"http:\/\/www.cortijosreyfini.com\/wp-content\/uploads\/2016\/04\/3-The-Church-in-Pitres-201x300.jpg\" alt=\"The main church in Pitres\" width=\"201\" height=\"300\" srcset=\"https:\/\/www.cortijosreyfini.com\/wp-content\/uploads\/2016\/04\/3-The-Church-in-Pitres-201x300.jpg 201w, https:\/\/www.cortijosreyfini.com\/wp-content\/uploads\/2016\/04\/3-The-Church-in-Pitres-768x1147.jpg 768w, https:\/\/www.cortijosreyfini.com\/wp-content\/uploads\/2016\/04\/3-The-Church-in-Pitres-685x1024.jpg 685w, https:\/\/www.cortijosreyfini.com\/wp-content\/uploads\/2016\/04\/3-The-Church-in-Pitres.jpg 907w\" sizes=\"( max-width: 768px ) 100vw, ( min-width: 768px ) and ( max-width: 992px ) 50vw, 201px\" \/><figcaption id=\"caption-attachment-381\" class=\"wp-caption-text\">The main church in Pitres<\/figcaption><\/figure>\n<div class=\"par_con\">\n<div class=\"par_con\">\n<p>Pitres es el pueblo m\u00e1s grande en la\u00a0<em>Taha<\/em>\u00a0(La palabra\u00a0<em>Taha,<\/em>\u00a0significando distrito administrativo en \u00e1rabe), a s\u00f3lo 10-15 minutos en coche de los cortijos despu\u00e9s de P\u00f3rtugos.\u00a0Ofrece<\/p>\n<\/div>\n<div class=\"par_con\">\n<p>Varios hoteles, un gran camping y un peque\u00f1o pero bien surtido supermercado.\u00a0Tambi\u00e9n hay una gran tienda de bricolaje donde puedes encontrar todo tipo de cosas interesantes.\u00a0Si usted est\u00e1 en la jardiner\u00eda hay un mont\u00f3n de herramientas y art\u00edculos relacionados a la vista.\u00a0Tambi\u00e9n hay una cl\u00ednica m\u00e9dica en la esquina de la plaza principal.\u00a0La plaza es muy agradable por la noche durante los meses de verano para tomar una cerveza y tapas.<\/p>\n<\/div>\n<div class=\"par_con\">\n<p>La fiesta de\u00a0<em>San Roque<\/em>\u00a0se celebra cada a\u00f1o en Pitres, el 15, 16 y 17 de agosto.\u00a0Esto implica procesiones de todo el pueblo desde la iglesia, as\u00ed como los fuegos artificiales fuertes y mucho comer y beber.<\/p>\n<\/div>\n<\/div>\n<\/div>\n<div class=\"par_con\">\n<figure id=\"attachment_380\" aria-describedby=\"caption-attachment-380\" style=\"width: 300px\" class=\"wp-caption alignnone\"><img loading=\"lazy\" class=\"size-medium wp-image-380\" src=\"http:\/\/www.cortijosreyfini.com\/wp-content\/uploads\/2016\/04\/2-Fruit-and-veg-market-at-Pitres-300x201.jpg\" alt=\"Fruit and veg market at Pitres\" width=\"300\" height=\"201\" srcset=\"https:\/\/www.cortijosreyfini.com\/wp-content\/uploads\/2016\/04\/2-Fruit-and-veg-market-at-Pitres-300x201.jpg 300w, https:\/\/www.cortijosreyfini.com\/wp-content\/uploads\/2016\/04\/2-Fruit-and-veg-market-at-Pitres-768x514.jpg 768w, https:\/\/www.cortijosreyfini.com\/wp-content\/uploads\/2016\/04\/2-Fruit-and-veg-market-at-Pitres-1024x685.jpg 1024w, https:\/\/www.cortijosreyfini.com\/wp-content\/uploads\/2016\/04\/2-Fruit-and-veg-market-at-Pitres-1200x803.jpg 1200w, https:\/\/www.cortijosreyfini.com\/wp-content\/uploads\/2016\/04\/2-Fruit-and-veg-market-at-Pitres-437x293.jpg 437w, https:\/\/www.cortijosreyfini.com\/wp-content\/uploads\/2016\/04\/2-Fruit-and-veg-market-at-Pitres.jpg 1355w\" sizes=\"( max-width: 768px ) 100vw, ( min-width: 768px ) and ( max-width: 992px ) 50vw, 300px\" \/><figcaption id=\"caption-attachment-380\" class=\"wp-caption-text\">Fruit and veg market at Pitres<\/figcaption><\/figure>\n<p>Tambi\u00e9n hay un mercado semanal los viernes por la ma\u00f1ana en Pitres con puestos que van desde frutas y verduras frescas a zapatos, artefactos marroqu\u00edes y pan reci\u00e9n horneado.\u00a0Mucha gente viene al mercado y luego disfruta de una cerveza y unas tapas en la plaza despu\u00e9s que es una manera muy agradable de hacer la compra semanal.<\/p>\n<figure id=\"attachment_383\" aria-describedby=\"caption-attachment-383\" style=\"width: 300px\" class=\"wp-caption alignnone\"><img loading=\"lazy\" class=\"size-medium wp-image-383\" src=\"http:\/\/www.cortijosreyfini.com\/wp-content\/uploads\/2016\/04\/5-North-African-crafts-at-Pitres-Friday-market-300x201.jpg\" alt=\"North African crafts at Pitres Friday market\" width=\"300\" height=\"201\" srcset=\"https:\/\/www.cortijosreyfini.com\/wp-content\/uploads\/2016\/04\/5-North-African-crafts-at-Pitres-Friday-market-300x201.jpg 300w, https:\/\/www.cortijosreyfini.com\/wp-content\/uploads\/2016\/04\/5-North-African-crafts-at-Pitres-Friday-market-768x514.jpg 768w, https:\/\/www.cortijosreyfini.com\/wp-content\/uploads\/2016\/04\/5-North-African-crafts-at-Pitres-Friday-market-1024x685.jpg 1024w, https:\/\/www.cortijosreyfini.com\/wp-content\/uploads\/2016\/04\/5-North-African-crafts-at-Pitres-Friday-market-1200x803.jpg 1200w, https:\/\/www.cortijosreyfini.com\/wp-content\/uploads\/2016\/04\/5-North-African-crafts-at-Pitres-Friday-market-437x293.jpg 437w, https:\/\/www.cortijosreyfini.com\/wp-content\/uploads\/2016\/04\/5-North-African-crafts-at-Pitres-Friday-market.jpg 1355w\" sizes=\"( max-width: 768px ) 100vw, ( min-width: 768px ) and ( max-width: 992px ) 50vw, 300px\" \/><figcaption id=\"caption-attachment-383\" class=\"wp-caption-text\">North African crafts at Pitres Friday market<\/figcaption><\/figure>\n<p>El mismo grupo de distribuidores de productos tur\u00edsticos en torno a las Alpujarras y mantiene el mismo mercado en diferentes lugares.\u00a0En efecto, si usted ha visto a uno de ellos que ha visto todos ellos. El mercado en Orgiva sin embargo, que es el s\u00e1bado es m\u00e1s grande.<\/p>\n<\/div>\n<div class=\"par_con\"><\/div>\n","protected":false},"excerpt":{"rendered":"<p>Pitres es el pueblo m\u00e1s grande en la\u00a0Taha\u00a0(La palabra\u00a0Taha,\u00a0significando distrito administrativo en \u00e1rabe), a s\u00f3lo 10-15 minutos en coche de los cortijos despu\u00e9s de P\u00f3rtugos.\u00a0Ofrece Varios hoteles, un gran camping y un peque\u00f1o pero bien surtido supermercado.\u00a0Tambi\u00e9n hay una gran tienda de bricolaje donde puedes encontrar todo tipo de cosas interesantes.\u00a0Si usted est\u00e1 en la &hellip; <a href=\"https:\/\/www.cortijosreyfini.com\/es\/things-to-do\/local-villages\/pitres\/\" class=\"more-link\">Continue reading <span class=\"screen-reader-text\">Pitres<\/span><\/a><\/p>\n","protected":false},"author":1,"featured_media":0,"parent":853,"menu_order":0,"comment_status":"closed","ping_status":"closed","template":"","meta":{"om_disable_all_campaigns":false,"_monsterinsights_skip_tracking":false,"_monsterinsights_sitenote_active":false,"_monsterinsights_sitenote_note":"","_monsterinsights_sitenote_category":0},"acf":[],"aioseo_notices":[],"_links":{"self":[{"href":"https:\/\/www.cortijosreyfini.com\/es\/wp-json\/wp\/v2\/pages\/948"}],"collection":[{"href":"https:\/\/www.cortijosreyfini.com\/es\/wp-json\/wp\/v2\/pages"}],"about":[{"href":"https:\/\/www.cortijosreyfini.com\/es\/wp-json\/wp\/v2\/types\/page"}],"author":[{"embeddable":true,"href":"https:\/\/www.cortijosreyfini.com\/es\/wp-json\/wp\/v2\/users\/1"}],"replies":[{"embeddable":true,"href":"https:\/\/www.cortijosreyfini.com\/es\/wp-json\/wp\/v2\/comments?post=948"}],"version-history":[{"count":1,"href":"https:\/\/www.cortijosreyfini.com\/es\/wp-json\/wp\/v2\/pages\/948\/revisions"}],"predecessor-version":[{"id":949,"href":"https:\/\/www.cortijosreyfini.com\/es\/wp-json\/wp\/v2\/pages\/948\/revisions\/949"}],"up":[{"embeddable":true,"href":"https:\/\/www.cortijosreyfini.com\/es\/wp-json\/wp\/v2\/pages\/853"}],"wp:attachment":[{"href":"https:\/\/www.cortijosreyfini.com\/es\/wp-json\/wp\/v2\/media?parent=948"}],"curies":[{"name":"wp","href":"https:\/\/api.w.org\/{rel}","templated":true}]}}