{"id":915,"date":"2016-04-22T12:14:34","date_gmt":"2016-04-22T12:14:34","guid":{"rendered":"http:\/\/wegetcreative.co.uk\/crf\/?page_id=915&#038;lang=es"},"modified":"2016-04-22T12:14:34","modified_gmt":"2016-04-22T12:14:34","slug":"orgiva","status":"publish","type":"page","link":"https:\/\/www.cortijosreyfini.com\/es\/things-to-do\/local-villages\/orgiva\/","title":{"rendered":"Orgiva"},"content":{"rendered":"<div class=\"par_con\">\n<figure id=\"attachment_365\" aria-describedby=\"caption-attachment-365\" style=\"width: 437px\" class=\"wp-caption alignnone\"><img loading=\"lazy\" class=\"size-medium wp-image-365\" src=\"http:\/\/www.cortijosreyfini.com\/wp-content\/uploads\/2016\/04\/1-the-main-road-in-Oregiva-437x437.jpg\" alt=\"Main Road In Orgiva\" width=\"437\" height=\"437\" srcset=\"https:\/\/www.cortijosreyfini.com\/wp-content\/uploads\/2016\/04\/1-the-main-road-in-Oregiva-437x437.jpg 437w, https:\/\/www.cortijosreyfini.com\/wp-content\/uploads\/2016\/04\/1-the-main-road-in-Oregiva-150x150.jpg 150w\" sizes=\"( max-width: 768px ) 100vw, ( min-width: 768px ) and ( max-width: 992px ) 50vw, 437px\" \/><figcaption id=\"caption-attachment-365\" class=\"wp-caption-text\">Main Road In Orgiva<\/figcaption><\/figure>\n<div class=\"par_con\">\n<div class=\"par_con\">\n<p><strong>Orgiva<\/strong>\u00a0aunque no muy bonita\u00a0es la ciudad m\u00e1s grande cercana a los cortijos, aproximadamente a 35 minutos de distancia.\u00a0Durante los meses de verano se convierte en un calor insoportable en comparaci\u00f3n con los cortijos as\u00ed que ten cuidado!\u00a0Si vas a pasar un d\u00eda en la playa, nos dirigiremos a trav\u00e9s de \u00e9l.\u00a0Evite el lugar durante julio y agosto, si puede.\u00a0La temperatura alcanza 40 \u00b0 C y superiores.\u00a0Idealmente Orgiva es un lugar para visitar en invierno y primavera en lugar de verano.<\/p>\n<\/div>\n<div class=\"par_con\">\n<p>Famoso por ser un destino alternativo sobre todo para los hippies, que atrae a una amplia gama de turistas, viajeros y visitantes y en los \u00faltimos a\u00f1os se ha hecho m\u00e1s conocido, especialmente en el Reino Unido por el escritor\u00a0<strong>Chris Stewart<\/strong>\u00a0y su libro\u00a0<em>\u201cEntre limones\u201d<\/em>\u00a0sobre su experiencia de la compra de un cortijo cerca de Orgiva hace muchos a\u00f1os.\u00a0Hay un mercado semanal todos los jueves por la ma\u00f1ana y una amplia gama de bares y restaurantes.<\/p>\n<\/div>\n<\/div>\n<\/div>\n<div class=\"par_con\">\n<figure id=\"attachment_366\" aria-describedby=\"caption-attachment-366\" style=\"width: 437px\" class=\"wp-caption alignnone\"><img loading=\"lazy\" class=\"size-medium wp-image-366\" src=\"http:\/\/www.cortijosreyfini.com\/wp-content\/uploads\/2016\/04\/2-Cafes-and-bars-at-Orgiva-main-street-437x437.jpg\" alt=\"Cafes and bars at Orgiva main street\" width=\"437\" height=\"437\" srcset=\"https:\/\/www.cortijosreyfini.com\/wp-content\/uploads\/2016\/04\/2-Cafes-and-bars-at-Orgiva-main-street-437x437.jpg 437w, https:\/\/www.cortijosreyfini.com\/wp-content\/uploads\/2016\/04\/2-Cafes-and-bars-at-Orgiva-main-street-150x150.jpg 150w\" sizes=\"( max-width: 768px ) 100vw, ( min-width: 768px ) and ( max-width: 992px ) 50vw, 437px\" \/><figcaption id=\"caption-attachment-366\" class=\"wp-caption-text\">Cafes and bars at Orgiva main street<\/figcaption><\/figure>\n<div class=\"par_con\">\n<div class=\"par_con\">\n<p><strong>Orgiva,<\/strong>\u00a0y la vecina localidad de\u00a0<strong>Lanjar\u00f3n,<\/strong>\u00a0ofrecen diferentes eventos, ferias, carnavales, fiestas, conciertos, exposiciones, artes y artesan\u00edas todo el a\u00f1o.<\/p>\n<\/div>\n<div class=\"par_con\">\n<p>El evento de mayor duraci\u00f3n en Orgiva es la\u00a0<em>Feria,<\/em>\u00a0una feria de cinco d\u00edas alrededor del \u00faltimo fin de semana de septiembre.\u00a0Originalmente una feria de animales de viajar, la\u00a0<em>feria<\/em>\u00a0todav\u00eda cuenta con una venta de caballos, donde se puede inspeccionar el ganado y ver al gitano chalanes en negociaci\u00f3n y tratar (Compra venta de ganado).\u00a0Despu\u00e9s usted puede participar de la paella gigante libre u otro d\u00eda ver la competencia para hacer\u00a0<em>migas,<\/em>\u00a0un tipo de cous-cous, a fuego abierto bajo los \u00e1rboles de eucalipto con un mont\u00f3n de acompa\u00f1ar a la cerveza y el regocijo.\u00a0Por las noches hay bailes, bandas, conciertos y un parque de atracciones, con todo el mundo tomando el aire y vestido con su mejor traje.<\/p>\n<\/div>\n<div class=\"par_con\">\n<p>La fiesta religiosa m\u00e1s importante es\u00a0<em>El D\u00eda del Se\u00f1or,<\/em>\u00a0el D\u00eda del Se\u00f1or, que es una fiesta m\u00f3vil, siempre el Viernes, dos semanas antes del Viernes Santo.<\/p>\n<\/div>\n<div class=\"par_con\">\n<p>Una fiesta similar en una escala m\u00e1s peque\u00f1a, es San Sebasti\u00e1n el santo patr\u00f3n de Orgiva el 20 de enero.\u00a0Normalmente ubicado en la antigua ermita, una bonita capilla octogonal al otro lado de un campo de la casa, el santo es sacada en procesi\u00f3n por la ciudad con excelentes fuegos artificiales.<\/p>\n<\/div>\n<div class=\"par_con\">\n<p>A mediados de verano, el d\u00eda de San Juan Bautista, Lanjar\u00f3n celebra un festival que implica una cantidad considerable de beber y comer.\u00a0Lanjar\u00f3n tambi\u00e9n cuenta con un hotel Spa, un bonito parque y, por supuesto, famoso en toda Espa\u00f1a por su agua potable embotellada tambi\u00e9n conocida con el mismo nombre.<\/p>\n<\/div>\n<\/div>\n<\/div>\n","protected":false},"excerpt":{"rendered":"<p>Orgiva\u00a0aunque no muy bonita\u00a0es la ciudad m\u00e1s grande cercana a los cortijos, aproximadamente a 35 minutos de distancia.\u00a0Durante los meses de verano se convierte en un calor insoportable en comparaci\u00f3n con los cortijos as\u00ed que ten cuidado!\u00a0Si vas a pasar un d\u00eda en la playa, nos dirigiremos a trav\u00e9s de \u00e9l.\u00a0Evite el lugar durante julio &hellip; <a href=\"https:\/\/www.cortijosreyfini.com\/es\/things-to-do\/local-villages\/orgiva\/\" class=\"more-link\">Continue reading <span class=\"screen-reader-text\">Orgiva<\/span><\/a><\/p>\n","protected":false},"author":1,"featured_media":0,"parent":853,"menu_order":0,"comment_status":"closed","ping_status":"closed","template":"","meta":{"om_disable_all_campaigns":false,"_monsterinsights_skip_tracking":false,"_monsterinsights_sitenote_active":false,"_monsterinsights_sitenote_note":"","_monsterinsights_sitenote_category":0},"acf":[],"aioseo_notices":[],"_links":{"self":[{"href":"https:\/\/www.cortijosreyfini.com\/es\/wp-json\/wp\/v2\/pages\/915"}],"collection":[{"href":"https:\/\/www.cortijosreyfini.com\/es\/wp-json\/wp\/v2\/pages"}],"about":[{"href":"https:\/\/www.cortijosreyfini.com\/es\/wp-json\/wp\/v2\/types\/page"}],"author":[{"embeddable":true,"href":"https:\/\/www.cortijosreyfini.com\/es\/wp-json\/wp\/v2\/users\/1"}],"replies":[{"embeddable":true,"href":"https:\/\/www.cortijosreyfini.com\/es\/wp-json\/wp\/v2\/comments?post=915"}],"version-history":[{"count":1,"href":"https:\/\/www.cortijosreyfini.com\/es\/wp-json\/wp\/v2\/pages\/915\/revisions"}],"predecessor-version":[{"id":916,"href":"https:\/\/www.cortijosreyfini.com\/es\/wp-json\/wp\/v2\/pages\/915\/revisions\/916"}],"up":[{"embeddable":true,"href":"https:\/\/www.cortijosreyfini.com\/es\/wp-json\/wp\/v2\/pages\/853"}],"wp:attachment":[{"href":"https:\/\/www.cortijosreyfini.com\/es\/wp-json\/wp\/v2\/media?parent=915"}],"curies":[{"name":"wp","href":"https:\/\/api.w.org\/{rel}","templated":true}]}}