{"id":902,"date":"2016-04-22T12:04:24","date_gmt":"2016-04-22T12:04:24","guid":{"rendered":"http:\/\/wegetcreative.co.uk\/crf\/?page_id=902&#038;lang=es"},"modified":"2016-04-22T12:04:58","modified_gmt":"2016-04-22T12:04:58","slug":"mecina-fondales","status":"publish","type":"page","link":"https:\/\/www.cortijosreyfini.com\/es\/things-to-do\/local-villages\/mecina-fondales\/","title":{"rendered":"Mecina Fondales"},"content":{"rendered":"<div class=\"par_con\">\n<figure id=\"attachment_363\" aria-describedby=\"caption-attachment-363\" style=\"width: 437px\" class=\"wp-caption alignnone\"><img loading=\"lazy\" class=\"size-medium wp-image-363\" src=\"http:\/\/www.cortijosreyfini.com\/wp-content\/uploads\/2016\/04\/1-The-view-of-the-church-in-Fundales-437x437.jpg\" alt=\"The view of the church in Fundales\" width=\"437\" height=\"437\" srcset=\"https:\/\/www.cortijosreyfini.com\/wp-content\/uploads\/2016\/04\/1-The-view-of-the-church-in-Fundales-437x437.jpg 437w, https:\/\/www.cortijosreyfini.com\/wp-content\/uploads\/2016\/04\/1-The-view-of-the-church-in-Fundales-150x150.jpg 150w\" sizes=\"( max-width: 768px ) 100vw, ( min-width: 768px ) and ( max-width: 992px ) 50vw, 437px\" \/><figcaption id=\"caption-attachment-363\" class=\"wp-caption-text\">The view of the church in Fundales<\/figcaption><\/figure>\n<p>Mecina Fondales en realidad consta de tres pueblos separados: &#8211; Mecina, Mecinilla y Fondales.\u00a0Estos 3 pueblos forman la parte m\u00e1s baja de la\u00a0<em>Taha de Pitres<\/em>\u00a0(un grupo de siete pueblos, Pitres siendo el principal).<\/p>\n<figure id=\"attachment_478\" aria-describedby=\"caption-attachment-478\" style=\"width: 437px\" class=\"wp-caption alignnone\"><img loading=\"lazy\" class=\"size-medium wp-image-478\" src=\"http:\/\/www.cortijosreyfini.com\/wp-content\/uploads\/2016\/04\/9-Traditional-roof-timbers-and-whitewashed-walls-in-Mecina-437x437.jpg\" alt=\"Traditional roof timbers and whitewashed walls in Mecina\" width=\"437\" height=\"437\" srcset=\"https:\/\/www.cortijosreyfini.com\/wp-content\/uploads\/2016\/04\/9-Traditional-roof-timbers-and-whitewashed-walls-in-Mecina-437x437.jpg 437w, https:\/\/www.cortijosreyfini.com\/wp-content\/uploads\/2016\/04\/9-Traditional-roof-timbers-and-whitewashed-walls-in-Mecina-150x150.jpg 150w\" sizes=\"( max-width: 768px ) 100vw, ( min-width: 768px ) and ( max-width: 992px ) 50vw, 437px\" \/><figcaption id=\"caption-attachment-478\" class=\"wp-caption-text\">Traditional roof timbers and whitewashed walls in Mecina<\/figcaption><\/figure>\n<div class=\"par_con\">\n<div class=\"par_con\">\n<p><strong>Mecina Fondales, Ferreiola, Mecina, Mecinilla<\/strong>\u00a0y\u00a0<strong>Fondales<\/strong>\u00a0son encantadores pueblos todos conectados entre s\u00ed por una serie de sinuosos caminos romanos, entretejidos entre monta\u00f1as y r\u00edos.\u00a0Estos caminos proporcionan las condiciones ideales para practicar senderismo suave a medida que serpentean entre las diminutas casas antiguas con bastantes peque\u00f1os balcones.\u00a0El paisaje es impresionante y los pueblos todos tienen bares y restaurantes lo que es ideal para deambular.\u00a0Durante julio y agosto estos paseos son bastante insoportables debido a las altas temperaturas, pero los meses de invierno y oto\u00f1o son perfectos para practicar senderismo.\u00a0Hay un mont\u00f3n de agua potable en los diferentes pueblos y cada pueblo tiene varios bares.\u00a0Mecina tiene tambi\u00e9n tres buenos restaurantes, incluyendo una pizzer\u00eda, un restaurante vegetariano y un hotel con restaurante.<\/p>\n<\/div>\n<div class=\"par_con\">\n<p>Por favor, consulte la secci\u00f3n de senderismo para m\u00e1s informaci\u00f3n.<\/p>\n<\/div>\n<\/div>\n<\/div>\n","protected":false},"excerpt":{"rendered":"<p>Mecina Fondales en realidad consta de tres pueblos separados: &#8211; Mecina, Mecinilla y Fondales.\u00a0Estos 3 pueblos forman la parte m\u00e1s baja de la\u00a0Taha de Pitres\u00a0(un grupo de siete pueblos, Pitres siendo el principal). Mecina Fondales, Ferreiola, Mecina, Mecinilla\u00a0y\u00a0Fondales\u00a0son encantadores pueblos todos conectados entre s\u00ed por una serie de sinuosos caminos romanos, entretejidos entre monta\u00f1as y &hellip; <a href=\"https:\/\/www.cortijosreyfini.com\/es\/things-to-do\/local-villages\/mecina-fondales\/\" class=\"more-link\">Continue reading <span class=\"screen-reader-text\">Mecina Fondales<\/span><\/a><\/p>\n","protected":false},"author":1,"featured_media":0,"parent":853,"menu_order":0,"comment_status":"closed","ping_status":"closed","template":"","meta":{"om_disable_all_campaigns":false,"_monsterinsights_skip_tracking":false,"_monsterinsights_sitenote_active":false,"_monsterinsights_sitenote_note":"","_monsterinsights_sitenote_category":0},"acf":[],"aioseo_notices":[],"_links":{"self":[{"href":"https:\/\/www.cortijosreyfini.com\/es\/wp-json\/wp\/v2\/pages\/902"}],"collection":[{"href":"https:\/\/www.cortijosreyfini.com\/es\/wp-json\/wp\/v2\/pages"}],"about":[{"href":"https:\/\/www.cortijosreyfini.com\/es\/wp-json\/wp\/v2\/types\/page"}],"author":[{"embeddable":true,"href":"https:\/\/www.cortijosreyfini.com\/es\/wp-json\/wp\/v2\/users\/1"}],"replies":[{"embeddable":true,"href":"https:\/\/www.cortijosreyfini.com\/es\/wp-json\/wp\/v2\/comments?post=902"}],"version-history":[{"count":2,"href":"https:\/\/www.cortijosreyfini.com\/es\/wp-json\/wp\/v2\/pages\/902\/revisions"}],"predecessor-version":[{"id":904,"href":"https:\/\/www.cortijosreyfini.com\/es\/wp-json\/wp\/v2\/pages\/902\/revisions\/904"}],"up":[{"embeddable":true,"href":"https:\/\/www.cortijosreyfini.com\/es\/wp-json\/wp\/v2\/pages\/853"}],"wp:attachment":[{"href":"https:\/\/www.cortijosreyfini.com\/es\/wp-json\/wp\/v2\/media?parent=902"}],"curies":[{"name":"wp","href":"https:\/\/api.w.org\/{rel}","templated":true}]}}