{"id":774,"date":"2016-04-14T13:57:58","date_gmt":"2016-04-14T13:57:58","guid":{"rendered":"http:\/\/wegetcreative.co.uk\/crf\/?page_id=774&#038;lang=es"},"modified":"2016-04-14T13:58:20","modified_gmt":"2016-04-14T13:58:20","slug":"granada","status":"publish","type":"page","link":"https:\/\/www.cortijosreyfini.com\/es\/things-to-do\/granada\/","title":{"rendered":"Granada"},"content":{"rendered":"<div class=\"par_con\">\n<figure id=\"attachment_284\" aria-describedby=\"caption-attachment-284\" style=\"width: 840px\" class=\"wp-caption aligncenter\"><img loading=\"lazy\" class=\"size-post-thumbnail wp-image-284\" src=\"http:\/\/www.cortijosreyfini.com\/wp-content\/uploads\/2016\/04\/12-Santa-Ana-the-old-part-of-Granada.jpg\" alt=\"Santa Ana the old part of Granada\" width=\"840\" height=\"558\" srcset=\"https:\/\/www.cortijosreyfini.com\/wp-content\/uploads\/2016\/04\/12-Santa-Ana-the-old-part-of-Granada.jpg 1053w, https:\/\/www.cortijosreyfini.com\/wp-content\/uploads\/2016\/04\/12-Santa-Ana-the-old-part-of-Granada-300x199.jpg 300w, https:\/\/www.cortijosreyfini.com\/wp-content\/uploads\/2016\/04\/12-Santa-Ana-the-old-part-of-Granada-768x511.jpg 768w, https:\/\/www.cortijosreyfini.com\/wp-content\/uploads\/2016\/04\/12-Santa-Ana-the-old-part-of-Granada-1024x681.jpg 1024w\" sizes=\"( max-width: 768px ) 100vw, ( min-width: 768px ) and ( max-width: 992px ) 50vw, 840px\" \/><figcaption id=\"caption-attachment-284\" class=\"wp-caption-text\">Santa Ana the old part of Granada<\/figcaption><\/figure>\n<p>Ir\u00f3nicamente los Cortijos Rey Fini est\u00e1n a s\u00f3lo 25 km de Sierra Nevada y Granada, pero esta ruta corta se ha cerrado recientemente por la declaraci\u00f3n de parque nacional con objeto de preservar la zona. Para llegar a Granada ahora primero debe conducir hacia Lanjar\u00f3n y luego unirse a la carretera N-23 hasta Granada,\u00a0 lleva poco m\u00e1s de una hora a la Alhambra y una hora y media a la ciudad de Granada.<\/p>\n<figure id=\"attachment_288\" aria-describedby=\"caption-attachment-288\" style=\"width: 840px\" class=\"wp-caption aligncenter\"><img loading=\"lazy\" class=\"size-post-thumbnail wp-image-288\" src=\"http:\/\/www.cortijosreyfini.com\/wp-content\/uploads\/2016\/04\/16-Tiny-road-near-Albayc-in-Granada-spain.jpg\" alt=\"Tiny road near Albayc in Granada spain\" width=\"840\" height=\"563\" srcset=\"https:\/\/www.cortijosreyfini.com\/wp-content\/uploads\/2016\/04\/16-Tiny-road-near-Albayc-in-Granada-spain.jpg 1014w, https:\/\/www.cortijosreyfini.com\/wp-content\/uploads\/2016\/04\/16-Tiny-road-near-Albayc-in-Granada-spain-300x201.jpg 300w, https:\/\/www.cortijosreyfini.com\/wp-content\/uploads\/2016\/04\/16-Tiny-road-near-Albayc-in-Granada-spain-768x515.jpg 768w, https:\/\/www.cortijosreyfini.com\/wp-content\/uploads\/2016\/04\/16-Tiny-road-near-Albayc-in-Granada-spain-437x293.jpg 437w\" sizes=\"( max-width: 768px ) 100vw, ( min-width: 768px ) and ( max-width: 992px ) 50vw, 840px\" \/><figcaption id=\"caption-attachment-288\" class=\"wp-caption-text\">Tiny road near Albayc in Granada spain<\/figcaption><\/figure>\n<p>Granada es una ciudad muy hermosa y bien merece una visita, aparte de la Alhambra y de la parte m\u00e1s antigua llamada el\u00a0<em>Albaycin<\/em>\u00a0y\u00a0<em>Santa Ana<\/em>\u00a0hay mucho para ver.\u00a0La mejor manera es simplemente pasear caminando por los alrededores ir de exploraci\u00f3n por la ciudad, se puede descubrir mucho as\u00ed, es muy interesante y divertido tambi\u00e9n.<\/p>\n<p><img loading=\"lazy\" class=\"aligncenter size-post-thumbnail wp-image-281\" src=\"http:\/\/www.cortijosreyfini.com\/wp-content\/uploads\/2016\/04\/9-One-of-the-many-alleyways-in-Santa-Ana-Granada-Spain.jpg\" alt=\"9- One of the many alleyways in Santa Ana, Granada, Spain\" width=\"840\" height=\"563\" srcset=\"https:\/\/www.cortijosreyfini.com\/wp-content\/uploads\/2016\/04\/9-One-of-the-many-alleyways-in-Santa-Ana-Granada-Spain.jpg 1014w, https:\/\/www.cortijosreyfini.com\/wp-content\/uploads\/2016\/04\/9-One-of-the-many-alleyways-in-Santa-Ana-Granada-Spain-300x201.jpg 300w, https:\/\/www.cortijosreyfini.com\/wp-content\/uploads\/2016\/04\/9-One-of-the-many-alleyways-in-Santa-Ana-Granada-Spain-768x515.jpg 768w, https:\/\/www.cortijosreyfini.com\/wp-content\/uploads\/2016\/04\/9-One-of-the-many-alleyways-in-Santa-Ana-Granada-Spain-437x293.jpg 437w\" sizes=\"( max-width: 768px ) 100vw, ( min-width: 768px ) and ( max-width: 992px ) 50vw, 840px\" \/><\/p>\n<p>Si usted tiene s\u00f3lo el d\u00eda en Granada para conocer la Alhambra entonces aseg\u00farese de dejar suficiente tiempo para ver un poco de la parte antigua de Granada tambi\u00e9n.\u00a0Usted puede visitar la Alhambra temprano en la ma\u00f1ana &#8211; en funci\u00f3n de la cantidad que desea ver usted debe dejar al menos 3 horas para esto.\u00a0A continuaci\u00f3n, puede dejar su coche en el aparcamiento de la Alhambra, o bien coger el transporte colectivo local a la parte hist\u00f3rica de la ciudad o alternativamente, puede caminar.\u00a0Se tarda unos 15 minutos cuesta abajo a trav\u00e9s de hermosos jardines sombreados con fuentes de agua.<\/p>\n<figure id=\"attachment_287\" aria-describedby=\"caption-attachment-287\" style=\"width: 840px\" class=\"wp-caption aligncenter\"><img loading=\"lazy\" class=\"size-post-thumbnail wp-image-287\" src=\"http:\/\/www.cortijosreyfini.com\/wp-content\/uploads\/2016\/04\/15-The-walls-of-Alhambra-Granada.jpg\" alt=\"The walls of Alhambra Granada\" width=\"840\" height=\"563\" srcset=\"https:\/\/www.cortijosreyfini.com\/wp-content\/uploads\/2016\/04\/15-The-walls-of-Alhambra-Granada.jpg 1014w, https:\/\/www.cortijosreyfini.com\/wp-content\/uploads\/2016\/04\/15-The-walls-of-Alhambra-Granada-300x201.jpg 300w, https:\/\/www.cortijosreyfini.com\/wp-content\/uploads\/2016\/04\/15-The-walls-of-Alhambra-Granada-768x515.jpg 768w, https:\/\/www.cortijosreyfini.com\/wp-content\/uploads\/2016\/04\/15-The-walls-of-Alhambra-Granada-437x293.jpg 437w\" sizes=\"( max-width: 768px ) 100vw, ( min-width: 768px ) and ( max-width: 992px ) 50vw, 840px\" \/><figcaption id=\"caption-attachment-287\" class=\"wp-caption-text\">The walls of Alhambra Granada<\/figcaption><\/figure>\n<div class=\"par_con\">\n<div class=\"par_con\">\n<p>Usted puede ir directamente hacia abajo hasta llegar a la\u00a0<em>Plaza Nueva<\/em>\u00a0y luego detr\u00e1s de la plaza se encuentra el casco antiguo llamado el\u00a0barrio del <em>Albaycin,<\/em>\u00a0que est\u00e1 llena de tiendas y restaurantes, precioso para\u00a0<em>pasear.<\/em>\u00a0No te pierdas los muchos buenos bares de tapas que encontraran bajando, cualquiera de las estrechas calles de Granada.\u00a0Justo detr\u00e1s de aqu\u00ed en\u00a0<em>Calle Almireceros<\/em>\u00a0hay varios restaurantes y bares de tapas muy buenos,\u00a0uno de los mejores se llama\u00a0<em>Bodegas Casta\u00f1eda<\/em>\u00a0que sirve una gran variedad de tapas, vino y cerveza, \u00a0vale la pena una visita.\u00a0Lo mejor y m\u00e1s econ\u00f3mico es simplemente pedir una cerveza o una copa de vino y luego te dan gratis una tapa cada vez que pida una bebida m\u00e1s.<\/p>\n<\/div>\n<div class=\"par_con\">\n<p>Una forma alternativa para bajar a la ciudad es cuando usted sale de la Alhambra s\u00f3lo a unos 20 metros despu\u00e9s de la puerta de salida al jard\u00edn, caminar cuesta abajo y tome la primera a la derecha (el restaurante de la esquina).\u00a0Este camino le llevar\u00e1 alrededor de la parte posterior de la Alhambra y si usted sigue caminando cuesta abajo, con el tiempo que se tardar\u00e1 en el\u00a0<em>Paseo de Los Tristes<\/em>\u00a0donde encontrar\u00e1 docenas de buenos restaurantes relativamente baratos que sirven paella y otros alimentos al exterior (Se puede llegar a aqu\u00ed tambi\u00e9n si usted camina a lo largo del r\u00edo desde\u00a0<em>Plaza Nueva).<\/em>Despu\u00e9s del almuerzo, si usted todav\u00eda tiene m\u00e1s energ\u00eda, puede caminar hasta\u00a0<em>la Cuesta del Chapiz<\/em>\u00a0y tomar la segunda o tercera calle a mano derecha en direcci\u00f3n a\u00a0<em>la Plaza de San Nicol\u00e1s,<\/em>\u00a0que tendr\u00e1 una gran vista de la Alhambra.\u00a0A lo largo de los numerosos callejones encontrar\u00e1 muchas cafeter\u00edas y restaurantes a menudo con hermosos jardines y espectaculares vistas a la Alhambra.<\/p>\n<\/div>\n<\/div>\n<\/div>\n<div class=\"par_con\">\n<p><img loading=\"lazy\" class=\"aligncenter size-post-thumbnail wp-image-294\" src=\"http:\/\/www.cortijosreyfini.com\/wp-content\/uploads\/2016\/04\/22-View-of-Alhambra-from-Santa-Ana-Granada.jpg\" alt=\"22- View of Alhambra from Santa Ana, Granada\" width=\"840\" height=\"563\" srcset=\"https:\/\/www.cortijosreyfini.com\/wp-content\/uploads\/2016\/04\/22-View-of-Alhambra-from-Santa-Ana-Granada.jpg 1014w, https:\/\/www.cortijosreyfini.com\/wp-content\/uploads\/2016\/04\/22-View-of-Alhambra-from-Santa-Ana-Granada-300x201.jpg 300w, https:\/\/www.cortijosreyfini.com\/wp-content\/uploads\/2016\/04\/22-View-of-Alhambra-from-Santa-Ana-Granada-768x515.jpg 768w, https:\/\/www.cortijosreyfini.com\/wp-content\/uploads\/2016\/04\/22-View-of-Alhambra-from-Santa-Ana-Granada-437x293.jpg 437w\" sizes=\"( max-width: 768px ) 100vw, ( min-width: 768px ) and ( max-width: 992px ) 50vw, 840px\" \/><\/p>\n<div class=\"par_con\">\n<div class=\"par_con\">\n<p>Uno de los restaurantes m\u00e1s famosos es llamado\u00a0<em>Mirador de Morayma,<\/em>\u00a0a continuaci\u00f3n, m\u00e1s all\u00e1 arriba es el\u00a0<em>de Las Tomas, Carmen Mirador de Aixa<\/em>\u00a0y muchos m\u00e1s justo por debajo de\u00a0<em>la Plaza de San Nicol\u00e1s.<\/em>\u00a0Estas no se ven muy bien desde la carretera, pero todas tienen unas vistas preciosas.\u00a0S\u00f3lo hay que entrar, busque su men\u00fa y lista de precios y si te gusta, quedarse de lo contrario seguir buscando hasta que encuentre el mejor.<\/p>\n<\/div>\n<div class=\"par_con\">\n<p>Para m\u00e1s informaci\u00f3n, por favor consulte nuestra p\u00e1gina de enlaces<\/p>\n<\/div>\n<\/div>\n<\/div>\n","protected":false},"excerpt":{"rendered":"<p>Ir\u00f3nicamente los Cortijos Rey Fini est\u00e1n a s\u00f3lo 25 km de Sierra Nevada y Granada, pero esta ruta corta se ha cerrado recientemente por la declaraci\u00f3n de parque nacional con objeto de preservar la zona. Para llegar a Granada ahora primero debe conducir hacia Lanjar\u00f3n y luego unirse a la carretera N-23 hasta Granada,\u00a0 lleva &hellip; <a href=\"https:\/\/www.cortijosreyfini.com\/es\/things-to-do\/granada\/\" class=\"more-link\">Continue reading <span class=\"screen-reader-text\">Granada<\/span><\/a><\/p>\n","protected":false},"author":1,"featured_media":0,"parent":617,"menu_order":0,"comment_status":"closed","ping_status":"closed","template":"","meta":{"om_disable_all_campaigns":false,"_monsterinsights_skip_tracking":false,"_monsterinsights_sitenote_active":false,"_monsterinsights_sitenote_note":"","_monsterinsights_sitenote_category":0},"acf":[],"aioseo_notices":[],"_links":{"self":[{"href":"https:\/\/www.cortijosreyfini.com\/es\/wp-json\/wp\/v2\/pages\/774"}],"collection":[{"href":"https:\/\/www.cortijosreyfini.com\/es\/wp-json\/wp\/v2\/pages"}],"about":[{"href":"https:\/\/www.cortijosreyfini.com\/es\/wp-json\/wp\/v2\/types\/page"}],"author":[{"embeddable":true,"href":"https:\/\/www.cortijosreyfini.com\/es\/wp-json\/wp\/v2\/users\/1"}],"replies":[{"embeddable":true,"href":"https:\/\/www.cortijosreyfini.com\/es\/wp-json\/wp\/v2\/comments?post=774"}],"version-history":[{"count":2,"href":"https:\/\/www.cortijosreyfini.com\/es\/wp-json\/wp\/v2\/pages\/774\/revisions"}],"predecessor-version":[{"id":776,"href":"https:\/\/www.cortijosreyfini.com\/es\/wp-json\/wp\/v2\/pages\/774\/revisions\/776"}],"up":[{"embeddable":true,"href":"https:\/\/www.cortijosreyfini.com\/es\/wp-json\/wp\/v2\/pages\/617"}],"wp:attachment":[{"href":"https:\/\/www.cortijosreyfini.com\/es\/wp-json\/wp\/v2\/media?parent=774"}],"curies":[{"name":"wp","href":"https:\/\/api.w.org\/{rel}","templated":true}]}}