{"id":714,"date":"2016-04-14T09:40:00","date_gmt":"2016-04-14T09:40:00","guid":{"rendered":"http:\/\/wegetcreative.co.uk\/crf\/?page_id=714&#038;lang=es"},"modified":"2016-04-14T09:40:00","modified_gmt":"2016-04-14T09:40:00","slug":"llegar-alli","status":"publish","type":"page","link":"https:\/\/www.cortijosreyfini.com\/es\/information\/llegar-alli\/","title":{"rendered":"Llegar All\u00ed"},"content":{"rendered":"<p>[put_wpgm id=1]<\/p>\n<div class=\"par_con\">\n<p><strong>Ver en el mapa de Google:<\/strong>\u00a036 \u00b0 58&#8217;25.8 \u00abN 3 \u00b0 16&#8217;49.6\u00bb W<\/p>\n<\/div>\n<div class=\"par_con\">\n<p>El aeropuerto m\u00e1s cercano es el de Granada, aunque M\u00e1laga y Almer\u00eda est\u00e1n igual de f\u00e1cil de llegar.\u00a0Desde el aire Reino Unido Ryan y Easy Jet ofrecen vuelos baratos a todos estos aeropuertos.<\/p>\n<\/div>\n<div class=\"par_con\">\n<p>Los coches pueden ser f\u00e1cilmente reservados en l\u00ednea y la mayor\u00eda de las compa\u00f1\u00edas a\u00e9reas ofrecen tarifas especiales para alquiler de coches.<\/p>\n<\/div>\n<div class=\"par_con\">\n<p><strong>Desde el aeropuerto de Granada<\/strong><\/p>\n<\/div>\n<div class=\"par_con\">\n<p>Siga las indicaciones a Granada y luego tomar la se\u00f1al E902 publicado a Motril.\u00a0Conducir durante unos 20 minutos hasta que vea una se\u00f1al de Lanjar\u00f3n.\u00a0Siga esta carretera hasta Lanjar\u00f3n y continuar hasta llegar a Orgiva.\u00a0Justo debajo de Orgiva girar hacia Trevelez y siga hasta llegar a la localidad de Busquistar.\u00a0Este es el \u00faltimo pueblo antes de los cortijos y se puede almacenar para arriba en los mini supermercados y luego la cabeza hacia Trev\u00e9lez.\u00a0Va a encontrar los cortijos exactamente 4 kms de Busquistar a la izquierda.\u00a0(Justo despu\u00e9s de los cortijos hay un cartel a \u201cLas Balsas\u201d a la derecha en la carretera principal.) Suba la colina y encontrar\u00e1 cada cortijo se\u00f1alizado.<\/p>\n<\/div>\n<div class=\"par_con\">\n<p><a href=\"https:\/\/translate.google.com\/translate?hl=en&amp;prev=_t&amp;sl=auto&amp;tl=es&amp;u=http:\/\/maps.google.co.uk\/maps%3Ff%3Dq%26source%3Dembed%26hl%3Den%26geocode%3D%26q%3Dfrom:%2Bgranada%2Bto:%2B36.972455,-3.279204%26sll%3D51.378097,-2.360455%26sspn%3D0.007099,0.019205%26ie%3DUTF8%26ll%3D37.0131,-3.458885%26spn%3D0.32678,0.39359\">Ver mapa m\u00e1s grande<\/a><\/p>\n<\/div>\n<div class=\"par_con\">\n<p><strong>Desde el aeropuerto de M\u00e1laga<\/strong><\/p>\n<\/div>\n<div class=\"par_con\">\n<p>Dir\u00edgete hacia M\u00e1laga y seguir las indicaciones de la autopista direcci\u00f3n Granada, Sevilla, Motril y Almer\u00eda.\u00a0Siga esta carretera durante unos kil\u00f3metros hasta que vea Motril y Almer\u00eda se\u00f1alizado a la derecha y Sevilla y Granada recto.\u00a0Puede llegar por cualquiera de los caminos: por la Costa seguir direcci\u00f3n Motril y Almer\u00eda le llevar\u00e1 a trav\u00e9s de las ciudades costeras o Monta\u00f1a siguiendo direcci\u00f3n Granada a trav\u00e9s de las monta\u00f1as.<\/p>\n<\/div>\n<div class=\"par_con\">\n<p>Recomendamos la ruta costera o Motril\/Almer\u00eda, sobre todo porque la nueva autopista hace el viaje mucho m\u00e1s r\u00e1pido.<\/p>\n<\/div>\n<div class=\"par_con\">\n<p>Conduce todo el camino hasta llegar a la uni\u00f3n 175 letrero de Las Alpujarras y Orgiva<\/p>\n<\/div>\n<div class=\"par_con\">\n<p>Siga la carretera a Orgiva.\u00a0Justo antes de Orgiva hay que cruzar un estrecho puente y luego ir todo el camino a trav\u00e9s de la ciudad hasta llegar al otro lado de Orgiva.\u00a0Siga la ruta tur\u00edstica a la derecha hacia Bubi\u00f3n y Trev\u00e9lez y conducir por esta carretera pasando por muchos pueblos como Pitres, P\u00f3rtugos hasta llegar a la localidad de Busquistar.\u00a0Este es el \u00faltimo pueblo antes de los cortijos y puede aprovechar para comprar alimentos que necesite, subiendo dentro del pueblo llegar\u00e1 a los mini supermercados y luego continuar direcci\u00f3n hacia Trev\u00e9lez.\u00a0Va a encontrar los cortijos exactamente 4 kms de Busquistar a la izquierda.\u00a0(Justo despu\u00e9s de los cortijos hay un cartel a \u201cLas Balsas\u201d a la derecha en la carretera principal.) Suba la colina y encontrar\u00e1 cada cortijo se\u00f1alizado.\u00a0Los Cortijos se encuentran aproximadamente a medio camino entre Busqu\u00edstar y Trevelez y ambos pueblos tienen un mont\u00f3n de tiendas, carnicer\u00eda, panader\u00eda, etc.<\/p>\n<\/div>\n<div class=\"par_con\">\n<p><a href=\"https:\/\/translate.google.com\/translate?hl=en&amp;prev=_t&amp;sl=auto&amp;tl=es&amp;u=http:\/\/maps.google.es\/maps%3Ff%3Dd%26hl%3Des%26geocode%3D13945999943801193947,36.972455,-3.279204%26saddr%3Dmalaga%26daddr%3D36.972455,-3.279204%26sll%3D37.029966,-3.4552%26sspn%3D0.491154,1.2854%26ie%3DUTF8%26source%3Dembed%26ll%3D37.028869,-3.457947%26spn%3D0.25354,1.14159\">Ver mapa m\u00e1s grande<\/a><\/p>\n<\/div>\n<div class=\"par_con\">\n<p><strong>Desde Almer\u00eda<\/strong><\/p>\n<\/div>\n<div class=\"par_con\">\n<p>Si usted est\u00e1 conduciendo dentro de Espa\u00f1a, entonces dependiendo de donde usted viene, tendr\u00e1 que pasar por Granada o Motril (ver instrucciones arriba).<\/p>\n<\/div>\n<div class=\"par_con\">\n<p>Si se pierde o necesita m\u00e1s informaci\u00f3n, por favor no dude en enviarme un correo electr\u00f3nico a\u00a0<a href=\"mailto:mofini@btinternet.com\">mofini@btinternet.com<\/a>\u00a0o darme una llamada al tel\u00e9fono +44 (0) 7885410998 (Ingl\u00e9s y espa\u00f1ol hablado).\u00a0Si usted habla espa\u00f1ol tambi\u00e9n puede llamar a Antonio su n\u00famero de m\u00f3vil +34656946652.\u00a0Antonio y su familia viven en Busqu\u00edstar y cuidan el lugar cuando no estamos en los cortijos.<\/p>\n<\/div>\n","protected":false},"excerpt":{"rendered":"<p>[put_wpgm id=1] Ver en el mapa de Google:\u00a036 \u00b0 58&#8217;25.8 \u00abN 3 \u00b0 16&#8217;49.6\u00bb W El aeropuerto m\u00e1s cercano es el de Granada, aunque M\u00e1laga y Almer\u00eda est\u00e1n igual de f\u00e1cil de llegar.\u00a0Desde el aire Reino Unido Ryan y Easy Jet ofrecen vuelos baratos a todos estos aeropuertos. Los coches pueden ser f\u00e1cilmente reservados en &hellip; <a href=\"https:\/\/www.cortijosreyfini.com\/es\/information\/llegar-alli\/\" class=\"more-link\">Continue reading <span class=\"screen-reader-text\">Llegar All\u00ed<\/span><\/a><\/p>\n","protected":false},"author":1,"featured_media":0,"parent":822,"menu_order":0,"comment_status":"closed","ping_status":"closed","template":"page-templates\/no-featured.php","meta":{"om_disable_all_campaigns":false,"_monsterinsights_skip_tracking":false,"_monsterinsights_sitenote_active":false,"_monsterinsights_sitenote_note":"","_monsterinsights_sitenote_category":0},"acf":[],"aioseo_notices":[],"_links":{"self":[{"href":"https:\/\/www.cortijosreyfini.com\/es\/wp-json\/wp\/v2\/pages\/714"}],"collection":[{"href":"https:\/\/www.cortijosreyfini.com\/es\/wp-json\/wp\/v2\/pages"}],"about":[{"href":"https:\/\/www.cortijosreyfini.com\/es\/wp-json\/wp\/v2\/types\/page"}],"author":[{"embeddable":true,"href":"https:\/\/www.cortijosreyfini.com\/es\/wp-json\/wp\/v2\/users\/1"}],"replies":[{"embeddable":true,"href":"https:\/\/www.cortijosreyfini.com\/es\/wp-json\/wp\/v2\/comments?post=714"}],"version-history":[{"count":1,"href":"https:\/\/www.cortijosreyfini.com\/es\/wp-json\/wp\/v2\/pages\/714\/revisions"}],"predecessor-version":[{"id":715,"href":"https:\/\/www.cortijosreyfini.com\/es\/wp-json\/wp\/v2\/pages\/714\/revisions\/715"}],"up":[{"embeddable":true,"href":"https:\/\/www.cortijosreyfini.com\/es\/wp-json\/wp\/v2\/pages\/822"}],"wp:attachment":[{"href":"https:\/\/www.cortijosreyfini.com\/es\/wp-json\/wp\/v2\/media?parent=714"}],"curies":[{"name":"wp","href":"https:\/\/api.w.org\/{rel}","templated":true}]}}