{"id":587,"date":"2016-04-13T10:16:23","date_gmt":"2016-04-13T10:16:23","guid":{"rendered":"http:\/\/wegetcreative.co.uk\/crf\/?page_id=587&#038;lang=es"},"modified":"2016-04-13T10:16:23","modified_gmt":"2016-04-13T10:16:23","slug":"faq","status":"publish","type":"page","link":"https:\/\/www.cortijosreyfini.com\/es\/faq\/","title":{"rendered":"FAQ"},"content":{"rendered":"<div class=\"par_con\">\n<p><strong>Preguntas frecuentes sobre Cortijos Rey Fini y Las Alpujarras, en Sierra Nevada, Espa\u00f1a<\/strong><\/p>\n<\/div>\n<div class=\"par_con\">\n<p><strong>\u00a0<\/strong><\/p>\n<\/div>\n<div class=\"par_con\">\n<p><strong>Todo tipo de emergencia como incendios, ambulancias llame al 112<\/strong><\/p>\n<\/div>\n<div class=\"par_con\">\n<p><strong>\u00a0<\/strong><\/p>\n<\/div>\n<div class=\"par_con\">\n<p><strong>1- \u00bfQu\u00e9 tiene de especial esta parte de Espa\u00f1a?<\/strong><\/p>\n<\/div>\n<div class=\"par_con\">\n<p>Esta parte de Espa\u00f1a sigue siendo virgen, con pueblos de monta\u00f1a que conservan su forma de vida tradicional, pero al mismo tiempo hospitalarios, acostumbrados a los visitantes en la zona, a quienes les dan la bienvenida siempre.<\/p>\n<\/div>\n<div class=\"par_con\">\n<p>\u00a0El paisaje es incre\u00edblemente hermoso y ofrece posibilidades perfectas para senderismo, bicicleta de monta\u00f1a y una paz rodiada de una naturaleza muy bella.\u00a0Las Alpujarras es un lugar para relajarse y descansar, para encontrarse de nuevo y tomar un descanso del estr\u00e9s de la vida cotidiana.<\/p>\n<\/div>\n<div class=\"par_con\">\n<p><strong>2- \u00bfCu\u00e1l es el clima?<\/strong><\/p>\n<\/div>\n<div class=\"par_con\">\n<p>Debido a que usted est\u00e1 enfrentando al Sur, debajo de la Sierra Nevada, nuestros Cortijos disfrutan de un clima mediterr\u00e1neo y es tan soleado como en cualquier lugar en el sur de Espa\u00f1a.\u00a0Por lo general es c\u00e1lido y seco pero fresco debido a la altitud en las noches.<\/p>\n<\/div>\n<div class=\"par_con\">\n<p>Depende de cada estaci\u00f3n de lo que son realmente, ya que cada una tiene algo diferente que ofrecer.<\/p>\n<\/div>\n<div class=\"par_con\">\n<p><strong>Abril \/ Mayo \/ Junio<\/strong>\u00a0&#8211; Tiempo de primavera en la Alpujarra es muy hermosa, con flores silvestres en flor por todas partes.\u00a0Es un buen momento para ir de excursi\u00f3n ya que aunque a menudo es soleado, las temperaturas son buenas para caminar.<\/p>\n<\/div>\n<div class=\"par_con\">\n<p><strong>Julio \/ Agosto<\/strong>\u00a0&#8211; Temporada alta y caliente, aunque debido a la altitud, la vida nunca es demasiado caliente en los cortijos.\u00a0Esta es una \u00e9poca de temporada alta del a\u00f1o, entre los turistas extranjeros, as\u00ed como muchos turistas espa\u00f1oles visitan la regi\u00f3n.\u00a0Usted encontrar\u00e1 las playas ocupados en esta \u00e9poca del a\u00f1o.\u00a0Este es un buen momento del a\u00f1o para los productos de la tierra, disfrutar\u00e1 de mucha fruta fresca y verduras.<\/p>\n<\/div>\n<div class=\"par_con\">\n<p><strong>Septiembre \/ Octubre<\/strong>\u00a0&#8211; Un tiempo precioso y magn\u00edfico para visitar, cuando la mayor\u00eda de los turistas han ido a casa, as\u00ed que todo es m\u00e1s relajado &#8211; es todav\u00eda caliente y bueno para el senderismo y las playas est\u00e1n desiertas &#8211; felicidad!\u00a0Buen momento para visitar la Alhambra.<\/p>\n<\/div>\n<div class=\"par_con\">\n<p><strong>Noviembre a marzo<\/strong><\/p>\n<\/div>\n<div class=\"par_con\">\n<p>Como regla general cerramos por el invierno, pero la estaci\u00f3n de esqu\u00ed y los pueblos que nos rodean son a todos los niveles abiertos. El pueblo de Orgiva que est\u00e1 en la parte m\u00e1s baja de la Alpujarra es m\u00e1s c\u00e1lido en esta \u00e9poca.<\/p>\n<\/div>\n<div class=\"par_con\">\n<p><strong>3- \u00bfS\u00f3lo alquilamos de s\u00e1bado a s\u00e1bado?<\/strong><\/p>\n<\/div>\n<div class=\"par_con\">\n<p>As\u00ed es como nos gusta a operar, pero si esto no le conviene, por favor ponerse en contacto y vamos a ver qu\u00e9 podemos hacer para ayudar.<\/p>\n<\/div>\n<div class=\"par_con\">\n<p><strong>4- \u00bfC\u00f3mo puedo obtener la clave para la casa?<\/strong><\/p>\n<\/div>\n<div class=\"par_con\">\n<p>Nosotros le haremos saber despu\u00e9s de haber confirmado la reserva.<\/p>\n<\/div>\n<div class=\"par_con\">\n<p><strong>5- \u00bfHay s\u00e1banas, toallas?<\/strong><\/p>\n<\/div>\n<div class=\"par_con\">\n<p>Las s\u00e1banas y las toallas est\u00e1n incluido en el precio.<\/p>\n<\/div>\n<div class=\"par_con\">\n<p><strong>6 \u00bfHay una cuna y \/ o silla alta disponible?<\/strong><\/p>\n<\/div>\n<div class=\"par_con\">\n<p>S\u00ed, tenemos disponibles, pero necesitamos nos lo indique, que usted los quiere, anticipadamente.\u00a0No hay ning\u00fan cargo extra por ello.<\/p>\n<\/div>\n<div class=\"par_con\">\n<p><strong>7- \u00bfEn qu\u00e9 medida es la tienda \/ bar m\u00e1s cercano?<\/strong><\/p>\n<\/div>\n<div class=\"par_con\">\n<p>Estamos aproximadamente equidistantes entre 2 pueblos de monta\u00f1a &#8211; Trevelez y Busqu\u00edstar, ambos con tiendas, supermercados y bares &#8211; a unos 4 km de ambos.\u00a0De todos los peque\u00f1os supermercados locales el mejor surtido es el de Pitres.<\/p>\n<\/div>\n<div class=\"par_con\">\n<p><strong>8- \u00bfHay paseos interesantes desde el Cortijo sin conducir a ninguna parte?<\/strong><\/p>\n<\/div>\n<div class=\"par_con\">\n<p>S\u00ed, hay muchos y agradables paseos que puede tomar desde el cortijo.\u00a0Para m\u00e1s informaci\u00f3n echa un vistazo a las Rutas en la secci\u00f3n de Sierra Nevada y si es necesario imprimir los que est\u00e1n interesados en hacer antes de salir y as\u00ed disfrutar durante su estancia en los Cortijos Rey Fini.<\/p>\n<\/div>\n<div class=\"par_con\">\n<p>(Enlace a la secci\u00f3n pie)<\/p>\n<\/div>\n<div class=\"par_con\">\n<p><strong>9- \u00bfHay otras excursiones en la zona?<\/strong><\/p>\n<\/div>\n<div class=\"par_con\">\n<p>Una vez m\u00e1s ver Caminar en la secci\u00f3n de Sierra Nevada en nuestro sitio web.\u00a0Le recomendamos que imprima lo que necesita antes de salir de casa.<\/p>\n<\/div>\n<div class=\"par_con\">\n<p>(Enlace a Caminar en Sierra Nevada)<\/p>\n<\/div>\n<div class=\"par_con\">\n<p><strong>10- \u00bfHay paseos en pony disponibles?<\/strong><\/p>\n<\/div>\n<div class=\"par_con\">\n<p>S\u00ed, hay varias empresas &#8211; ver nuestros enlaces a sitios de equitaci\u00f3n<\/p>\n<\/div>\n<div class=\"par_con\">\n<p><strong>11- \u00bfC\u00f3mo de privado es cada Cortijo cuando los 3 est\u00e1n alquilados?<\/strong><\/p>\n<\/div>\n<div class=\"par_con\">\n<p>Los 3 cortijos est\u00e1n dispuestas de tal manera que usted puede permanecer bastante privado y se denominan una cortijada, son independientes pero est\u00e1n relativamente juntos, por si desea ser muy sociable!\u00a0Cada cortijo tiene su propio espacio exterior para relajarse y nos encontramos con que los hu\u00e9spedes que quieran socializar a menudo lo hacen en la piscina con gran terraza de relax y tumbonas, hamacas, pero de nuevo, siempre hay tiempo para visitar la piscina cuando nadie m\u00e1s est\u00e1 all\u00ed si as\u00ed lo desea.<\/p>\n<\/div>\n<div class=\"par_con\">\n<p><strong>12- \u00bfTendremos nuestra propia lavadora?<\/strong><\/p>\n<\/div>\n<div class=\"par_con\">\n<p>Cada Cortijo tiene su propia lavadora.<\/p>\n<\/div>\n<div class=\"par_con\">\n<p><strong>13- \u00bfHay wifi en los cortijos?<\/strong><\/p>\n<\/div>\n<div class=\"par_con\">\n<p>S\u00ed.\u00a0Para las contrase\u00f1as por favor consulte el manual.\u00a0Sin embargo, si te vas a quedar en la almendra (Walnut) y alrededor de ella el wifi autom\u00e1ticamente Fini_net aparecer\u00e1 en su hardware.\u00a0Si usted est\u00e1 en la nuez (Almond) entonces usted tiene que ver la contrase\u00f1a en la parte posterior del router y escribir en su sistema.<\/p>\n<\/div>\n<div class=\"par_con\">\n<p><strong>14<\/strong>\u00a0&#8211;\u00a0<strong>Parking?<\/strong><\/p>\n<\/div>\n<div class=\"par_con\">\n<p>No hay problema, hay un amplio espacio disponible, para el estacionamiento.\u00a0Pero por regla general y por respeto tratamos de no aparcar en la\u00a0<em>era<\/em>\u00a0por favor (tratamos de conservarla en su estado original).<\/p>\n<\/div>\n<div class=\"par_con\">\n<p><strong>15- \u00bfQu\u00e9 tan bien equipada es la cocina?<\/strong><\/p>\n<\/div>\n<div class=\"par_con\">\n<p>Las cocinas de los cortijos tienen una buena gama de utensilios de cocina, platos, cubiertos, etc. A veces los hu\u00e9spedes comen juntos y as\u00ed platos, etc. pueden mezclarse y a veces terminan todos en un cortijo \u2013 agradeceremos siempre comprueben esto, pero por favor, si usted encuentra que le falta algo en su cocina, hablar con los otros hu\u00e9spedes.<\/p>\n<\/div>\n<div class=\"par_con\">\n<p>Tambi\u00e9n hay suministros b\u00e1sicos como sal, az\u00facar, pasta, etc, pero exactamente esto depender\u00e1 de los hu\u00e9spedes anteriores!\u00a0Si\u00e9ntase libre de utilizar lo que est\u00e1 ah\u00ed, pero por favor tambi\u00e9n evitar cualquier exceso de comida, claro pensando en los futuros clientes.<\/p>\n<\/div>\n<div class=\"par_con\">\n<p><strong>16- \u00bfEst\u00e1 todo el gas, electricidad y agua caliente incluidos en el precio del alquiler?<\/strong><\/p>\n<\/div>\n<div class=\"par_con\">\n<p>S\u00ed, todo est\u00e1 incluido.\u00a0Agua caliente en Pablito y Walnut es calentada por un calentador de gas &#8211; instrucciones en las casas. En Almond hay paneles solares (adem\u00e1s del calentador a gas, como medida de seguridad).<\/p>\n<\/div>\n<div class=\"par_con\">\n<p><strong>17- \u00bfA d\u00f3nde voy si necesito ver a un m\u00e9dico?<\/strong><\/p>\n<\/div>\n<div class=\"par_con\">\n<p>Hay m\u00e9dicos que asisten cada d\u00eda por unas horas y cubren todos los pueblos.\u00a0Hay cl\u00ednicas 24 horas tanto en Pitres y Trev\u00e9lez si necesita ir.<\/p>\n<\/div>\n<div class=\"par_con\">\n<p>Si necesita\u00a0<strong>ambulancias en situaciones de emergencia<\/strong> puede llamar al\u00a0<strong>112<\/strong>\u00a0inclusive para incendios.<\/p>\n<\/div>\n<div class=\"par_con\">\n<p><strong>18- \u00bfA qu\u00e9 distancia se encuentra la playa m\u00e1s cercana?<\/strong><\/p>\n<\/div>\n<div class=\"par_con\">\n<p>Para conducir a la costa toma aproximadamente una hora a hora y media dependiendo a qu\u00e9 playa desea ir.<\/p>\n<\/div>\n<div class=\"par_con\">\n<p>A continuaci\u00f3n, tiene la opci\u00f3n de un mont\u00f3n de diferentes playas para que pueda visitar y a\u00fan m\u00e1s si se quiere ir m\u00e1s lejos- por favor consulte la secci\u00f3n de playas en este sitio web o haga clic aqu\u00ed(enlace presente a las playas en el sitio web)<\/p>\n<\/div>\n<div class=\"par_con\">\n<p><strong>19- \u00bfQu\u00e9 tan seguro es el \u00e1rea?<\/strong><\/p>\n<\/div>\n<div class=\"par_con\">\n<p>Nunca tuvimos ning\u00fan problema en la zona, especialmente en los Cortijos, pero si usted desea, entonces tomar sus llaves con usted cuando est\u00e1 dejando su cortijo por largo tiempo, depende de usted.<\/p>\n<\/div>\n<div class=\"par_con\">\n<p><strong>20- \u00bfQu\u00e9 pasa si pierdo mis llaves o deje en el interior?<\/strong><\/p>\n<\/div>\n<div class=\"par_con\">\n<p>Si cualquiera de las ventanas est\u00e1 abierta luego puede subir y abrir la puerta de esta manera, de lo contrario comun\u00edcate con nosotros.<\/p>\n<\/div>\n<div class=\"par_con\">\n<p><strong>21- \u00bfA qui\u00e9n contactar para problemas generales?<\/strong><\/p>\n<\/div>\n<div class=\"par_con\">\n<p>Depende si habla espa\u00f1ol o no, y qu\u00e9 tan grave es su problema!<\/p>\n<\/div>\n<div class=\"par_con\">\n<p>Para los peque\u00f1os problemas como quedarse sin combustible, presi\u00f3n de agua, etc puede llamar a nuestro jardinero Antonio: +34647031608<\/p>\n<\/div>\n<div class=\"par_con\">\n<p>o enviar un mensaje de texto a Lucy en: +44 (0) 7912204514 Mo: +44 (0) 7885410998<\/p>\n<\/div>\n<div class=\"par_con\">\n<p>o env\u00edenos un correo electr\u00f3nico en mofini@btinternet.com<\/p>\n<\/div>\n<div class=\"par_con\">\n<p><strong>22- \u00bfQu\u00e9 sucede si hay un incendio forestal?<\/strong><\/p>\n<\/div>\n<div class=\"par_con\">\n<p>El n\u00famero del Servicio\u00a0<strong>de Emergencias 112<\/strong>\u00a0Andaluc\u00eda. Recuerde que est\u00e1 en zona de parque natural.<\/p>\n<\/div>\n<div class=\"par_con\">\n<p><strong>23- \u00bfD\u00f3nde puedo obtener le\u00f1a y carb\u00f3n vegetal a partir?<\/strong><\/p>\n<\/div>\n<div class=\"par_con\">\n<p>Carboncillo y encendedores est\u00e1n disponibles en bolsas de la mayor\u00eda de los mini supermercados.<\/p>\n<\/div>\n<div class=\"par_con\">\n<p>La madera es un poco m\u00e1s complicado.\u00a0No nos importa que tome un poco de madera que tengamos, pero la mejor manera para usted es conseguir una sierra y a la vuelta a la granja, buscar troncos secos y cortarlos.\u00a0La mayor parte de la madera en Alpujarras viene de C\u00f3rdoba, a unos 300 kil\u00f3metros de distancia y que cuesta alrededor de \u20ac 70,00 una carretilla as\u00ed que por favor sea medido o comprar su propia madera.\u00a0Si usted nos dice de antemano le podemos suministrar y le cobraremos en consecuencia.<\/p>\n<\/div>\n<div class=\"par_con\">\n<p>Por favor, s\u00f3lo hacer su barbacoa interior de los lugares previstos para ello y las cenizas calientes nunca limpiar o tirar en el bosque.\u00a0Si usted tiene que limpiarlo, utilice un balde con la mitad de agua fr\u00eda y poner la ceniza en el cubo.<\/p>\n<\/div>\n<div class=\"par_con\">\n<p><strong>24- \u00bfC\u00f3mo se enciende la chimenea en el interior?<\/strong><\/p>\n<\/div>\n<div class=\"par_con\">\n<p>a- Si hay una gran cantidad de cenizas apagadas o no calientes, tire de la bandeja debajo de la chimenea y esparcir las cenizas alrededor de la hierba o de \u00e1rboles frutales (nunca tirar los residuos de cenizas en cualquier lugar que est\u00e9 seco fuera por favor !!)<\/p>\n<\/div>\n<div class=\"par_con\">\n<p>Sin embargo, tener un poco de ceniza en el lugar del fuego no es algo malo, ya que ofrece la ropa de cama de fuego y mantiene mejor el calor.<\/p>\n<\/div>\n<div class=\"par_con\">\n<p>b- Con la ayuda de un poco de papel, una pi\u00f1a de cualquier pino de alrededor o usar un encendedor, coloque algunos peque\u00f1os palos en la parte superior de la misma y luego de unos palos de tama\u00f1o medio, creando una pila de madera en forma de pir\u00e1mide.\u00a0Encender el fuego y cerrar inmediatamente las puertezuelas.\u00a0Al mismo tiempo abrir ligeramente la ventana de metal por debajo de la chimenea controlar la cantidad de aire.<\/p>\n<\/div>\n<div class=\"par_con\">\n<p>Usted ver\u00e1 en pocos minutos usted como tiene un buen fuego.<\/p>\n<\/div>\n<div class=\"par_con\">\n<p>c- Ahora abra las puertas y ajustar la ventana de metal de abajo para obtener una llama ardiente y perfecta.\u00a0Coloque troncos m\u00e1s grandes en la parte superior.<\/p>\n<\/div>\n<div class=\"par_con\">\n<p><strong>25- \u00bfQu\u00e9 hago si rompo algo?<\/strong><\/p>\n<\/div>\n<div class=\"par_con\">\n<p>Tratamos de funcionar de manera diferente de la mayor\u00eda de las personas que alquilan sus lugares.\u00a0Nos encanta ser libres y odio inventariar cada vez que alguien entra o sale y comprobar todo de nuevo.\u00a0Vivir con la confianza es la mejor manera.\u00a0Si rompes algo s\u00f3lo nos deja una nota y algo de dinero.\u00a0Para su referencia la mayor\u00eda de nuestras copas de vino son hechas a mano en M\u00e9xico y si se rompe alguno entonces el cargo es \u20ac7.00 por vasos o copas y platos si son hechos a mano \u20ac 10.00.\u00a0Si son producidos en masa, lo dejamos a su discreci\u00f3n.<\/p>\n<\/div>\n<div class=\"par_con\">\n<p><strong>26- \u00bfA qu\u00e9 distancia est\u00e1 la Alhambra y Granada y el aeropuerto de Granada?<\/strong><\/p>\n<\/div>\n<div class=\"par_con\">\n<p>Para estar seguros d\u00e9 se una hora y media a la Alhambra y a Granada.<\/p>\n<\/div>\n<div class=\"par_con\">\n<p><strong>27- Si yo vengo de M\u00e1laga, que salida tomo a sus Cortijos?<\/strong><\/p>\n<\/div>\n<div class=\"par_con\">\n<p>Conduzca del aeropuerto de M\u00e1laga por la autov\u00eda, tomar la salida 175 se\u00f1alizada Orgiva y Alpujarras.<\/p>\n<\/div>\n<div class=\"par_con\">\n<p><strong>28 \u00bfCual es la vida nocturna en la zona?<\/strong><\/p>\n<\/div>\n<div class=\"par_con\">\n<p>En t\u00e9rminos generales nuestros lugares son un refugio y libre de ruido, los coches y la vida de la ciudad ruidosa.\u00a0Durante el verano hay un mont\u00f3n de peque\u00f1os conciertos y fiestas en todos los pueblos de los alrededores.\u00a0Sin embargo la mayor\u00eda de las fiestas en Alpujarras son decepcionantes, normalmente con m\u00fasica mala y fuerte y un mont\u00f3n de cerveza.\u00a0As\u00ed que nuestro consejo es que si usted est\u00e1 despu\u00e9s de la vida nocturna entonces Alpujarras no es para ti!<\/p>\n<\/div>\n<div class=\"par_con\">\n<p><strong>29- \u00bfPodemos llevar a los ni\u00f1os?<\/strong><\/p>\n<\/div>\n<div class=\"par_con\">\n<p>Nosotros amamos y damos la bienvenida a todos los ni\u00f1os (de buen comportamiento queridos, pueden obtener una lecci\u00f3n sobre c\u00f3mo hacer su propia pizza!)<\/p>\n<\/div>\n<div class=\"par_con\">\n<p><strong>30- \u00bfPodemos utilizar la piscina?<\/strong><\/p>\n<\/div>\n<div class=\"par_con\">\n<p>S\u00ed, por supuesto, la piscina es compartida entre las tres casas.\u00a0Sin embargo hay que respetar a los dem\u00e1s, especialmente en julio y agosto, cuando las tres caba\u00f1as est\u00e1n alquiladas.\u00a0Si usted tiene ni\u00f1os peque\u00f1os que les gusta jugar en la piscina, entonces simplemente informar a otros que se van a ocupar de la piscina y estar\u00e1 fuera por un tiempo espec\u00edfico.\u00a0Puede ser muy molesto cuando haya varios ni\u00f1os gritando y saltando en la piscina y todo lo que quieres es un simple chapuz\u00f3n r\u00e1pido!<\/p>\n<\/div>\n<div class=\"par_con\">\n<p><strong>31 \u00bfQu\u00e9 tipo de calefacci\u00f3n es all\u00ed?<\/strong><\/p>\n<\/div>\n<div class=\"par_con\">\n<p>Todos los Cortijos tienen chimeneas.\u00a0En Pabito y Walnut usted debe mantener las puertas de los hornos cerrados mientras se quema mientras Almond puede dejarse abierta y tambi\u00e9n se utiliza para la barbacoa.<\/p>\n<\/div>\n<div class=\"par_con\">\n<p><strong>32- \u00bfHay bancos locales cerca?<\/strong><\/p>\n<\/div>\n<div class=\"par_con\">\n<p>Si la mayor\u00eda de los pueblos como Trev\u00e9lez, P\u00f3rtugos, Pitres tienen los bancos.\u00a0Sin embargo no hay banco en Busqu\u00edstar.<\/p>\n<\/div>\n<div class=\"par_con\">\n<p><strong>33- \u00bfQu\u00e9 pasa con los perros?<\/strong><\/p>\n<\/div>\n<div class=\"par_con\">\n<p>Por regla general no preferimos tener perros alrededor, especialmente dentro de cualquiera de los Cortijos.<\/p>\n<\/div>\n<div class=\"par_con\">\n<p><strong>34- \u00bfQu\u00e9 pasa con el agua potable?<\/strong><\/p>\n<\/div>\n<div class=\"par_con\">\n<p>Nuestros grifos normales llevan el agua a partir de 4 kms hasta la Sierra Nevada y puede que no sea segura para beber a menos que hierva primero.\u00a0Sin embargo, tenemos nuestra propia manguera que, durante la mayor parte del a\u00f1o nos ofrece agua potable.\u00a0Usted encontrar\u00e1 un grifo junto a Almond cortijo, por los pasos cerca de las plantas de banano y otra por la barbacoa exterior Nogal. Si te vas a quedar en Pablito entonces le recomendamos obtener el agua del grifo de Almond cortijo.\u00a0Sin embargo, si por casualidad nuestra primavera seca luego tomar las botellas y envases de pl\u00e1stico con usted cuando usted sale y se puede rellenar en la mayor\u00eda de los pueblos en la plaza principal, donde hay fuentes de agua potable.<\/p>\n<\/div>\n<div class=\"par_con\">\n<p><strong>35- \u00bfQui\u00e9nes son nuestros anfitriones?<\/strong><\/p>\n<\/div>\n<div class=\"par_con\">\n<p>Cortijos Rey Fini (anteriormente conocido como Cortijos del Rey) fue comprado por Mo Fini y Lucy Davies en 2002\u00a0(enlace a esta 22 preguntas m\u00e1s frecuentes)<\/p>\n<\/div>\n<div class=\"par_con\">\n<p>\u00a1Uy!\u00a0Nos perdimos de algunas preguntas frecuentes, despu\u00e9s, haga\u00a0<strong>clic<\/strong>\u00a0aqu\u00ed.<\/p>\n<\/div>\n","protected":false},"excerpt":{"rendered":"<p>Preguntas frecuentes sobre Cortijos Rey Fini y Las Alpujarras, en Sierra Nevada, Espa\u00f1a \u00a0 Todo tipo de emergencia como incendios, ambulancias llame al 112 \u00a0 1- \u00bfQu\u00e9 tiene de especial esta parte de Espa\u00f1a? Esta parte de Espa\u00f1a sigue siendo virgen, con pueblos de monta\u00f1a que conservan su forma de vida tradicional, pero al mismo &hellip; <a href=\"https:\/\/www.cortijosreyfini.com\/es\/faq\/\" class=\"more-link\">Continue reading <span class=\"screen-reader-text\">FAQ<\/span><\/a><\/p>\n","protected":false},"author":1,"featured_media":0,"parent":0,"menu_order":0,"comment_status":"closed","ping_status":"closed","template":"","meta":{"om_disable_all_campaigns":false,"_monsterinsights_skip_tracking":false,"_monsterinsights_sitenote_active":false,"_monsterinsights_sitenote_note":"","_monsterinsights_sitenote_category":0},"acf":[],"aioseo_notices":[],"_links":{"self":[{"href":"https:\/\/www.cortijosreyfini.com\/es\/wp-json\/wp\/v2\/pages\/587"}],"collection":[{"href":"https:\/\/www.cortijosreyfini.com\/es\/wp-json\/wp\/v2\/pages"}],"about":[{"href":"https:\/\/www.cortijosreyfini.com\/es\/wp-json\/wp\/v2\/types\/page"}],"author":[{"embeddable":true,"href":"https:\/\/www.cortijosreyfini.com\/es\/wp-json\/wp\/v2\/users\/1"}],"replies":[{"embeddable":true,"href":"https:\/\/www.cortijosreyfini.com\/es\/wp-json\/wp\/v2\/comments?post=587"}],"version-history":[{"count":1,"href":"https:\/\/www.cortijosreyfini.com\/es\/wp-json\/wp\/v2\/pages\/587\/revisions"}],"predecessor-version":[{"id":588,"href":"https:\/\/www.cortijosreyfini.com\/es\/wp-json\/wp\/v2\/pages\/587\/revisions\/588"}],"wp:attachment":[{"href":"https:\/\/www.cortijosreyfini.com\/es\/wp-json\/wp\/v2\/media?parent=587"}],"curies":[{"name":"wp","href":"https:\/\/api.w.org\/{rel}","templated":true}]}}