{"id":569,"date":"2016-04-13T09:54:48","date_gmt":"2016-04-13T09:54:48","guid":{"rendered":"http:\/\/wegetcreative.co.uk\/crf\/?page_id=569&#038;lang=es"},"modified":"2025-11-13T14:29:53","modified_gmt":"2025-11-13T14:29:53","slug":"precios","status":"publish","type":"page","link":"https:\/\/www.cortijosreyfini.com\/es\/alojamientos\/precios\/","title":{"rendered":"Precios"},"content":{"rendered":"<table id=\"prices\" class=\"pure-table pure-table-bordered aligncenter\" border=\"1\">\n<tbody>\n<tr>\n<td><\/td>\n<td><strong>Temporada Alta<\/strong><br \/>\n(1 Julio &#8211; 31 Agosto)<\/td>\n<td><strong>Temporada Baja<\/strong><br \/>\n(1 Junio &#8211; 30 Septiembre )<\/td>\n<\/tr>\n<tr>\n<td><a href=\"http:\/\/www.cortijosreyfini.com\/cottages\/pablito\/?lang=es\">Pablito<\/a><\/td>\n<td>\u20ac490.00 por semana<\/td>\n<td>\u20ac370.00 por semana<\/td>\n<\/tr>\n<tr>\n<td><a href=\"http:\/\/www.cortijosreyfini.com\/cottages\/almond\/?lang=es\">Almond<\/a><\/td>\n<td>\u20ac1470.00 por semana<\/td>\n<td>\u20ac1260.00 por semana<\/td>\n<\/tr>\n<tr>\n<td><a href=\"http:\/\/www.cortijosreyfini.com\/cottages\/walnut\/?lang=es\">Walnut<\/a><\/td>\n<td>\u20ac980.00 por semana<\/td>\n<td>\u20ac790.00 por semana<\/td>\n<\/tr>\n<\/tbody>\n<\/table>\n<p>Toallas y sabanas estan incluidas en los precios cotizados.<\/p>\n<p>Todos los precios incluyen gas, electricidad, agua caliente y calefacci\u00f3n , pero hay un cargo adicional de 30,00 \u20ac al cortijo que se da a la aspiradora .<\/p>\n<p>Semanas comienzan y mediod\u00eda final s\u00e1bado, sin embargo , cada vez que se nos aseguraremos de que los d\u00edas son flexibles.<\/p>\n<p>Para hacer una reserva por favor p\u00f3ngase en contacto con nosotros.<\/p>\n<p>Le deseamos una agradable estancia en nuestro para\u00edso<\/p>\n","protected":false},"excerpt":{"rendered":"<p>Temporada Alta (1 Julio &#8211; 31 Agosto) Temporada Baja (1 Junio &#8211; 30 Septiembre ) Pablito \u20ac490.00 por semana \u20ac370.00 por semana Almond \u20ac1470.00 por semana \u20ac1260.00 por semana Walnut \u20ac980.00 por semana \u20ac790.00 por semana Toallas y sabanas estan incluidas en los precios cotizados. Todos los precios incluyen gas, electricidad, agua caliente y calefacci\u00f3n &hellip; <a href=\"https:\/\/www.cortijosreyfini.com\/es\/alojamientos\/precios\/\" class=\"more-link\">Continue reading <span class=\"screen-reader-text\">Precios<\/span><\/a><\/p>\n","protected":false},"author":1,"featured_media":0,"parent":612,"menu_order":0,"comment_status":"closed","ping_status":"closed","template":"","meta":{"om_disable_all_campaigns":false,"_monsterinsights_skip_tracking":false,"_monsterinsights_sitenote_active":false,"_monsterinsights_sitenote_note":"","_monsterinsights_sitenote_category":0},"acf":[],"aioseo_notices":[],"_links":{"self":[{"href":"https:\/\/www.cortijosreyfini.com\/es\/wp-json\/wp\/v2\/pages\/569"}],"collection":[{"href":"https:\/\/www.cortijosreyfini.com\/es\/wp-json\/wp\/v2\/pages"}],"about":[{"href":"https:\/\/www.cortijosreyfini.com\/es\/wp-json\/wp\/v2\/types\/page"}],"author":[{"embeddable":true,"href":"https:\/\/www.cortijosreyfini.com\/es\/wp-json\/wp\/v2\/users\/1"}],"replies":[{"embeddable":true,"href":"https:\/\/www.cortijosreyfini.com\/es\/wp-json\/wp\/v2\/comments?post=569"}],"version-history":[{"count":5,"href":"https:\/\/www.cortijosreyfini.com\/es\/wp-json\/wp\/v2\/pages\/569\/revisions"}],"predecessor-version":[{"id":1876,"href":"https:\/\/www.cortijosreyfini.com\/es\/wp-json\/wp\/v2\/pages\/569\/revisions\/1876"}],"up":[{"embeddable":true,"href":"https:\/\/www.cortijosreyfini.com\/es\/wp-json\/wp\/v2\/pages\/612"}],"wp:attachment":[{"href":"https:\/\/www.cortijosreyfini.com\/es\/wp-json\/wp\/v2\/media?parent=569"}],"curies":[{"name":"wp","href":"https:\/\/api.w.org\/{rel}","templated":true}]}}