{"id":562,"date":"2016-04-13T09:50:41","date_gmt":"2016-04-13T09:50:41","guid":{"rendered":"http:\/\/wegetcreative.co.uk\/crf\/?page_id=562&#038;lang=es"},"modified":"2016-04-13T09:50:41","modified_gmt":"2016-04-13T09:50:41","slug":"piscina","status":"publish","type":"page","link":"https:\/\/www.cortijosreyfini.com\/es\/alojamientos\/piscina\/","title":{"rendered":"Piscina"},"content":{"rendered":"<div class=\"par_con\">\n<p>Por favor, recuerde que la piscina es para ser compartida por todos los invitados.<\/p>\n<\/div>\n<div class=\"par_con\">\n<p>Si usted tiene ni\u00f1os por favor recuerde que flotadores y juguetes de pl\u00e1stico no puede ser ideal para otros hu\u00e9spedes y si se utiliza alguno de estos art\u00edculos por favor retirarlos del agua al salir de la piscina.\u00a0Tambi\u00e9n tenga en cuenta que las personas que no tienen hijos pueden tener diferentes ideas de vacaciones y en ocasiones pueden querer venir a nadar tranquilo, sin ni\u00f1os gritando y saltando dentro y fuera de la piscina.<\/p>\n<\/div>\n<div class=\"par_con\">\n<p>Por favor, aseg\u00farese de que si cualquier cosa (los juguetes de pl\u00e1stico, flotadores, brazaletes, cintas para el pelo, etc.) se han ca\u00eddo en la piscina que tambi\u00e9n sea recogida.\u00a0Los objetos grandes han causado muchos problemas con nuestro drenaje y objetos peque\u00f1os tambi\u00e9n causan problemas para el purificador de agua.<\/p>\n<\/div>\n<div class=\"par_con\">\n<p>Como una cuesti\u00f3n de cortes\u00eda por favor cubrir la piscina si usted es la \u00faltima persona que la usa.\u00a0Para ello hay una gran cuerda azul que cuelga en el \u00e1rbol de granada en el otro extremo de la pecina. Utilice este y atarlo al ring en el centro de la tapa y luego caminar hasta el otro extremo de la piscina dejando que la cadena vaya al caminar.\u00a0P\u00e1rese en el centro y tire de la cuerda suavemente hacia usted hasta que la hoja llega y cubre la piscina.\u00a0Cuando est\u00e1 completamente cubierto deshacer la cadena y rodar y colgarlo de nuevo en el \u00e1rbol, ya que la necesitar\u00e1 en la ma\u00f1ana para descubrir la piscina.<\/p>\n<\/div>\n<div class=\"par_con\">\n<p>Para descubrir s\u00f3lo tiene que utilizar la rueda a cada lado para enrollarla.<\/p>\n<\/div>\n<div class=\"par_con\">\n<p>Hay una red en la piscina para la limpieza de la piscina de los insectos &#8211; esto normalmente se mantiene en la sombra bajo el \u00e1rbol de pino que el sol quema r\u00e1pidamente.<\/p>\n<\/div>\n<div class=\"par_con\">\n<p>Como punto final de la cortes\u00eda si utiliza diferentes hamacas o tablas favor no dispersar sus posesiones por varios lugares, que otros invitados pueden pensar que est\u00e1n totalmente ocupados.<\/p>\n<\/div>\n<div class=\"par_con\">\n<p>Por favor, recuerde que las hamacas no son para jugar, son para relajarse &#8211; la hamaca podr\u00eda da\u00f1ar a una persona por la rotura, si los ni\u00f1os juegan en ellas y podr\u00eda ocasionar un considerable da\u00f1o a usted o a sus hijos.<\/p>\n<\/div>\n","protected":false},"excerpt":{"rendered":"<p>Por favor, recuerde que la piscina es para ser compartida por todos los invitados. Si usted tiene ni\u00f1os por favor recuerde que flotadores y juguetes de pl\u00e1stico no puede ser ideal para otros hu\u00e9spedes y si se utiliza alguno de estos art\u00edculos por favor retirarlos del agua al salir de la piscina.\u00a0Tambi\u00e9n tenga en cuenta &hellip; <a href=\"https:\/\/www.cortijosreyfini.com\/es\/alojamientos\/piscina\/\" class=\"more-link\">Continue reading <span class=\"screen-reader-text\">Piscina<\/span><\/a><\/p>\n","protected":false},"author":1,"featured_media":210,"parent":612,"menu_order":0,"comment_status":"closed","ping_status":"closed","template":"","meta":{"om_disable_all_campaigns":false,"_monsterinsights_skip_tracking":false,"_monsterinsights_sitenote_active":false,"_monsterinsights_sitenote_note":"","_monsterinsights_sitenote_category":0},"acf":[],"aioseo_notices":[],"_links":{"self":[{"href":"https:\/\/www.cortijosreyfini.com\/es\/wp-json\/wp\/v2\/pages\/562"}],"collection":[{"href":"https:\/\/www.cortijosreyfini.com\/es\/wp-json\/wp\/v2\/pages"}],"about":[{"href":"https:\/\/www.cortijosreyfini.com\/es\/wp-json\/wp\/v2\/types\/page"}],"author":[{"embeddable":true,"href":"https:\/\/www.cortijosreyfini.com\/es\/wp-json\/wp\/v2\/users\/1"}],"replies":[{"embeddable":true,"href":"https:\/\/www.cortijosreyfini.com\/es\/wp-json\/wp\/v2\/comments?post=562"}],"version-history":[{"count":1,"href":"https:\/\/www.cortijosreyfini.com\/es\/wp-json\/wp\/v2\/pages\/562\/revisions"}],"predecessor-version":[{"id":563,"href":"https:\/\/www.cortijosreyfini.com\/es\/wp-json\/wp\/v2\/pages\/562\/revisions\/563"}],"up":[{"embeddable":true,"href":"https:\/\/www.cortijosreyfini.com\/es\/wp-json\/wp\/v2\/pages\/612"}],"wp:featuredmedia":[{"embeddable":true,"href":"https:\/\/www.cortijosreyfini.com\/es\/wp-json\/wp\/v2\/media\/210"}],"wp:attachment":[{"href":"https:\/\/www.cortijosreyfini.com\/es\/wp-json\/wp\/v2\/media?parent=562"}],"curies":[{"name":"wp","href":"https:\/\/api.w.org\/{rel}","templated":true}]}}