{"id":552,"date":"2016-04-05T14:38:07","date_gmt":"2016-04-05T14:38:07","guid":{"rendered":"http:\/\/wegetcreative.co.uk\/crf\/sample-page\/?lang=es"},"modified":"2016-05-16T13:32:22","modified_gmt":"2016-05-16T13:32:22","slug":"sample-page","status":"publish","type":"page","link":"https:\/\/www.cortijosreyfini.com\/es\/","title":{"rendered":"Cortijos Rey Fini"},"content":{"rendered":"<div class=\"par_con\">\n<div class=\"par_con\">\n<p style=\"text-align: center;\">Bienvenido a\u00a0<strong>Cortijos Rey Fini,<\/strong>\u00a0en las Alpujarras, en el coraz\u00f3n de Sierra Nevada Andaluc\u00eda, sur de Espa\u00f1a.\u00a0Tres villas para vacacionar unifamiliares conocidas como Cortijos con piscina situados entre la hist\u00f3rica ciudad de Granada y la costa mediterr\u00e1nea conocida como Costa Tropical.<\/p>\n<p style=\"text-align: center;\">Los alojamientos con cocina est\u00e1n situados entre las localidades de Busqu\u00edstar y Trevelez y 25 km de la ciudad de\u00a0<strong><em>Orgiva.<\/em><\/strong>\u00a0Estas villas con cocina o casas de campo tambi\u00e9n conocidas localmente como casa rural se encuentra en el coraz\u00f3n de Las Alpujarras, en el Parque Nacional de Sierra Nevada, cerca de Granada, Andaluc\u00eda.<\/p>\n<\/div>\n<div class=\"par_con\">\n<p style=\"text-align: center;\">Su ubicaci\u00f3n geogr\u00e1fica \u00fanica lo hace ideal para llegar a las hermosas playas del Mediterr\u00e1neo al sur y al hist\u00f3rico Palacio de la Alhambra de Granada hacia el norte.<\/p>\n<p style=\"text-align: center;\">Los cortijos con cocina o casas de campo ofrecen alojamiento en tres casas unifamiliares independientes, capaz de dormir 14 personas, todas en un terreno de 16 hect\u00e1reas.\u00a0Cuenta con una gran piscine.<\/p>\n<figure class=\"captionjs stacked\"><\/figure>\n<p style=\"text-align: center;\">Los pueblos blancos de Bubi\u00f3n, Capileira y Pampaneira en la ladera de la Sierra Nevada de Andaluc\u00eda se encuentran a poca distancia en coche, la ciudad de Orgiva est\u00e1 de aproximadamente a\u00a030 minutos y la famosa Alhambra de Granada est\u00e1 algo m\u00e1s de una hora de distancia.\u00a0Es una ubicaci\u00f3n ideal para las playas de Salobre\u00f1a, Calahonda y La Herradura, que tambi\u00e9n son m\u00e1s de una hora de distancia.\u00a0La nueva carretera que va desde el aeropuerto de M\u00e1laga a Almer\u00eda y Cabo de Gata pasa a trav\u00e9s de Motril cerca de Orgiva que significa un viaje desde M\u00e1laga a nuestro Cortijos poco m\u00e1s de dos horas y desde el aeropuerto de M\u00e1laga 2:30 minutos m\u00e1ximo.<\/p>\n<\/div>\n<\/div>\n","protected":false},"excerpt":{"rendered":"<p>Bienvenido a\u00a0Cortijos Rey Fini,\u00a0en las Alpujarras, en el coraz\u00f3n de Sierra Nevada Andaluc\u00eda, sur de Espa\u00f1a.\u00a0Tres villas para vacacionar unifamiliares conocidas como Cortijos con piscina situados entre la hist\u00f3rica ciudad de Granada y la costa mediterr\u00e1nea conocida como Costa Tropical. Los alojamientos con cocina est\u00e1n situados entre las localidades de Busqu\u00edstar y Trevelez y 25 &hellip; <a href=\"https:\/\/www.cortijosreyfini.com\/es\/\" class=\"more-link\">Continue reading <span class=\"screen-reader-text\">Cortijos Rey Fini<\/span><\/a><\/p>\n","protected":false},"author":1,"featured_media":838,"parent":0,"menu_order":0,"comment_status":"closed","ping_status":"closed","template":"page-templates\/home.php","meta":{"om_disable_all_campaigns":false,"_monsterinsights_skip_tracking":false,"_monsterinsights_sitenote_active":false,"_monsterinsights_sitenote_note":"","_monsterinsights_sitenote_category":0},"acf":[],"aioseo_notices":[],"_links":{"self":[{"href":"https:\/\/www.cortijosreyfini.com\/es\/wp-json\/wp\/v2\/pages\/552"}],"collection":[{"href":"https:\/\/www.cortijosreyfini.com\/es\/wp-json\/wp\/v2\/pages"}],"about":[{"href":"https:\/\/www.cortijosreyfini.com\/es\/wp-json\/wp\/v2\/types\/page"}],"author":[{"embeddable":true,"href":"https:\/\/www.cortijosreyfini.com\/es\/wp-json\/wp\/v2\/users\/1"}],"replies":[{"embeddable":true,"href":"https:\/\/www.cortijosreyfini.com\/es\/wp-json\/wp\/v2\/comments?post=552"}],"version-history":[{"count":3,"href":"https:\/\/www.cortijosreyfini.com\/es\/wp-json\/wp\/v2\/pages\/552\/revisions"}],"predecessor-version":[{"id":557,"href":"https:\/\/www.cortijosreyfini.com\/es\/wp-json\/wp\/v2\/pages\/552\/revisions\/557"}],"wp:featuredmedia":[{"embeddable":true,"href":"https:\/\/www.cortijosreyfini.com\/es\/wp-json\/wp\/v2\/media\/838"}],"wp:attachment":[{"href":"https:\/\/www.cortijosreyfini.com\/es\/wp-json\/wp\/v2\/media?parent=552"}],"curies":[{"name":"wp","href":"https:\/\/api.w.org\/{rel}","templated":true}]}}