{"id":1456,"date":"2018-01-26T12:09:30","date_gmt":"2018-01-26T12:09:30","guid":{"rendered":"http:\/\/www.cortijosreyfini.com\/?page_id=1456\/"},"modified":"2018-01-26T12:10:27","modified_gmt":"2018-01-26T12:10:27","slug":"weather-las-alpujarras","status":"publish","type":"page","link":"https:\/\/www.cortijosreyfini.com\/es\/information\/weather-las-alpujarras\/","title":{"rendered":"Tiempo"},"content":{"rendered":"<div class=\"par_con\">\n<p><strong>Tiempo en Las Alpujarras<\/strong><\/p>\n<\/div>\n<div class=\"par_con\">\n<p>Cortijos rey fini disfruta de un clima mediterr\u00e1neo debido al hecho de que estamos frente a Sur, debajo de la Sierra Nevada y es tan soleado como en cualquier lugar en el sur de Espa\u00f1a.\u00a0Por lo general es c\u00e1lido y seco durante el d\u00eda, pero fr\u00edo por las noches debido a la altitud.<\/p>\n<\/div>\n<div class=\"par_con\">\n<p>Usted encontrar\u00e1 que cada estaci\u00f3n tiene algo diferente que ofrecer en las Alpujarras:<\/p>\n<\/div>\n<div class=\"par_con\">\n<p><strong>Abril \/ Mayo \/ Junio<\/strong>\u00a0&#8211; primavera en la Alpujarra es muy hermosa, con flores silvestres en flor por todas partes.\u00a0Es un buen momento para ir de excursi\u00f3n ya que aunque a menudo soleado, las temperaturas son buenas para caminar.<\/p>\n<\/div>\n<div class=\"par_con\">\n<p><strong>Julio \/ Agosto<\/strong>\u00a0&#8211; Temporada alta y caliente, aunque debido a la altitud, la vida nunca es demasiado caliente en los cortijos.<\/p>\n<\/div>\n<div class=\"par_con\">\n<p><strong>Septiembre \/ Octubre<\/strong>\u00a0&#8211; El oto\u00f1o es maravilloso en las Alpujarras, todav\u00eda es c\u00e1lido durante el d\u00eda, pero sin el intenso calor de los meses de verano y las noches cada vez m\u00e1s fr\u00edos.<\/p>\n<\/div>\n<div class=\"par_con\">\n<p><strong>Noviembre a marzo &#8211;<\/strong>\u00a0Como regla cerramos los cortijos durante los meses de invierno, pero la estaci\u00f3n de esqu\u00ed y los pueblos que nos rodean son a todos los niveles abiertos e inclusive el pueblo m\u00e1s bajo como Orgiva es mucho m\u00e1s c\u00e1lido en esta \u00e9poca.\u00a0Invierno, aunque fr\u00edo, todav\u00eda tienden a tener d\u00edas soleados con temperaturas que caen dr\u00e1sticamente una vez que el sol se pone.<\/p>\n<\/div>\n<div class=\"par_con\">\n<p>Hay muchos sitios para ir con este clima: Para la mayor\u00eda de espa\u00f1oles es temporada Alta para el esqu\u00ed, si va a subir Sierra Nevada o ir de excursi\u00f3n en los niveles m\u00e1s altos de la zona.\u00a0Tambi\u00e9n hay un mont\u00f3n de buena informaci\u00f3n sobre\u00a0caminar, trekking, y esquiando. Deporte de Invierno.<\/p>\n<\/div>\n<div class=\"par_con\">\n<p><a href=\"https:\/\/translate.google.com\/translate?hl=en&amp;prev=_t&amp;sl=auto&amp;tl=es&amp;u=http:\/\/www.spanishhighs.co.uk\/weather-sierra-nevada.php\">http:\/\/www.spanishhighs.co.uk\/weather-sierra-nevada.php<\/a><\/p>\n<\/div>\n<div class=\"par_con\">\n<p>Para todos los d\u00edas y una previsi\u00f3n de 10 d\u00edas se puede visitar el siguiente sitio web:<\/p>\n<\/div>\n<div class=\"par_con\">\n<p><a href=\"https:\/\/translate.google.com\/translate?hl=en&amp;prev=_t&amp;sl=auto&amp;tl=es&amp;u=http:\/\/www.weather-forecast.com\/locations\/Alpujarra-Granadina\/forecasts\/latest\">http:\/\/www.weather-forecast.com\/locations\/Alpujarra-Granadina\/forecasts\/latest<\/a><\/p>\n<\/div>\n","protected":false},"excerpt":{"rendered":"<p>Tiempo en Las Alpujarras Cortijos rey fini disfruta de un clima mediterr\u00e1neo debido al hecho de que estamos frente a Sur, debajo de la Sierra Nevada y es tan soleado como en cualquier lugar en el sur de Espa\u00f1a.\u00a0Por lo general es c\u00e1lido y seco durante el d\u00eda, pero fr\u00edo por las noches debido a &hellip; <a href=\"https:\/\/www.cortijosreyfini.com\/es\/information\/weather-las-alpujarras\/\" class=\"more-link\">Continue reading <span class=\"screen-reader-text\">Tiempo<\/span><\/a><\/p>\n","protected":false},"author":1,"featured_media":838,"parent":822,"menu_order":0,"comment_status":"closed","ping_status":"closed","template":"","meta":{"om_disable_all_campaigns":false,"_monsterinsights_skip_tracking":false,"_monsterinsights_sitenote_active":false,"_monsterinsights_sitenote_note":"","_monsterinsights_sitenote_category":0},"acf":[],"aioseo_notices":[],"_links":{"self":[{"href":"https:\/\/www.cortijosreyfini.com\/es\/wp-json\/wp\/v2\/pages\/1456"}],"collection":[{"href":"https:\/\/www.cortijosreyfini.com\/es\/wp-json\/wp\/v2\/pages"}],"about":[{"href":"https:\/\/www.cortijosreyfini.com\/es\/wp-json\/wp\/v2\/types\/page"}],"author":[{"embeddable":true,"href":"https:\/\/www.cortijosreyfini.com\/es\/wp-json\/wp\/v2\/users\/1"}],"replies":[{"embeddable":true,"href":"https:\/\/www.cortijosreyfini.com\/es\/wp-json\/wp\/v2\/comments?post=1456"}],"version-history":[{"count":2,"href":"https:\/\/www.cortijosreyfini.com\/es\/wp-json\/wp\/v2\/pages\/1456\/revisions"}],"predecessor-version":[{"id":1460,"href":"https:\/\/www.cortijosreyfini.com\/es\/wp-json\/wp\/v2\/pages\/1456\/revisions\/1460"}],"up":[{"embeddable":true,"href":"https:\/\/www.cortijosreyfini.com\/es\/wp-json\/wp\/v2\/pages\/822"}],"wp:featuredmedia":[{"embeddable":true,"href":"https:\/\/www.cortijosreyfini.com\/es\/wp-json\/wp\/v2\/media\/838"}],"wp:attachment":[{"href":"https:\/\/www.cortijosreyfini.com\/es\/wp-json\/wp\/v2\/media?parent=1456"}],"curies":[{"name":"wp","href":"https:\/\/api.w.org\/{rel}","templated":true}]}}