{"id":1454,"date":"2018-01-26T12:08:31","date_gmt":"2018-01-26T12:08:31","guid":{"rendered":"http:\/\/www.cortijosreyfini.com\/?page_id=1454\/"},"modified":"2018-01-26T12:08:31","modified_gmt":"2018-01-26T12:08:31","slug":"transporte-local-2","status":"publish","type":"page","link":"https:\/\/www.cortijosreyfini.com\/es\/information\/transporte-local-2\/","title":{"rendered":"Transporte Local"},"content":{"rendered":"<div class=\"par_con\">\n<p>Espa\u00f1a tiene un excelente servicio de autobuses p\u00fablicos y trenes.\u00a0Hay autobuses locales de Trevelez que pasan por la entrada de los cortijos 3 veces al d\u00eda hacia Orgiva.\u00a0Estos autobuses terminan en Granada, pero se puede cambiar de autob\u00fas en Orgiva a Motril, M\u00e1laga y otros destinos.\u00a0El primer autob\u00fas sale a las 5:30 am de Trevelez y pasa por los cortijos aproximadamente 5.45am.\u00a0Con tal de que te puedan ver normalmente se detendr\u00e1n.\u00a0Para m\u00e1s horarios v\u00e9anse las notas al final del manual.\u00a0Hay taxis disponibles tanto a nivel local como a los aeropuertos.\u00a0Las reservas pueden hacerse tanto en el mismo transporte o por tel\u00e9fono.\u00a0<em>Autobuses Y Taxi M\u00e1rquez<\/em>\u00a0basado en Pitres tener taxis individuales, minbuses y autobuses.\u00a0Por sus precios y detalles visite nuestro sitio web o las notas al final de este manual.<\/p>\n<\/div>\n<div class=\"par_con\">\n<p><strong>Taxis y autobuses<\/strong><\/p>\n<\/div>\n<div class=\"par_con\">\n<p>Por favor, recuerde que hay muchos taxis y empresas.\u00a0S\u00f3lo recomendamos el que confiamos y utilizamos regularmente.\u00a0Los precios pueden variar y ser\u00e1n los precios que las empresas le cobran directamente. Tambi\u00e9n los horarios est\u00e1n sujetos a cambios sin previo aviso.\u00a0Por favor verifique en ellos.\u00a0Para los autobuses hay un quiosco en Trevelez, donde usted puede consultar los horarios.\u00a0En Orgiva hay una oficina m\u00e1s grande.<\/p>\n<\/div>\n<div class=\"par_con\">\n<p><strong>Taxi Local y minibuses<\/strong><\/p>\n<\/div>\n<div class=\"par_con\">\n<p>Nombre: Fernando M\u00e1rquez.\u00a0Tambi\u00e9n son due\u00f1os de la tienda de bricolaje en Pitres que tiene el mismo nombre.\u00a0Para precios por favor consulte la p\u00e1gina de contactos en el extremo.<\/p>\n<\/div>\n<div class=\"par_con\">\n<p>M\u00f3vil: 659111745<\/p>\n<\/div>\n<div class=\"par_con\">\n<p>Otro Tel\u00e9fono: 958766196<\/p>\n<\/div>\n<div class=\"par_con\">\n<p><strong>Autobuses De Trevelez a Orgiva y Granada<\/strong><\/p>\n<\/div>\n<div class=\"par_con\">\n<p>Estos autobuses se pueden coger en la parte inferior de nuestra unidad de:<\/p>\n<\/div>\n<div class=\"par_con\">\n<p>05:45 am (llega 08:25), 16:00 (llega 18:45), 17:30 (llega 20:50)<\/p>\n<\/div>\n<div class=\"par_con\">\n<p><strong>Los autobuses de Granada a Trevelez<\/strong><\/p>\n<\/div>\n<div class=\"par_con\">\n<p>10:00 (llega 13:15), 12:00 (llega 15:15), 16:30 (llega 19:35), 17:00 (llega 20:15).<\/p>\n<\/div>\n<div class=\"par_con\">\n<p>Hay autobuses frecuentes desde \u00d3rgiva a varios destinos como Motril y Almer\u00eda.<\/p>\n<\/div>\n<div class=\"par_con\">\n<p>Para al d\u00eda y m\u00e1s informaci\u00f3n sobre los servicios de autob\u00fas por favor ver nuestra p\u00e1gina de enlaces:<\/p>\n<\/div>\n<div class=\"par_con\">\n<p>Para los autobuses que salen desde Capileira al Mulhacen, p\u00f3ngase en contacto con el Parque Nacional de Sierra Nevada, Pampaneira, telef: 958 763 127<\/p>\n<\/div>\n<div class=\"par_con\">\n<p>Los autobuses salen a Mulhacen cuestan \u20ac 4,50 solo ida y ambos \u20ac 7,00 \u00a0Le recomendamos que compre su billete el d\u00eda antes de viajar.<\/p>\n<\/div>\n<div class=\"par_con\">\n<p><strong>Alquiler de coches:<\/strong><\/p>\n<\/div>\n<div class=\"par_con\">\n<p>En realidad, hay cientos de empresas de alquiler de coches.\u00a0S\u00f3lo google.<\/p>\n<\/div>\n<div class=\"par_con\">\n<p>A menudo usamos www.carrentals.co.uk y nos parecen encontrar el m\u00e1s barato!<\/p>\n<\/div>\n","protected":false},"excerpt":{"rendered":"<p>Espa\u00f1a tiene un excelente servicio de autobuses p\u00fablicos y trenes.\u00a0Hay autobuses locales de Trevelez que pasan por la entrada de los cortijos 3 veces al d\u00eda hacia Orgiva.\u00a0Estos autobuses terminan en Granada, pero se puede cambiar de autob\u00fas en Orgiva a Motril, M\u00e1laga y otros destinos.\u00a0El primer autob\u00fas sale a las 5:30 am de Trevelez &hellip; <a href=\"https:\/\/www.cortijosreyfini.com\/es\/information\/transporte-local-2\/\" class=\"more-link\">Continue reading <span class=\"screen-reader-text\">Transporte Local<\/span><\/a><\/p>\n","protected":false},"author":1,"featured_media":0,"parent":822,"menu_order":0,"comment_status":"closed","ping_status":"closed","template":"","meta":{"om_disable_all_campaigns":false,"_monsterinsights_skip_tracking":false,"_monsterinsights_sitenote_active":false,"_monsterinsights_sitenote_note":"","_monsterinsights_sitenote_category":0},"acf":[],"aioseo_notices":[],"_links":{"self":[{"href":"https:\/\/www.cortijosreyfini.com\/es\/wp-json\/wp\/v2\/pages\/1454"}],"collection":[{"href":"https:\/\/www.cortijosreyfini.com\/es\/wp-json\/wp\/v2\/pages"}],"about":[{"href":"https:\/\/www.cortijosreyfini.com\/es\/wp-json\/wp\/v2\/types\/page"}],"author":[{"embeddable":true,"href":"https:\/\/www.cortijosreyfini.com\/es\/wp-json\/wp\/v2\/users\/1"}],"replies":[{"embeddable":true,"href":"https:\/\/www.cortijosreyfini.com\/es\/wp-json\/wp\/v2\/comments?post=1454"}],"version-history":[{"count":1,"href":"https:\/\/www.cortijosreyfini.com\/es\/wp-json\/wp\/v2\/pages\/1454\/revisions"}],"predecessor-version":[{"id":1455,"href":"https:\/\/www.cortijosreyfini.com\/es\/wp-json\/wp\/v2\/pages\/1454\/revisions\/1455"}],"up":[{"embeddable":true,"href":"https:\/\/www.cortijosreyfini.com\/es\/wp-json\/wp\/v2\/pages\/822"}],"wp:attachment":[{"href":"https:\/\/www.cortijosreyfini.com\/es\/wp-json\/wp\/v2\/media?parent=1454"}],"curies":[{"name":"wp","href":"https:\/\/api.w.org\/{rel}","templated":true}]}}