{"id":1322,"date":"2016-04-25T11:04:37","date_gmt":"2016-04-25T11:04:37","guid":{"rendered":"http:\/\/wegetcreative.co.uk\/crf\/?page_id=1322&#038;lang=es"},"modified":"2016-04-25T11:04:37","modified_gmt":"2016-04-25T11:04:37","slug":"playa-de-joya-and-playa-del-pino","status":"publish","type":"page","link":"https:\/\/www.cortijosreyfini.com\/es\/things-to-do\/beaches\/playa-de-joya-and-playa-del-pino\/","title":{"rendered":"Playa De Joya and Playa del Pino"},"content":{"rendered":"<div class=\"par_con\">\n<div class=\"par_con\">\n<div class=\"par_con\">\n<p>Muchas veces es agradable para descubrir un lugar nuevo y la costa tropical est\u00e1 llena de sorpresas.\u00a0Niza peque\u00f1as playas conocidas como\u00a0<em>Calas<\/em>\u00a0(calas) aparecen en cada esquina.<\/p>\n<\/div>\n<div class=\"par_con\">\n<p>Una buena manera de ver algunos de estas playas es salir de la autopista en Nerja si vienes de M\u00e1laga, o en La Herradura, si usted viene de los Cortijos.\u00a0Cuando usted conduce por ver\u00e1s muchas peque\u00f1as playas de abajo.\u00a0A menudo, usted tiene que dejar su coche en la parte superior y caminar hacia abajo.\u00a0Algunos de ellos tienen carreteras de la playa.<\/p>\n<\/div>\n<div class=\"par_con\">\n<p><strong>Cala del Pino<\/strong><\/p>\n<\/div>\n<\/div>\n<\/div>\n<div class=\"par_con\">\n<figure id=\"attachment_80\" aria-describedby=\"caption-attachment-80\" style=\"width: 437px\" class=\"wp-caption alignnone\"><img loading=\"lazy\" decoding=\"async\" class=\"size-medium wp-image-80\" src=\"http:\/\/www.cortijosreyfini.com\/wp-content\/uploads\/2016\/04\/1-Calo-de-pino-437x437.jpg\" alt=\"Calo de pino\" width=\"437\" height=\"437\" srcset=\"https:\/\/www.cortijosreyfini.com\/wp-content\/uploads\/2016\/04\/1-Calo-de-pino-437x437.jpg 437w, https:\/\/www.cortijosreyfini.com\/wp-content\/uploads\/2016\/04\/1-Calo-de-pino-150x150.jpg 150w\" sizes=\"auto, ( max-width: 768px ) 100vw, ( min-width: 768px ) and ( max-width: 992px ) 50vw, 437px\" \/><figcaption id=\"caption-attachment-80\" class=\"wp-caption-text\">Calo de pino<\/figcaption><\/figure>\n<div class=\"par_con\">\n<div class=\"par_con\">\n<p>Va a ver m\u00e1s de estas playas despu\u00e9s de la playa Ca\u00f1uelo si vienes desde Cortijos Rey Fini.La primera de ellas es Cala del Pino y entonces, muchos otros lo sigan.<\/p>\n<\/div>\n<div class=\"par_con\">\n<p><strong>Playa Joya:<\/strong><\/p>\n<\/div>\n<div class=\"par_con\">\n<p>La playa nudista cerca de Torre Nueva Este apartado y poco conocida playa nudista, no muy lejos de Torre Nueva es normalmente muy tranquilo debido a un acceso complicado por una escalera de 500 metros.<\/p>\n<\/div>\n<\/div>\n<\/div>\n","protected":false},"excerpt":{"rendered":"<p>Muchas veces es agradable para descubrir un lugar nuevo y la costa tropical est\u00e1 llena de sorpresas.\u00a0Niza peque\u00f1as playas conocidas como\u00a0Calas\u00a0(calas) aparecen en cada esquina. Una buena manera de ver algunos de estas playas es salir de la autopista en Nerja si vienes de M\u00e1laga, o en La Herradura, si usted viene de los Cortijos.\u00a0Cuando &hellip; <a href=\"https:\/\/www.cortijosreyfini.com\/es\/things-to-do\/beaches\/playa-de-joya-and-playa-del-pino\/\" class=\"more-link\">Continue reading <span class=\"screen-reader-text\">Playa De Joya and Playa del Pino<\/span><\/a><\/p>\n","protected":false},"author":1,"featured_media":0,"parent":1222,"menu_order":0,"comment_status":"closed","ping_status":"closed","template":"","meta":{"_acf_changed":false,"om_disable_all_campaigns":false,"_monsterinsights_skip_tracking":false,"_monsterinsights_sitenote_active":false,"_monsterinsights_sitenote_note":"","_monsterinsights_sitenote_category":0,"footnotes":""},"class_list":["post-1322","page","type-page","status-publish","hentry"],"acf":[],"_links":{"self":[{"href":"https:\/\/www.cortijosreyfini.com\/es\/wp-json\/wp\/v2\/pages\/1322","targetHints":{"allow":["GET"]}}],"collection":[{"href":"https:\/\/www.cortijosreyfini.com\/es\/wp-json\/wp\/v2\/pages"}],"about":[{"href":"https:\/\/www.cortijosreyfini.com\/es\/wp-json\/wp\/v2\/types\/page"}],"author":[{"embeddable":true,"href":"https:\/\/www.cortijosreyfini.com\/es\/wp-json\/wp\/v2\/users\/1"}],"replies":[{"embeddable":true,"href":"https:\/\/www.cortijosreyfini.com\/es\/wp-json\/wp\/v2\/comments?post=1322"}],"version-history":[{"count":1,"href":"https:\/\/www.cortijosreyfini.com\/es\/wp-json\/wp\/v2\/pages\/1322\/revisions"}],"predecessor-version":[{"id":1323,"href":"https:\/\/www.cortijosreyfini.com\/es\/wp-json\/wp\/v2\/pages\/1322\/revisions\/1323"}],"up":[{"embeddable":true,"href":"https:\/\/www.cortijosreyfini.com\/es\/wp-json\/wp\/v2\/pages\/1222"}],"wp:attachment":[{"href":"https:\/\/www.cortijosreyfini.com\/es\/wp-json\/wp\/v2\/media?parent=1322"}],"curies":[{"name":"wp","href":"https:\/\/api.w.org\/{rel}","templated":true}]}}