{"id":1270,"date":"2016-04-25T10:47:48","date_gmt":"2016-04-25T10:47:48","guid":{"rendered":"http:\/\/wegetcreative.co.uk\/crf\/?page_id=1270&#038;lang=es"},"modified":"2016-04-25T10:47:48","modified_gmt":"2016-04-25T10:47:48","slug":"la-naturista-nudy-plage","status":"publish","type":"page","link":"https:\/\/www.cortijosreyfini.com\/es\/things-to-do\/beaches\/la-naturista-nudy-plage\/","title":{"rendered":"La Naturista Nudy Plage"},"content":{"rendered":"<div class=\"par_con\">\n<figure id=\"attachment_111\" aria-describedby=\"caption-attachment-111\" style=\"width: 437px\" class=\"wp-caption alignnone\"><img loading=\"lazy\" class=\"size-medium wp-image-111\" src=\"http:\/\/www.cortijosreyfini.com\/wp-content\/uploads\/2016\/04\/1-Nudist-beach-437x437.jpg\" alt=\"Nudist beach\" width=\"437\" height=\"437\" srcset=\"https:\/\/www.cortijosreyfini.com\/wp-content\/uploads\/2016\/04\/1-Nudist-beach-437x437.jpg 437w, https:\/\/www.cortijosreyfini.com\/wp-content\/uploads\/2016\/04\/1-Nudist-beach-150x150.jpg 150w\" sizes=\"( max-width: 768px ) 100vw, ( min-width: 768px ) and ( max-width: 992px ) 50vw, 437px\" \/><figcaption id=\"caption-attachment-111\" class=\"wp-caption-text\">Nudist beach<\/figcaption><\/figure>\n<div class=\"par_con\">\n<p>Inmediatamente despu\u00e9s de La Herradura, (viniendo de Cortijos Rey Fini) pasando\u00a0<em>Tunel Cerro Gordo,<\/em>\u00a0se encuentra\u00a0<em>Playa Naturista,<\/em>\u00a0una playa nudista.\u00a0Debido a la popularidad de esta playa, durante los meses de verano de julio y agosto que tienes que aparcar tu coche en la carretera y coger el minib\u00fas Parque Nacional o bien bajar a la playa.\u00a0Hay dos muy buenos restaurantes en la playa aqu\u00ed-\u00a0<em>La Barraca<\/em>\u00a0y\u00a0<em>La Bola Marina.<\/em><\/p>\n<\/div>\n<div class=\"par_con\">\n<p>La playa tiene dos partes;\u00a0uno con restaurantes y luego una playa muy larga m\u00e1s all\u00e1 de ella.\u00a0Al final de la segunda playa si te apetece subir a las rocas y m\u00e1s all\u00e1 hay algunas hermosas y peque\u00f1as playas de aguas cristalinas.<\/p>\n<\/div>\n<\/div>\n<div class=\"par_con\">\n<figure id=\"attachment_112\" aria-describedby=\"caption-attachment-112\" style=\"width: 437px\" class=\"wp-caption alignnone\"><img loading=\"lazy\" class=\"size-medium wp-image-112\" src=\"http:\/\/www.cortijosreyfini.com\/wp-content\/uploads\/2016\/04\/2-Playa-Naturista-437x437.jpg\" alt=\"Playa Naturista\" width=\"437\" height=\"437\" srcset=\"https:\/\/www.cortijosreyfini.com\/wp-content\/uploads\/2016\/04\/2-Playa-Naturista-437x437.jpg 437w, https:\/\/www.cortijosreyfini.com\/wp-content\/uploads\/2016\/04\/2-Playa-Naturista-150x150.jpg 150w\" sizes=\"( max-width: 768px ) 100vw, ( min-width: 768px ) and ( max-width: 992px ) 50vw, 437px\" \/><figcaption id=\"caption-attachment-112\" class=\"wp-caption-text\">Playa Naturista<\/figcaption><\/figure>\n<p>Usted puede ver a los peces en el fondo de las aguas.\u00a0Sin embargo, no se permite la pesca en la zona del Parque Nacional.<\/p>\n<\/div>\n","protected":false},"excerpt":{"rendered":"<p>Inmediatamente despu\u00e9s de La Herradura, (viniendo de Cortijos Rey Fini) pasando\u00a0Tunel Cerro Gordo,\u00a0se encuentra\u00a0Playa Naturista,\u00a0una playa nudista.\u00a0Debido a la popularidad de esta playa, durante los meses de verano de julio y agosto que tienes que aparcar tu coche en la carretera y coger el minib\u00fas Parque Nacional o bien bajar a la playa.\u00a0Hay dos muy &hellip; <a href=\"https:\/\/www.cortijosreyfini.com\/es\/things-to-do\/beaches\/la-naturista-nudy-plage\/\" class=\"more-link\">Continue reading <span class=\"screen-reader-text\">La Naturista Nudy Plage<\/span><\/a><\/p>\n","protected":false},"author":1,"featured_media":0,"parent":1222,"menu_order":0,"comment_status":"closed","ping_status":"closed","template":"","meta":{"om_disable_all_campaigns":false,"_monsterinsights_skip_tracking":false,"_monsterinsights_sitenote_active":false,"_monsterinsights_sitenote_note":"","_monsterinsights_sitenote_category":0},"acf":[],"aioseo_notices":[],"_links":{"self":[{"href":"https:\/\/www.cortijosreyfini.com\/es\/wp-json\/wp\/v2\/pages\/1270"}],"collection":[{"href":"https:\/\/www.cortijosreyfini.com\/es\/wp-json\/wp\/v2\/pages"}],"about":[{"href":"https:\/\/www.cortijosreyfini.com\/es\/wp-json\/wp\/v2\/types\/page"}],"author":[{"embeddable":true,"href":"https:\/\/www.cortijosreyfini.com\/es\/wp-json\/wp\/v2\/users\/1"}],"replies":[{"embeddable":true,"href":"https:\/\/www.cortijosreyfini.com\/es\/wp-json\/wp\/v2\/comments?post=1270"}],"version-history":[{"count":1,"href":"https:\/\/www.cortijosreyfini.com\/es\/wp-json\/wp\/v2\/pages\/1270\/revisions"}],"predecessor-version":[{"id":1271,"href":"https:\/\/www.cortijosreyfini.com\/es\/wp-json\/wp\/v2\/pages\/1270\/revisions\/1271"}],"up":[{"embeddable":true,"href":"https:\/\/www.cortijosreyfini.com\/es\/wp-json\/wp\/v2\/pages\/1222"}],"wp:attachment":[{"href":"https:\/\/www.cortijosreyfini.com\/es\/wp-json\/wp\/v2\/media?parent=1270"}],"curies":[{"name":"wp","href":"https:\/\/api.w.org\/{rel}","templated":true}]}}