{"id":1261,"date":"2016-04-25T10:43:31","date_gmt":"2016-04-25T10:43:31","guid":{"rendered":"http:\/\/wegetcreative.co.uk\/crf\/?page_id=1261&#038;lang=es"},"modified":"2016-04-25T10:43:31","modified_gmt":"2016-04-25T10:43:31","slug":"la-herradura","status":"publish","type":"page","link":"https:\/\/www.cortijosreyfini.com\/es\/things-to-do\/beaches\/la-herradura\/","title":{"rendered":"La Herradura"},"content":{"rendered":"<div class=\"par_con\">\n<figure id=\"attachment_94\" aria-describedby=\"caption-attachment-94\" style=\"width: 448px\" class=\"wp-caption alignnone\"><img loading=\"lazy\" class=\"wp-image-94 size-full\" src=\"http:\/\/www.cortijosreyfini.com\/wp-content\/uploads\/2016\/04\/1-Chambao-de-Joaquin-restaurant_La-Herradura.jpg\" width=\"448\" height=\"336\" \/><figcaption id=\"caption-attachment-94\" class=\"wp-caption-text\">A table on the beach at Chambao de Joaquin restaurant La Herradura<\/figcaption><\/figure>\n<div class=\"par_con\">\n<div class=\"par_con\">\n<p>Esta a una media hora de Motril en direcci\u00f3n a M\u00e1laga y tiene una playa de guijarros.<\/p>\n<\/div>\n<div class=\"par_con\">\n<p>Si usted viene de nuestros cortijos entonces es m\u00e1s r\u00e1pido si se une a la autopista en Almu\u00f1\u00e9car y salir de nuevo en la pr\u00f3xima salida, donde dice Herradura.\u00a0A continuaci\u00f3n, siga las indicaciones hacia Herradura.<\/p>\n<\/div>\n<div class=\"par_con\">\n<p>Si viene desde el aeropuerto y necesita un descanso, seguir las indicaciones hacia Herradura de la autopista.\u00a0Esto es en la actualidad cuando la autopista termina.\u00a0Al llegar a Herradura, gire a la izquierda y siga hasta el final, donde el camino comienza a ir cuesta arriba.<\/p>\n<\/div>\n<\/div>\n<\/div>\n<div class=\"par_con\">\n<figure id=\"attachment_102\" aria-describedby=\"caption-attachment-102\" style=\"width: 448px\" class=\"wp-caption alignnone\"><img loading=\"lazy\" class=\"wp-image-102 size-full\" src=\"http:\/\/www.cortijosreyfini.com\/wp-content\/uploads\/2016\/04\/9-La-Herradura-beach.jpg\" alt=\"La Herradura beach\" width=\"448\" height=\"336\" \/><figcaption id=\"caption-attachment-102\" class=\"wp-caption-text\">La Herradura beach<\/figcaption><\/figure>\n<p>All\u00ed podr\u00e1 encontrar una peque\u00f1a playa que es buena para el buceo.<\/p>\n<figure id=\"attachment_95\" aria-describedby=\"caption-attachment-95\" style=\"width: 437px\" class=\"wp-caption alignnone\"><img loading=\"lazy\" class=\"size-medium wp-image-95\" src=\"http:\/\/www.cortijosreyfini.com\/wp-content\/uploads\/2016\/04\/2-Across-the-bay-in-La-Herradura-437x437.jpg\" alt=\"Across the bay in La Herradura\" width=\"437\" height=\"437\" srcset=\"https:\/\/www.cortijosreyfini.com\/wp-content\/uploads\/2016\/04\/2-Across-the-bay-in-La-Herradura-437x437.jpg 437w, https:\/\/www.cortijosreyfini.com\/wp-content\/uploads\/2016\/04\/2-Across-the-bay-in-La-Herradura-150x150.jpg 150w\" sizes=\"( max-width: 768px ) 100vw, ( min-width: 768px ) and ( max-width: 992px ) 50vw, 437px\" \/><figcaption id=\"caption-attachment-95\" class=\"wp-caption-text\">Across the bay in La Herradura<\/figcaption><\/figure>\n<div class=\"par_con\">\n<div class=\"par_con\">\n<p>Justo antes de que llegue a la playa hay un excelente restaurante llamado\u00a0<em>El Chambao de Joaquin<\/em>\u00a0sirven la paella y otros mariscos preparados en grandes hogueras a la le\u00f1a en la playa.\u00a0Tambi\u00e9n sirven otros platos de mariscos, como las sardinas brochetas y calamares cocinados a fuego abierto.<\/p>\n<\/div>\n<div class=\"par_con\">\n<p>Sin embargo hay docenas de otros restaurantes a lo largo de la playa, pero ser\u00e1 dif\u00edcil encontrar uno tan bonito como\u00a0\u201c<em>Chambao de Joaqu\u00edn\u201d.<\/em><\/p>\n<\/div>\n<\/div>\n<\/div>\n<div class=\"par_con\">\n<figure id=\"attachment_100\" aria-describedby=\"caption-attachment-100\" style=\"width: 437px\" class=\"wp-caption alignnone\"><img loading=\"lazy\" class=\"size-medium wp-image-100\" src=\"http:\/\/www.cortijosreyfini.com\/wp-content\/uploads\/2016\/04\/7-Enjoying-another-meal-at-Chambao-de-Joaquin-restaurant_La-Herradura-437x437.jpg\" alt=\"Enjoying another meal at Chambao de Joaquin restaurant La Herradura\" width=\"437\" height=\"437\" srcset=\"https:\/\/www.cortijosreyfini.com\/wp-content\/uploads\/2016\/04\/7-Enjoying-another-meal-at-Chambao-de-Joaquin-restaurant_La-Herradura-437x437.jpg 437w, https:\/\/www.cortijosreyfini.com\/wp-content\/uploads\/2016\/04\/7-Enjoying-another-meal-at-Chambao-de-Joaquin-restaurant_La-Herradura-150x150.jpg 150w\" sizes=\"( max-width: 768px ) 100vw, ( min-width: 768px ) and ( max-width: 992px ) 50vw, 437px\" \/><figcaption id=\"caption-attachment-100\" class=\"wp-caption-text\">Enjoying another meal at Chambao de Joaquin restaurant La Herradura<\/figcaption><\/figure>\n<div class=\"par_con\">\n<div class=\"par_con\">\n<p>En el lado opuesto extremo de la playa hay otros restaurantes llamados\u00a0<em>Chambao de Vicente,<\/em>\u00a0que no es tan agradable.<\/p>\n<\/div>\n<div class=\"par_con\">\n<p>Hay otros restaurantes y varias pizzer\u00edas y una buena tienda de helados a lo largo de la carretera.<\/p>\n<\/div>\n<\/div>\n<\/div>\n","protected":false},"excerpt":{"rendered":"<p>Esta a una media hora de Motril en direcci\u00f3n a M\u00e1laga y tiene una playa de guijarros. Si usted viene de nuestros cortijos entonces es m\u00e1s r\u00e1pido si se une a la autopista en Almu\u00f1\u00e9car y salir de nuevo en la pr\u00f3xima salida, donde dice Herradura.\u00a0A continuaci\u00f3n, siga las indicaciones hacia Herradura. Si viene desde &hellip; <a href=\"https:\/\/www.cortijosreyfini.com\/es\/things-to-do\/beaches\/la-herradura\/\" class=\"more-link\">Continue reading <span class=\"screen-reader-text\">La Herradura<\/span><\/a><\/p>\n","protected":false},"author":1,"featured_media":0,"parent":1222,"menu_order":0,"comment_status":"closed","ping_status":"closed","template":"","meta":{"om_disable_all_campaigns":false,"_monsterinsights_skip_tracking":false,"_monsterinsights_sitenote_active":false,"_monsterinsights_sitenote_note":"","_monsterinsights_sitenote_category":0},"acf":[],"aioseo_notices":[],"_links":{"self":[{"href":"https:\/\/www.cortijosreyfini.com\/es\/wp-json\/wp\/v2\/pages\/1261"}],"collection":[{"href":"https:\/\/www.cortijosreyfini.com\/es\/wp-json\/wp\/v2\/pages"}],"about":[{"href":"https:\/\/www.cortijosreyfini.com\/es\/wp-json\/wp\/v2\/types\/page"}],"author":[{"embeddable":true,"href":"https:\/\/www.cortijosreyfini.com\/es\/wp-json\/wp\/v2\/users\/1"}],"replies":[{"embeddable":true,"href":"https:\/\/www.cortijosreyfini.com\/es\/wp-json\/wp\/v2\/comments?post=1261"}],"version-history":[{"count":1,"href":"https:\/\/www.cortijosreyfini.com\/es\/wp-json\/wp\/v2\/pages\/1261\/revisions"}],"predecessor-version":[{"id":1262,"href":"https:\/\/www.cortijosreyfini.com\/es\/wp-json\/wp\/v2\/pages\/1261\/revisions\/1262"}],"up":[{"embeddable":true,"href":"https:\/\/www.cortijosreyfini.com\/es\/wp-json\/wp\/v2\/pages\/1222"}],"wp:attachment":[{"href":"https:\/\/www.cortijosreyfini.com\/es\/wp-json\/wp\/v2\/media?parent=1261"}],"curies":[{"name":"wp","href":"https:\/\/api.w.org\/{rel}","templated":true}]}}