{"id":1180,"date":"2016-04-25T10:00:57","date_gmt":"2016-04-25T10:00:57","guid":{"rendered":"http:\/\/wegetcreative.co.uk\/crf\/?page_id=1180&#038;lang=es"},"modified":"2016-04-25T10:00:57","modified_gmt":"2016-04-25T10:00:57","slug":"trevelez-and-busquistar","status":"publish","type":"page","link":"https:\/\/www.cortijosreyfini.com\/es\/gastronomy\/local-restaurants\/trevelez-and-busquistar\/","title":{"rendered":"Trevelez and Busquistar"},"content":{"rendered":"<div class=\"par_con\">\n<div class=\"par_con\">\n<p><strong>Trevelez<\/strong><\/p>\n<\/div>\n<div class=\"par_con\">\n<p>Como Trevelez se divide en 3 secciones, encontrar\u00e1 bares y restaurantes repartidos en todas las 3 secciones.\u00a0Si usted est\u00e1 buscando un lugar s\u00f3lo para tomar cerveza y tapas que recomendar\u00edan la<em>Taberna de Trevelez,<\/em>\u00a0situado en la plaza principal &#8211; tienen mesas para sentarse fuera y ofrecen excelentes tapas y un servicio amable.\u00a0Tambi\u00e9n tienen una tienda de \u00a0<em>jam\u00f3n<\/em>\u00a0venta a domicilio y otras especialidades locales.<\/p>\n<\/div>\n<div class=\"par_con\">\n<p>Tambi\u00e9n se recomienda\u00a0<em>La Fragua<\/em>\u00a0en\u00a0<em>Barrio Medio<\/em>\u00a0de la parte media de Trev\u00e9lez, que ofrece buenas comidas y platos t\u00edpicos de la zona, incluyendo una selecci\u00f3n de platos vegetarianos.<\/p>\n<\/div>\n<div class=\"par_con\">\n<p>\u00a0<strong>Busquistar<\/strong><\/p>\n<\/div>\n<div class=\"par_con\">\n<p>\u00a0Busquistar cuenta con 3 bares y s\u00f3lo un restaurante &#8211;\u00a0<em>Pacos<\/em>\u00a0&#8211; Aqu\u00ed sirven maravillosas tapas con un vaso de cerveza o vino, pero tambi\u00e9n tienen un restaurante donde sentarse en el otro extremo de la barra que ofrece una amplia variedad de platos tradicionales de la zona en un gran precio.<\/p>\n<\/div>\n<div class=\"par_con\">\n<p>Usted encontrar\u00e1 \u00abPaco\u00bb de la carretera principal en el lado derecho dejando Busquistar hacia Trev\u00e9lez.<\/p>\n<\/div>\n<\/div>\n","protected":false},"excerpt":{"rendered":"<p>Trevelez Como Trevelez se divide en 3 secciones, encontrar\u00e1 bares y restaurantes repartidos en todas las 3 secciones.\u00a0Si usted est\u00e1 buscando un lugar s\u00f3lo para tomar cerveza y tapas que recomendar\u00edan laTaberna de Trevelez,\u00a0situado en la plaza principal &#8211; tienen mesas para sentarse fuera y ofrecen excelentes tapas y un servicio amable.\u00a0Tambi\u00e9n tienen una tienda &hellip; <a href=\"https:\/\/www.cortijosreyfini.com\/es\/gastronomy\/local-restaurants\/trevelez-and-busquistar\/\" class=\"more-link\">Continue reading <span class=\"screen-reader-text\">Trevelez and Busquistar<\/span><\/a><\/p>\n","protected":false},"author":1,"featured_media":0,"parent":1177,"menu_order":0,"comment_status":"closed","ping_status":"closed","template":"","meta":{"om_disable_all_campaigns":false,"_monsterinsights_skip_tracking":false,"_monsterinsights_sitenote_active":false,"_monsterinsights_sitenote_note":"","_monsterinsights_sitenote_category":0},"acf":[],"aioseo_notices":[],"_links":{"self":[{"href":"https:\/\/www.cortijosreyfini.com\/es\/wp-json\/wp\/v2\/pages\/1180"}],"collection":[{"href":"https:\/\/www.cortijosreyfini.com\/es\/wp-json\/wp\/v2\/pages"}],"about":[{"href":"https:\/\/www.cortijosreyfini.com\/es\/wp-json\/wp\/v2\/types\/page"}],"author":[{"embeddable":true,"href":"https:\/\/www.cortijosreyfini.com\/es\/wp-json\/wp\/v2\/users\/1"}],"replies":[{"embeddable":true,"href":"https:\/\/www.cortijosreyfini.com\/es\/wp-json\/wp\/v2\/comments?post=1180"}],"version-history":[{"count":1,"href":"https:\/\/www.cortijosreyfini.com\/es\/wp-json\/wp\/v2\/pages\/1180\/revisions"}],"predecessor-version":[{"id":1181,"href":"https:\/\/www.cortijosreyfini.com\/es\/wp-json\/wp\/v2\/pages\/1180\/revisions\/1181"}],"up":[{"embeddable":true,"href":"https:\/\/www.cortijosreyfini.com\/es\/wp-json\/wp\/v2\/pages\/1177"}],"wp:attachment":[{"href":"https:\/\/www.cortijosreyfini.com\/es\/wp-json\/wp\/v2\/media?parent=1180"}],"curies":[{"name":"wp","href":"https:\/\/api.w.org\/{rel}","templated":true}]}}