{"id":1170,"date":"2016-04-25T09:58:08","date_gmt":"2016-04-25T09:58:08","guid":{"rendered":"http:\/\/wegetcreative.co.uk\/crf\/?page_id=1170&#038;lang=es"},"modified":"2016-04-25T09:58:08","modified_gmt":"2016-04-25T09:58:08","slug":"pitres-and-portugos","status":"publish","type":"page","link":"https:\/\/www.cortijosreyfini.com\/es\/gastronomy\/local-restaurants\/pitres-and-portugos\/","title":{"rendered":"Pitres and Portugos"},"content":{"rendered":"<div class=\"par_con\">\n<p>En Pitres en la carretera principal que atraviesa el pueblo encontrar\u00e1 un restaurante llamado\u00a0<em>La Oveja Verde,<\/em>\u00a0en el lado izquierdo si est\u00e1s conduciendo desde los cortijos.\u00a0Esta es una pizzer\u00eda aunque tambi\u00e9n sirven una variedad de otros alimentos tradicionales locales.<\/p>\n<\/div>\n<div class=\"par_con\">\n<p>Poco m\u00e1s all\u00e1 de esto en el otro lado de la calle hay un caf\u00e9 llamado\u00a0<em>La Terraza<\/em>\u00a0donde hacen su propio chocolate &#8211; usted puede comprar el chocolate que es delicioso o parar y tomar una copa en la terraza.<\/p>\n<\/div>\n<div class=\"par_con\">\n<p>Tambi\u00e9n hay varios bares situados alrededor de la plaza principal de Pitres todos los cuales ofrecen tapas.<\/p>\n<\/div>\n<div class=\"par_con\">\n<p>P\u00f3rtugos tiene varios bares que ofrecen tapas y hay restaurantes en el\u00a0<em>hotel Nuvevo malague\u00f1o<\/em>\u00a0y\u00a0<em>Mirador de P\u00f3rtugos<\/em>\u00a0(en la plaza).<\/p>\n<\/div>\n","protected":false},"excerpt":{"rendered":"<p>En Pitres en la carretera principal que atraviesa el pueblo encontrar\u00e1 un restaurante llamado\u00a0La Oveja Verde,\u00a0en el lado izquierdo si est\u00e1s conduciendo desde los cortijos.\u00a0Esta es una pizzer\u00eda aunque tambi\u00e9n sirven una variedad de otros alimentos tradicionales locales. Poco m\u00e1s all\u00e1 de esto en el otro lado de la calle hay un caf\u00e9 llamado\u00a0La Terraza\u00a0donde &hellip; <a href=\"https:\/\/www.cortijosreyfini.com\/es\/gastronomy\/local-restaurants\/pitres-and-portugos\/\" class=\"more-link\">Continue reading <span class=\"screen-reader-text\">Pitres and Portugos<\/span><\/a><\/p>\n","protected":false},"author":1,"featured_media":0,"parent":1177,"menu_order":0,"comment_status":"closed","ping_status":"closed","template":"","meta":{"om_disable_all_campaigns":false,"_monsterinsights_skip_tracking":false,"_monsterinsights_sitenote_active":false,"_monsterinsights_sitenote_note":"","_monsterinsights_sitenote_category":0},"acf":[],"aioseo_notices":[],"_links":{"self":[{"href":"https:\/\/www.cortijosreyfini.com\/es\/wp-json\/wp\/v2\/pages\/1170"}],"collection":[{"href":"https:\/\/www.cortijosreyfini.com\/es\/wp-json\/wp\/v2\/pages"}],"about":[{"href":"https:\/\/www.cortijosreyfini.com\/es\/wp-json\/wp\/v2\/types\/page"}],"author":[{"embeddable":true,"href":"https:\/\/www.cortijosreyfini.com\/es\/wp-json\/wp\/v2\/users\/1"}],"replies":[{"embeddable":true,"href":"https:\/\/www.cortijosreyfini.com\/es\/wp-json\/wp\/v2\/comments?post=1170"}],"version-history":[{"count":1,"href":"https:\/\/www.cortijosreyfini.com\/es\/wp-json\/wp\/v2\/pages\/1170\/revisions"}],"predecessor-version":[{"id":1171,"href":"https:\/\/www.cortijosreyfini.com\/es\/wp-json\/wp\/v2\/pages\/1170\/revisions\/1171"}],"up":[{"embeddable":true,"href":"https:\/\/www.cortijosreyfini.com\/es\/wp-json\/wp\/v2\/pages\/1177"}],"wp:attachment":[{"href":"https:\/\/www.cortijosreyfini.com\/es\/wp-json\/wp\/v2\/media?parent=1170"}],"curies":[{"name":"wp","href":"https:\/\/api.w.org\/{rel}","templated":true}]}}