{"id":1140,"date":"2016-04-25T09:40:50","date_gmt":"2016-04-25T09:40:50","guid":{"rendered":"http:\/\/wegetcreative.co.uk\/crf\/?page_id=1140&#038;lang=es"},"modified":"2016-04-25T14:04:18","modified_gmt":"2016-04-25T14:04:18","slug":"trevelez-to-siete-lagunas-and-mulhacen-and-campinuela","status":"publish","type":"page","link":"https:\/\/www.cortijosreyfini.com\/es\/things-to-do\/activities\/walks-and-hikes\/trevelez-to-siete-lagunas-and-mulhacen-and-campinuela\/","title":{"rendered":"Trevelez en Siete Lagunas y Mulhacen y campianuela"},"content":{"rendered":"<div class=\"par_con\">\n<p>De Trevelez (1476m) en Siete Lagunas (2891m) y el Mulhac\u00e9n (3,479m)<br \/>\nTodo el d\u00eda o dos d\u00edas caminata<\/p>\n<\/div>\n<div class=\"par_con\">\n<figure id=\"attachment_508\" aria-describedby=\"caption-attachment-508\" style=\"width: 437px\" class=\"wp-caption alignnone\"><img loading=\"lazy\" class=\"size-medium wp-image-508\" src=\"http:\/\/www.cortijosreyfini.com\/wp-content\/uploads\/2016\/04\/4-Towards-sierte-lagunas-437x437.jpg\" alt=\"Towards sierte lagunas\" width=\"437\" height=\"437\" srcset=\"https:\/\/www.cortijosreyfini.com\/wp-content\/uploads\/2016\/04\/4-Towards-sierte-lagunas-437x437.jpg 437w, https:\/\/www.cortijosreyfini.com\/wp-content\/uploads\/2016\/04\/4-Towards-sierte-lagunas-150x150.jpg 150w\" sizes=\"( max-width: 768px ) 100vw, ( min-width: 768px ) and ( max-width: 992px ) 50vw, 437px\" \/><figcaption id=\"caption-attachment-508\" class=\"wp-caption-text\">Towards sierte lagunas<\/figcaption><\/figure>\n<div class=\"par_con\">\n<p>Esta es una de las m\u00e1s espectaculares caminatas en la regi\u00f3n con una larga subida que te lleva hasta la hermosa alta cirque (2900m), que se encuentra justo debajo de pico m\u00e1s alto de Espa\u00f1a Mulhacen (3,479m). Le recomendamos que salir temprano en la ma\u00f1ana. Como una gu\u00eda general, cuando hicimos este recorrido que tom\u00f3 cerca de 6 horas subiendo y 2 horas de volver a Trevelez.sss<\/p>\n<\/div>\n<div class=\"par_con\">\n<p>En primer lugar conducir a Trevelez y aparcar el coche. Si es posible aparcar en la parte alta del pueblo ya que es donde se va a empezar su caminata. Tome el camino que parte de la izquierda de los canales de lavado en la parte superior de Trev\u00e9lez, que est\u00e1 se\u00f1alizado en Siete Lagunas. Pasar varias fincas y cortijos hasta la Acequia Gorda (1 1\/4 horas). Siga la Acequia hasta encontrar un camino mal marcada, que se eleva a la Acequia del Mingo, en Los Posteros (1 hora). Ir a lo largo de la Acequia del Mingo, cruzando La campi\u00f1uela, hasta llegar a un dique en El Vertedero. Bordear la zona baja de la esgrima para cruzar el r\u00edo y caminar hasta por debajo de la Chorreras Negras, mirar hacia fuera para la ca\u00edda de agua en el camino. Suba a la derecha de la cascada de Laguna Hondera (45 minutos). S\u00f3lo por esto es el Refugio Natural de 7 Lagunas. Los riachuelos que unen los siete lagos conducen a la Laguna de Altera, el m\u00e1s alto de La Canada.<\/p>\n<\/div>\n<\/div>\n<div class=\"par_con\">\n<figure id=\"attachment_507\" aria-describedby=\"caption-attachment-507\" style=\"width: 437px\" class=\"wp-caption alignnone\"><img loading=\"lazy\" class=\"size-medium wp-image-507\" src=\"http:\/\/www.cortijosreyfini.com\/wp-content\/uploads\/2016\/04\/3-Camping-at-siete-lagunas-437x437.jpg\" alt=\"Camping at siete lagunas\" width=\"437\" height=\"437\" srcset=\"https:\/\/www.cortijosreyfini.com\/wp-content\/uploads\/2016\/04\/3-Camping-at-siete-lagunas-437x437.jpg 437w, https:\/\/www.cortijosreyfini.com\/wp-content\/uploads\/2016\/04\/3-Camping-at-siete-lagunas-150x150.jpg 150w\" sizes=\"( max-width: 768px ) 100vw, ( min-width: 768px ) and ( max-width: 992px ) 50vw, 437px\" \/><figcaption id=\"caption-attachment-507\" class=\"wp-caption-text\">Camping at siete lagunas<\/figcaption><\/figure>\n<p>Si se sube la colina m\u00e1s alta hay unas vistas impresionantes que se ten\u00eda de las caras norte del Mulhac\u00e9n y la Alcazaba. Desde Laguna Hondera usted podr\u00eda ir hasta Mulhac\u00e9n o la Alcazaba.<br \/>\nSi ARTE tomar una peque\u00f1a tienda de campa\u00f1a y un saco de dormir, entonces es mejor que usted pone su tienda de campa\u00f1a aqu\u00ed en Siete Lagunas y la siguiente subida al Mulhac\u00e9n d\u00eda y de nuevo a Trevelez. Recuerde por las noches se pod\u00eda llegar a la congelaci\u00f3n, incluso durante los meses de verano hasta all\u00ed. Siempre tome algo ligero, que puede proteger de la congelaci\u00f3n de viento fr\u00edo.<\/p>\n<\/div>\n<div class=\"par_con\">\n<figure id=\"attachment_514\" aria-describedby=\"caption-attachment-514\" style=\"width: 437px\" class=\"wp-caption alignnone\"><img loading=\"lazy\" class=\"size-medium wp-image-514\" src=\"http:\/\/www.cortijosreyfini.com\/wp-content\/uploads\/2016\/04\/10-Leo-Fini-at-Siete-Lagunas-437x437.jpg\" alt=\"Leo Fini at Siete Lagunas\" width=\"437\" height=\"437\" srcset=\"https:\/\/www.cortijosreyfini.com\/wp-content\/uploads\/2016\/04\/10-Leo-Fini-at-Siete-Lagunas-437x437.jpg 437w, https:\/\/www.cortijosreyfini.com\/wp-content\/uploads\/2016\/04\/10-Leo-Fini-at-Siete-Lagunas-150x150.jpg 150w\" sizes=\"( max-width: 768px ) 100vw, ( min-width: 768px ) and ( max-width: 992px ) 50vw, 437px\" \/><figcaption id=\"caption-attachment-514\" class=\"wp-caption-text\">Leo Fini at Siete Lagunas<\/figcaption><\/figure>\n<div class=\"par_con\">\n<p>De Siete Lagunas se puede caminar hasta el Mulhac\u00e9n y la espalda en dos horas.<\/p>\n<\/div>\n<div class=\"par_con\">Virgen de las Nieves, quinto. de agosto de cada a\u00f1o Peregrinaci\u00f3n al Mulhac\u00e9n.<\/div>\n<\/div>\n<div class=\"par_con\">\n<figure id=\"attachment_515\" aria-describedby=\"caption-attachment-515\" style=\"width: 437px\" class=\"wp-caption alignnone\"><img loading=\"lazy\" class=\"size-medium wp-image-515\" src=\"http:\/\/www.cortijosreyfini.com\/wp-content\/uploads\/2016\/04\/11-Riders-near-peaks-of-Mulhacen-437x437.jpg\" alt=\"Riders near peaks of Mulhacen\" width=\"437\" height=\"437\" srcset=\"https:\/\/www.cortijosreyfini.com\/wp-content\/uploads\/2016\/04\/11-Riders-near-peaks-of-Mulhacen-437x437.jpg 437w, https:\/\/www.cortijosreyfini.com\/wp-content\/uploads\/2016\/04\/11-Riders-near-peaks-of-Mulhacen-150x150.jpg 150w\" sizes=\"( max-width: 768px ) 100vw, ( min-width: 768px ) and ( max-width: 992px ) 50vw, 437px\" \/><figcaption id=\"caption-attachment-515\" class=\"wp-caption-text\">Riders near peaks of Mulhacen<\/figcaption><\/figure>\n<p>Trev\u00e9lez celebra el d\u00eda de la Virgen de Las Nieves (Virgen de las Nieves -. 5 de agosto de cada a\u00f1o) en los meses de verano. En este d\u00eda la virgen es llevada a la cumbre del Mulhac\u00e9n y se celebra una misa. La creencia tradicional es que esto mantendr\u00e1 los viajeros de seguridad en la Sierra Nevada por un a\u00f1o m\u00e1s.<\/p>\n<figure id=\"attachment_526\" aria-describedby=\"caption-attachment-526\" style=\"width: 437px\" class=\"wp-caption alignnone\"><img loading=\"lazy\" class=\"size-medium wp-image-526\" src=\"http:\/\/www.cortijosreyfini.com\/wp-content\/uploads\/2016\/04\/23-Peak-of-Mulhacen-437x437.jpg\" alt=\"Peak of Mulhacen\" width=\"437\" height=\"437\" srcset=\"https:\/\/www.cortijosreyfini.com\/wp-content\/uploads\/2016\/04\/23-Peak-of-Mulhacen-437x437.jpg 437w, https:\/\/www.cortijosreyfini.com\/wp-content\/uploads\/2016\/04\/23-Peak-of-Mulhacen-150x150.jpg 150w\" sizes=\"( max-width: 768px ) 100vw, ( min-width: 768px ) and ( max-width: 992px ) 50vw, 437px\" \/><figcaption id=\"caption-attachment-526\" class=\"wp-caption-text\">Peak of Mulhacen<\/figcaption><\/figure>\n<p>Se trata de los \u00fanicos coches d\u00eda se les permite conducir hasta el parque de Capileira. Cientos de personas conducen sus coches y el parque debajo de Mulhac\u00e9n.<br \/>\nTambi\u00e9n hay muchas personas que montan sus caballos en el cuarto. Agosto y campamento en Siete Lagunas y en el quinto. se suben a los picos de Mulhac\u00e9n. Es un ambiente de fiesta, el vino y el jam\u00f3n serrano es el orden del d\u00eda.<br \/>\nEn mi experiencia, si usted va para arriba en el cuarto. luego acampar en Siete Lagunas no es una idea inteligente tantos caballos paseo salvaje a trav\u00e9s de los peque\u00f1os lagos, mientras que su due\u00f1o son borrachos y no tienen ni idea de qu\u00e9 tipo de da\u00f1os a los caballos pod\u00edan hacerlo a los dem\u00e1s campistas!<\/p>\n<\/div>\n<div class=\"par_con\">\n<figure id=\"attachment_505\" aria-describedby=\"caption-attachment-505\" style=\"width: 437px\" class=\"wp-caption alignnone\"><img loading=\"lazy\" class=\"size-medium wp-image-505\" src=\"http:\/\/www.cortijosreyfini.com\/wp-content\/uploads\/2016\/04\/1-ceremony-on-the-peaks-Mulhacen-437x437.jpg\" alt=\"Ceremony on the peaks Mulhacen\" width=\"437\" height=\"437\" srcset=\"https:\/\/www.cortijosreyfini.com\/wp-content\/uploads\/2016\/04\/1-ceremony-on-the-peaks-Mulhacen-437x437.jpg 437w, https:\/\/www.cortijosreyfini.com\/wp-content\/uploads\/2016\/04\/1-ceremony-on-the-peaks-Mulhacen-150x150.jpg 150w\" sizes=\"( max-width: 768px ) 100vw, ( min-width: 768px ) and ( max-width: 992px ) 50vw, 437px\" \/><figcaption id=\"caption-attachment-505\" class=\"wp-caption-text\">Ceremony on the peaks Mulhacen<\/figcaption><\/figure>\n<p>La fiesta cuenta con algunos de los ingredientes habituales: la religi\u00f3n, la procesi\u00f3n, los cohetes, la masa, pero es la proporci\u00f3n de cada uno, que son bastante diferentes en este caso. El componente procesi\u00f3n se extendi\u00f3 en una expedici\u00f3n de 16 a 20 horas, a la cima de la Sierra Nevada. El objetivo es procesar la Virgen de la iglesia del pueblo (1550m.), A la cima del Mulhac\u00e9n (3482m.) Con el fin de que la masa puede ser celebrado por todos los que puedan llegar all\u00ed a las 1200 horas en el 5 de agosto.<br \/>\nEl componente de la tradici\u00f3n se remonta al verano de 1813, cuando don Pedro de V\u00e1lor, cruzando la sierra, en lo que habr\u00eda sido el acceso de verano normal desde Granada a su casa, fue capturado en la madre de todas las tormentas, algo que todav\u00eda sucede en agosto tardes. Creyendo que su final estaba cerca despu\u00e9s de las horas de lucha, desorientado en granizo soplado feroz, rez\u00f3 a la Virgen Mar\u00eda y se ofreci\u00f3 a construir un santuario en su honor si cre\u00eda digno de salvar. Su puerto de \u00faltima instancia le dio la bienvenida con los brazos abiertos, las nubes disueltos y de un mar de luz de La Virgen de las Nieves apareci\u00f3 extiende sus brazos en invitaci\u00f3n. El viajero se salv\u00f3 y fue fiel a su palabra. Una ermita fue construida en la cima de la monta\u00f1a y de reconocimiento del milagro, una imagen de la Virgen fue donada por los obispos de Granada.<\/p>\n<\/div>\n<div class=\"par_con\">\n<figure id=\"attachment_521\" aria-describedby=\"caption-attachment-521\" style=\"width: 437px\" class=\"wp-caption alignnone\"><img loading=\"lazy\" class=\"size-medium wp-image-521\" src=\"http:\/\/www.cortijosreyfini.com\/wp-content\/uploads\/2016\/04\/17-Pilgrims-at-Mulhacen-437x437.jpg\" alt=\"Pilgrims at Mulhacen\" width=\"437\" height=\"437\" srcset=\"https:\/\/www.cortijosreyfini.com\/wp-content\/uploads\/2016\/04\/17-Pilgrims-at-Mulhacen-437x437.jpg 437w, https:\/\/www.cortijosreyfini.com\/wp-content\/uploads\/2016\/04\/17-Pilgrims-at-Mulhacen-150x150.jpg 150w\" sizes=\"( max-width: 768px ) 100vw, ( min-width: 768px ) and ( max-width: 992px ) 50vw, 437px\" \/><figcaption id=\"caption-attachment-521\" class=\"wp-caption-text\">Pilgrims at Mulhacen<\/figcaption><\/figure>\n<p>Sin embargo a debido a inclemencias del tiempo del Mulhac\u00e9n y el deterioro de la \u00abVirgen de las Nieves\u00bb ahora se conserva en la iglesia en Trevelez y es desde aqu\u00ed que la \u00abVirgen\u00bb es llevado a los picos del Mulhac\u00e9n.<\/p>\n<\/div>\n<div class=\"par_con\"><\/div>\n","protected":false},"excerpt":{"rendered":"<p>De Trevelez (1476m) en Siete Lagunas (2891m) y el Mulhac\u00e9n (3,479m) Todo el d\u00eda o dos d\u00edas caminata Esta es una de las m\u00e1s espectaculares caminatas en la regi\u00f3n con una larga subida que te lleva hasta la hermosa alta cirque (2900m), que se encuentra justo debajo de pico m\u00e1s alto de Espa\u00f1a Mulhacen (3,479m). &hellip; <a href=\"https:\/\/www.cortijosreyfini.com\/es\/things-to-do\/activities\/walks-and-hikes\/trevelez-to-siete-lagunas-and-mulhacen-and-campinuela\/\" class=\"more-link\">Continue reading <span class=\"screen-reader-text\">Trevelez en Siete Lagunas y Mulhacen y campianuela<\/span><\/a><\/p>\n","protected":false},"author":1,"featured_media":0,"parent":1009,"menu_order":0,"comment_status":"closed","ping_status":"closed","template":"","meta":{"om_disable_all_campaigns":false,"_monsterinsights_skip_tracking":false,"_monsterinsights_sitenote_active":false,"_monsterinsights_sitenote_note":"","_monsterinsights_sitenote_category":0},"acf":[],"aioseo_notices":[],"_links":{"self":[{"href":"https:\/\/www.cortijosreyfini.com\/es\/wp-json\/wp\/v2\/pages\/1140"}],"collection":[{"href":"https:\/\/www.cortijosreyfini.com\/es\/wp-json\/wp\/v2\/pages"}],"about":[{"href":"https:\/\/www.cortijosreyfini.com\/es\/wp-json\/wp\/v2\/types\/page"}],"author":[{"embeddable":true,"href":"https:\/\/www.cortijosreyfini.com\/es\/wp-json\/wp\/v2\/users\/1"}],"replies":[{"embeddable":true,"href":"https:\/\/www.cortijosreyfini.com\/es\/wp-json\/wp\/v2\/comments?post=1140"}],"version-history":[{"count":4,"href":"https:\/\/www.cortijosreyfini.com\/es\/wp-json\/wp\/v2\/pages\/1140\/revisions"}],"predecessor-version":[{"id":1340,"href":"https:\/\/www.cortijosreyfini.com\/es\/wp-json\/wp\/v2\/pages\/1140\/revisions\/1340"}],"up":[{"embeddable":true,"href":"https:\/\/www.cortijosreyfini.com\/es\/wp-json\/wp\/v2\/pages\/1009"}],"wp:attachment":[{"href":"https:\/\/www.cortijosreyfini.com\/es\/wp-json\/wp\/v2\/media?parent=1140"}],"curies":[{"name":"wp","href":"https:\/\/api.w.org\/{rel}","templated":true}]}}