{"id":1138,"date":"2016-04-25T09:39:59","date_gmt":"2016-04-25T09:39:59","guid":{"rendered":"http:\/\/wegetcreative.co.uk\/crf\/?page_id=1138&#038;lang=es"},"modified":"2016-04-25T09:39:59","modified_gmt":"2016-04-25T09:39:59","slug":"trevelez-to-horcajo","status":"publish","type":"page","link":"https:\/\/www.cortijosreyfini.com\/es\/things-to-do\/activities\/walks-and-hikes\/trevelez-to-horcajo\/","title":{"rendered":"Trevelez to Horcajo"},"content":{"rendered":"<div class=\"par_con\">\n<p><strong>De Trevelez (1476m) al Horcajo. (Tiempo: 3 horas)<\/strong><\/p>\n<\/div>\n<div class=\"par_con\">\n<p>Desde la calle Real, junto a la iglesia del barrio medio, tomar el camino de tierra hacia el R\u00edo Trevelez y siga hasta el final (45 minutos). Coge el camino de la margen derecha del r\u00edo hasta el final de la Acequia Nueva y cruzarlo para llegar m\u00e1s all\u00e1 de los barrancos de Los Crestones de los Posteros (1 hora). Se contin\u00faa por la margen izquierda hasta m\u00e1s all\u00e1 de la Loma de Chordi y cruzar el r\u00edo por el puente. Sigue a 5 minutos en este banco hasta cruzar de nuevo, a continuaci\u00f3n, se adhieren a la orilla izquierda al lugar donde los r\u00edos Untillas y Puerto de fusi\u00f3n Jerez (1 hora 10 minutos) en el Horcajo.<\/p>\n<\/div>\n","protected":false},"excerpt":{"rendered":"<p>De Trevelez (1476m) al Horcajo. (Tiempo: 3 horas) Desde la calle Real, junto a la iglesia del barrio medio, tomar el camino de tierra hacia el R\u00edo Trevelez y siga hasta el final (45 minutos). Coge el camino de la margen derecha del r\u00edo hasta el final de la Acequia Nueva y cruzarlo para llegar &hellip; <a href=\"https:\/\/www.cortijosreyfini.com\/es\/things-to-do\/activities\/walks-and-hikes\/trevelez-to-horcajo\/\" class=\"more-link\">Continue reading <span class=\"screen-reader-text\">Trevelez to Horcajo<\/span><\/a><\/p>\n","protected":false},"author":1,"featured_media":0,"parent":1009,"menu_order":0,"comment_status":"closed","ping_status":"closed","template":"","meta":{"om_disable_all_campaigns":false,"_monsterinsights_skip_tracking":false,"_monsterinsights_sitenote_active":false,"_monsterinsights_sitenote_note":"","_monsterinsights_sitenote_category":0},"acf":[],"aioseo_notices":[],"_links":{"self":[{"href":"https:\/\/www.cortijosreyfini.com\/es\/wp-json\/wp\/v2\/pages\/1138"}],"collection":[{"href":"https:\/\/www.cortijosreyfini.com\/es\/wp-json\/wp\/v2\/pages"}],"about":[{"href":"https:\/\/www.cortijosreyfini.com\/es\/wp-json\/wp\/v2\/types\/page"}],"author":[{"embeddable":true,"href":"https:\/\/www.cortijosreyfini.com\/es\/wp-json\/wp\/v2\/users\/1"}],"replies":[{"embeddable":true,"href":"https:\/\/www.cortijosreyfini.com\/es\/wp-json\/wp\/v2\/comments?post=1138"}],"version-history":[{"count":1,"href":"https:\/\/www.cortijosreyfini.com\/es\/wp-json\/wp\/v2\/pages\/1138\/revisions"}],"predecessor-version":[{"id":1139,"href":"https:\/\/www.cortijosreyfini.com\/es\/wp-json\/wp\/v2\/pages\/1138\/revisions\/1139"}],"up":[{"embeddable":true,"href":"https:\/\/www.cortijosreyfini.com\/es\/wp-json\/wp\/v2\/pages\/1009"}],"wp:attachment":[{"href":"https:\/\/www.cortijosreyfini.com\/es\/wp-json\/wp\/v2\/media?parent=1138"}],"curies":[{"name":"wp","href":"https:\/\/api.w.org\/{rel}","templated":true}]}}