{"id":1129,"date":"2016-04-25T09:37:22","date_gmt":"2016-04-25T09:37:22","guid":{"rendered":"http:\/\/wegetcreative.co.uk\/crf\/?page_id=1129&#038;lang=es"},"modified":"2016-04-25T09:37:22","modified_gmt":"2016-04-25T09:37:22","slug":"camina-taha-de-pitres","status":"publish","type":"page","link":"https:\/\/www.cortijosreyfini.com\/es\/things-to-do\/activities\/walks-and-hikes\/camina-taha-de-pitres\/","title":{"rendered":"Camina Taha de Pitres"},"content":{"rendered":"<div class=\"par_con\">\n<figure id=\"attachment_502\" aria-describedby=\"caption-attachment-502\" style=\"width: 437px\" class=\"wp-caption alignnone\"><img loading=\"lazy\" class=\"size-medium wp-image-502\" src=\"http:\/\/www.cortijosreyfini.com\/wp-content\/uploads\/2016\/04\/8-The-walk-is-well-signposted-1-437x437.jpg\" alt=\"The walk is well signposted\" width=\"437\" height=\"437\" srcset=\"https:\/\/www.cortijosreyfini.com\/wp-content\/uploads\/2016\/04\/8-The-walk-is-well-signposted-1-437x437.jpg 437w, https:\/\/www.cortijosreyfini.com\/wp-content\/uploads\/2016\/04\/8-The-walk-is-well-signposted-1-150x150.jpg 150w\" sizes=\"( max-width: 768px ) 100vw, ( min-width: 768px ) and ( max-width: 992px ) 50vw, 437px\" \/><figcaption id=\"caption-attachment-502\" class=\"wp-caption-text\">The walk is well signposted<\/figcaption><\/figure>\n<\/div>\n<div class=\"par_con\">\n<div class=\"par_con\">\n<div class=\"par_con\">\n<div class=\"par_con\">\n<div class=\"par_con\">\n<p>Los 5 sectores siguientes se basan en las aldeas conocidas como la Taha de Pitres. Todos ellos son inferiores a Pitres y en consecuencia unos pocos grados m\u00e1s caliente. Son peque\u00f1os blancos lavados aldeas y pueblos tradicionales y muy pintoresco. Ofrecen hermosas pistas estrechas y v\u00edas de relativamente f\u00e1cil a pie, aunque algunos de ellos es empinada. La forma m\u00e1s f\u00e1cil de llegar a ellos en coche es girar a la izquierda saliendo de Pitres direcci\u00f3n a Orgiva por un camino en zig zag que est\u00e1 claramente se\u00f1alizado a Mecina Fondales.<\/p>\n<\/div>\n<div class=\"par_con\">\n<p>&nbsp;<\/p>\n<\/div>\n<div class=\"par_con\">\n<p>Mecinilla-Ferreirola-Fondales-Mecinilla (aprox 1 hora)<\/p>\n<\/div>\n<\/div>\n<\/div>\n<\/div>\n<\/div>\n<div class=\"par_con\">\n<figure id=\"attachment_503\" aria-describedby=\"caption-attachment-503\" style=\"width: 437px\" class=\"wp-caption alignnone\"><img loading=\"lazy\" class=\"size-medium wp-image-503\" src=\"http:\/\/www.cortijosreyfini.com\/wp-content\/uploads\/2016\/04\/16-Signpost-to-Ferreirola-with-approximate-walking-time-1-437x437.jpg\" alt=\"Signpost to Ferreirola with approximate walking time\" width=\"437\" height=\"437\" srcset=\"https:\/\/www.cortijosreyfini.com\/wp-content\/uploads\/2016\/04\/16-Signpost-to-Ferreirola-with-approximate-walking-time-1-437x437.jpg 437w, https:\/\/www.cortijosreyfini.com\/wp-content\/uploads\/2016\/04\/16-Signpost-to-Ferreirola-with-approximate-walking-time-1-150x150.jpg 150w\" sizes=\"( max-width: 768px ) 100vw, ( min-width: 768px ) and ( max-width: 992px ) 50vw, 437px\" \/><figcaption id=\"caption-attachment-503\" class=\"wp-caption-text\">Signpost to Ferreirola with approximate walking time<\/figcaption><\/figure>\n<div class=\"par_con\">\n<div class=\"par_con\">\n<p>(A) Comience en Mecinilla y tomar la pista se\u00f1alizada hacia Mecina Fondales y. Paseo por el mantenimiento de la aldea a la izquierda hasta encontrar una se\u00f1al para Ferreirola y seguir esa pista. Cuando se introduce el derecho de pueblo gire y luego a la izquierda y subir a la plaza principal, donde se encuentra el lavadero. Ferreirola tiene un manantial natural de agua con gas que tiene un fuerte sabor a ella debido al alto contenido de hierro. Gire a la izquierda despu\u00e9s de la iglesia, que te lleva fuera de la aldea. Contin\u00fae a trav\u00e9s de Mecina, gire a la izquierda despu\u00e9s de la iglesia y esto le traer\u00e1 de nuevo a Mecinilla y su punto de partida.<\/p>\n<\/div>\n<div class=\"par_con\">\n<p>(B) Mecinilla-Mecina-Pitres. (Aproximadamente 1 hora)<\/p>\n<\/div>\n<\/div>\n<\/div>\n<div class=\"par_con\">\n<figure id=\"attachment_501\" aria-describedby=\"caption-attachment-501\" style=\"width: 437px\" class=\"wp-caption alignnone\"><img loading=\"lazy\" class=\"size-medium wp-image-501\" src=\"http:\/\/www.cortijosreyfini.com\/wp-content\/uploads\/2016\/04\/7-Signs-to-the-Roman-bridge-and-Medieval-walking-route-1-437x437.jpg\" alt=\"Signs to the Roman bridge and Medieval walking route\" width=\"437\" height=\"437\" srcset=\"https:\/\/www.cortijosreyfini.com\/wp-content\/uploads\/2016\/04\/7-Signs-to-the-Roman-bridge-and-Medieval-walking-route-1-437x437.jpg 437w, https:\/\/www.cortijosreyfini.com\/wp-content\/uploads\/2016\/04\/7-Signs-to-the-Roman-bridge-and-Medieval-walking-route-1-150x150.jpg 150w\" sizes=\"( max-width: 768px ) 100vw, ( min-width: 768px ) and ( max-width: 992px ) 50vw, 437px\" \/><figcaption id=\"caption-attachment-501\" class=\"wp-caption-text\">Signs to the Roman bridge and Medieval walking route<\/figcaption><\/figure>\n<div class=\"par_con\">\n<div class=\"par_con\">\n<p>Para empezar, el bar El Aljibe en Mecinilla. Tome la carretera hacia Mecina y la mano a su vez derecho a Ferreirola. Sigue pasando el cementerio y gire a la izquierda por un campo de f\u00fatbol. Permanezca en esta carretera durante unos 2 kilometros hasta que se bifurca. Tome el tenedor mano izquierda que sube unos 500 metros hasta que vea una pista a la derecha con un cartel amarillo y blanco. Ir a lo largo de esta pista que desciende hasta cruzar el r\u00edo y se sube de nuevo al otro lado. De ello se desprende un canal de riego de aproximadamente 60 m, luego gire a la izquierda junto a un refugio y hasta a la carretera principal de Pitres. (GR421)<\/p>\n<\/div>\n<div class=\"par_con\">\n<p>(C) Mecinilla-Fondales-Ferreirola-Busquistar (Aprox 1-1,5 horas)<\/p>\n<\/div>\n<\/div>\n<\/div>\n<div class=\"par_con\">\n<figure id=\"attachment_504\" aria-describedby=\"caption-attachment-504\" style=\"width: 437px\" class=\"wp-caption alignnone\"><img loading=\"lazy\" class=\"size-medium wp-image-504\" src=\"http:\/\/www.cortijosreyfini.com\/wp-content\/uploads\/2016\/04\/24-The-beautifully-restored-Era-Del-Trance-437x437.jpg\" alt=\"The beautifully restored Era Del Trance\" width=\"437\" height=\"437\" srcset=\"https:\/\/www.cortijosreyfini.com\/wp-content\/uploads\/2016\/04\/24-The-beautifully-restored-Era-Del-Trance-437x437.jpg 437w, https:\/\/www.cortijosreyfini.com\/wp-content\/uploads\/2016\/04\/24-The-beautifully-restored-Era-Del-Trance-150x150.jpg 150w\" sizes=\"( max-width: 768px ) 100vw, ( min-width: 768px ) and ( max-width: 992px ) 50vw, 437px\" \/><figcaption id=\"caption-attachment-504\" class=\"wp-caption-text\">The beautifully restored Era Del Trance<\/figcaption><\/figure>\n<div class=\"par_con\">\n<div class=\"par_con\">\n<p>Tome la carretera Fondales de Mecinilla. Este se reunir\u00e1 la carretera Mecina Fondales donde se toma a la derecha y luego a la izquierda para llevar a Fondales. Paseo por el mantenimiento de la aldea a la izquierda hasta que aparezca un signo de Ferreirola. Siga este signo. Al entrar<\/p>\n<\/div>\n<div class=\"par_con\">\n<p>Ferreirola gire a la derecha y luego a la izquierda y continuar por el pueblo en la plaza donde el lavadero y la fuente son. Gire a la derecha y continuar fuera de la aldea hasta que vea una se\u00f1al de Busqu\u00edstar. Tomar este camino que est\u00e1 bien se\u00f1alizado hasta que empiece a subir. Aqu\u00ed hay que seguir subiendo y no seguir la ruta firmada al r\u00edo. El camino dobla a la izquierda, donde ver\u00e1 Busquistar en la distancia. Contin\u00fae hasta la plaza principal, donde hay un bar con buenas tapas.<\/p>\n<\/div>\n<div class=\"par_con\">\n<p>&nbsp;<\/p>\n<\/div>\n<div class=\"par_con\">\n<p>(D) de bucle Mecinilla (Aproximadamente 5 horas)<\/p>\n<\/div>\n<div class=\"par_con\">\n<p>Fuera de Mecinilla tomar la pista Fondales hasta el cruce con la carretera de Mecina Fondales y gire a la derecha y luego a la izquierda para continuar en la misma pista para otro 150 metros hasta llegar a la aldea. Continuar por el pueblo hasta que vea una se\u00f1al para el r\u00edo que usted sigue a trav\u00e9s de algunos bosques hasta llegar a un puente peatonal sobre la quebrada. Cruzar este y seguir el camino correcto que sube la ladera de la monta\u00f1a. Pasar\u00e1 una vieja estaci\u00f3n de ganado en la pista de forma un cruce. Tome la izquierda y continuar durante aproximadamente 6 kilometros. Al final de esta pista se encuentra una granja y la pista va a la izquierda a trav\u00e9s de un prado antes de llegar a una gran cantidad de zigzags. A partir de aqu\u00ed el camino es muy empinado con rocas sueltas y curvas cerradas. Contin\u00fae hacia abajo y cruzar el r\u00edo. Este es un buen lugar para descansar un rato. Tome el camino de la mano izquierda, que se unir\u00e1 a la pista Ferreirola-Busqu\u00edstar. Siga este hasta llegar a Ferreirola donde se puede ir de nuevo a Mecinilla o Fondales.<\/p>\n<\/div>\n<div class=\"par_con\">\n<p>&nbsp;<\/p>\n<\/div>\n<div class=\"par_con\">\n<p>(E) Mecina Fondales-Pitres-P\u00f3rtugos-Busquistar (aproximadamente 4 horas)<\/p>\n<\/div>\n<div class=\"par_con\">\n<p>Para empezar, el bar El Aljibe y tomar el camino de la aldea en Mecina girando a la izquierda por la ladera de la monta\u00f1a. Aqu\u00ed tienes 2 opciones: seguir la carretera hasta que se encuentra con la carretera principal (GR421) (aprox 3 km) donde se gira a la derecha para Pitres, o tomar el camino de cabras 400 metros hasta que est\u00e1 se\u00f1alizado con peque\u00f1os cuadrados rojos y girar a la derecha en el arriba hacia Pitres. De Pitres usted puede seguir el camino a P\u00f3rtugos y Busqu\u00edstar. Cerca de 1 km antes de llegar a Busquistar hay una pista de tierra a la derecha que est\u00e1 se\u00f1alizado con amarillo y blanco. Ir a lo largo de este camino empinado que baja por la ladera de la monta\u00f1a de 1000m. Es el tiempo se cruz\u00f3 por la pista Busqu\u00edstar-Ferreirola &#8211; tomar la derecha y continuar durante 3 km donde se baja a trav\u00e9s de bosques hasta que te lleva a Ferreirola.<\/p>\n<\/div>\n<\/div>\n<\/div>\n","protected":false},"excerpt":{"rendered":"<p>Los 5 sectores siguientes se basan en las aldeas conocidas como la Taha de Pitres. Todos ellos son inferiores a Pitres y en consecuencia unos pocos grados m\u00e1s caliente. Son peque\u00f1os blancos lavados aldeas y pueblos tradicionales y muy pintoresco. Ofrecen hermosas pistas estrechas y v\u00edas de relativamente f\u00e1cil a pie, aunque algunos de ellos &hellip; <a href=\"https:\/\/www.cortijosreyfini.com\/es\/things-to-do\/activities\/walks-and-hikes\/camina-taha-de-pitres\/\" class=\"more-link\">Continue reading <span class=\"screen-reader-text\">Camina Taha de Pitres<\/span><\/a><\/p>\n","protected":false},"author":1,"featured_media":0,"parent":1009,"menu_order":0,"comment_status":"closed","ping_status":"closed","template":"","meta":{"om_disable_all_campaigns":false,"_monsterinsights_skip_tracking":false,"_monsterinsights_sitenote_active":false,"_monsterinsights_sitenote_note":"","_monsterinsights_sitenote_category":0},"acf":[],"aioseo_notices":[],"_links":{"self":[{"href":"https:\/\/www.cortijosreyfini.com\/es\/wp-json\/wp\/v2\/pages\/1129"}],"collection":[{"href":"https:\/\/www.cortijosreyfini.com\/es\/wp-json\/wp\/v2\/pages"}],"about":[{"href":"https:\/\/www.cortijosreyfini.com\/es\/wp-json\/wp\/v2\/types\/page"}],"author":[{"embeddable":true,"href":"https:\/\/www.cortijosreyfini.com\/es\/wp-json\/wp\/v2\/users\/1"}],"replies":[{"embeddable":true,"href":"https:\/\/www.cortijosreyfini.com\/es\/wp-json\/wp\/v2\/comments?post=1129"}],"version-history":[{"count":1,"href":"https:\/\/www.cortijosreyfini.com\/es\/wp-json\/wp\/v2\/pages\/1129\/revisions"}],"predecessor-version":[{"id":1130,"href":"https:\/\/www.cortijosreyfini.com\/es\/wp-json\/wp\/v2\/pages\/1129\/revisions\/1130"}],"up":[{"embeddable":true,"href":"https:\/\/www.cortijosreyfini.com\/es\/wp-json\/wp\/v2\/pages\/1009"}],"wp:attachment":[{"href":"https:\/\/www.cortijosreyfini.com\/es\/wp-json\/wp\/v2\/media?parent=1129"}],"curies":[{"name":"wp","href":"https:\/\/api.w.org\/{rel}","templated":true}]}}