{"id":1119,"date":"2016-04-25T09:29:00","date_gmt":"2016-04-25T09:29:00","guid":{"rendered":"http:\/\/wegetcreative.co.uk\/crf\/?page_id=1119&#038;lang=es"},"modified":"2016-04-25T09:29:00","modified_gmt":"2016-04-25T09:29:00","slug":"complejo-de-esqua-de-sierra-nevada","status":"publish","type":"page","link":"https:\/\/www.cortijosreyfini.com\/es\/things-to-do\/activities\/walks-and-hikes\/complejo-de-esqua-de-sierra-nevada\/","title":{"rendered":"Complejo de esqua de Sierra Nevada"},"content":{"rendered":"<div class=\"par_con\">\n<p><strong>Esqu\u00ed<\/strong><\/p>\n<figure id=\"attachment_499\" aria-describedby=\"caption-attachment-499\" style=\"width: 437px\" class=\"wp-caption alignnone\"><img loading=\"lazy\" class=\"size-medium wp-image-499\" src=\"http:\/\/www.cortijosreyfini.com\/wp-content\/uploads\/2016\/04\/3-Sierra-Nevada-ski-resort-437x437.jpg\" alt=\"Sierra Nevada ski resort\" width=\"437\" height=\"437\" srcset=\"https:\/\/www.cortijosreyfini.com\/wp-content\/uploads\/2016\/04\/3-Sierra-Nevada-ski-resort-437x437.jpg 437w, https:\/\/www.cortijosreyfini.com\/wp-content\/uploads\/2016\/04\/3-Sierra-Nevada-ski-resort-150x150.jpg 150w\" sizes=\"( max-width: 768px ) 100vw, ( min-width: 768px ) and ( max-width: 992px ) 50vw, 437px\" \/><figcaption id=\"caption-attachment-499\" class=\"wp-caption-text\">Sierra Nevada ski resort<\/figcaption><\/figure>\n<div class=\"par_con\">\n<div class=\"par_con\">\n<p>La estaci\u00f3n de esqu\u00ed de Sierra Nevada es la estaci\u00f3n de esqu\u00ed m\u00e1s meridional de Europa y por lo tanto tiene un mont\u00f3n de sol. Sierra Nevada, literalmente, significa \u00abSnowy Mountain Range\u00bb e incluye algunos de los picos m\u00e1s altos de Europa con Mulhacen la m\u00e1s alta en 3,482m. Tiene la mejor nieve y la temporada m\u00e1s larga en el conjunto de Espa\u00f1a con normalmente 5 meses de nieve de diciembre a finales de abril. El complejo cuenta con 61 kilometros de pistas y est\u00e1 abierto 09 a.m.-5 p.m. diaria. Sin embargo, si usted est\u00e1 pensando en ir siempre debe comprobar los niveles de nieve en primer lugar. (Puede comprobarlo en nuestra p\u00e1gina de enlace). Usted puede contratar a todo el equipo all\u00ed. Se tarda una hora y media a dos horas en llegar desde los cortijos y lo lleve el mismo desv\u00edo como la Alhambra, se\u00f1alizado claramente para Sierra Nevada. Este desv\u00edo de la autopista es justo antes de Granada.<\/p>\n<\/div>\n<div class=\"par_con\">\nNuestro consejo es que se quede en alg\u00fan lugar m\u00e1s cerca que nuestros Cortijos. Sin embargo, durante los meses m\u00e1s c\u00e1lidos del a\u00f1o cuando el complejo de esqu\u00ed est\u00e1 cerrado puede combinar Alhambra y la estaci\u00f3n de esqu\u00ed de Sierra Nevada juntos y tener un viaje en coche hasta all\u00ed. Es muy pintoresco hasta all\u00ed, incluso durante los meses de verano.<\/p>\n<\/div>\n<div class=\"par_con\">\nPara m\u00e1s informaci\u00f3n sobre la estaci\u00f3n de esqu\u00ed por favor vea el enlace en nuestras p\u00e1ginas de enlaces<\/p>\n<\/div>\n<\/div>\n<\/div>\n","protected":false},"excerpt":{"rendered":"<p>Esqu\u00ed La estaci\u00f3n de esqu\u00ed de Sierra Nevada es la estaci\u00f3n de esqu\u00ed m\u00e1s meridional de Europa y por lo tanto tiene un mont\u00f3n de sol. Sierra Nevada, literalmente, significa \u00abSnowy Mountain Range\u00bb e incluye algunos de los picos m\u00e1s altos de Europa con Mulhacen la m\u00e1s alta en 3,482m. Tiene la mejor nieve y &hellip; <a href=\"https:\/\/www.cortijosreyfini.com\/es\/things-to-do\/activities\/walks-and-hikes\/complejo-de-esqua-de-sierra-nevada\/\" class=\"more-link\">Continue reading <span class=\"screen-reader-text\">Complejo de esqua de Sierra Nevada<\/span><\/a><\/p>\n","protected":false},"author":1,"featured_media":0,"parent":1009,"menu_order":0,"comment_status":"closed","ping_status":"closed","template":"","meta":{"om_disable_all_campaigns":false,"_monsterinsights_skip_tracking":false,"_monsterinsights_sitenote_active":false,"_monsterinsights_sitenote_note":"","_monsterinsights_sitenote_category":0},"acf":[],"aioseo_notices":[],"_links":{"self":[{"href":"https:\/\/www.cortijosreyfini.com\/es\/wp-json\/wp\/v2\/pages\/1119"}],"collection":[{"href":"https:\/\/www.cortijosreyfini.com\/es\/wp-json\/wp\/v2\/pages"}],"about":[{"href":"https:\/\/www.cortijosreyfini.com\/es\/wp-json\/wp\/v2\/types\/page"}],"author":[{"embeddable":true,"href":"https:\/\/www.cortijosreyfini.com\/es\/wp-json\/wp\/v2\/users\/1"}],"replies":[{"embeddable":true,"href":"https:\/\/www.cortijosreyfini.com\/es\/wp-json\/wp\/v2\/comments?post=1119"}],"version-history":[{"count":1,"href":"https:\/\/www.cortijosreyfini.com\/es\/wp-json\/wp\/v2\/pages\/1119\/revisions"}],"predecessor-version":[{"id":1120,"href":"https:\/\/www.cortijosreyfini.com\/es\/wp-json\/wp\/v2\/pages\/1119\/revisions\/1120"}],"up":[{"embeddable":true,"href":"https:\/\/www.cortijosreyfini.com\/es\/wp-json\/wp\/v2\/pages\/1009"}],"wp:attachment":[{"href":"https:\/\/www.cortijosreyfini.com\/es\/wp-json\/wp\/v2\/media?parent=1119"}],"curies":[{"name":"wp","href":"https:\/\/api.w.org\/{rel}","templated":true}]}}