{"id":1102,"date":"2016-04-25T09:19:00","date_gmt":"2016-04-25T09:19:00","guid":{"rendered":"http:\/\/wegetcreative.co.uk\/crf\/?page_id=1102&#038;lang=es"},"modified":"2016-04-25T09:19:00","modified_gmt":"2016-04-25T09:19:00","slug":"mecina-fondales-y-caminata","status":"publish","type":"page","link":"https:\/\/www.cortijosreyfini.com\/es\/things-to-do\/activities\/walks-and-hikes\/mecina-fondales-y-caminata\/","title":{"rendered":"Mecina Fondales y caminata"},"content":{"rendered":"<div class=\"par_con\">\n<div class=\"par_con\">\n<div class=\"par_con\">\n<p>A pie de Mecina Fondales a (Caminos Rurales en La Taha (Granada)<\/p>\n<\/div>\n<div class=\"par_con\">\nHay varias caminatas alternativas de Mecina y los pueblos cercanos.<\/p>\n<\/div>\n<\/div>\n<\/div>\n<div class=\"par_con\">\n<figure id=\"attachment_472\" aria-describedby=\"caption-attachment-472\" style=\"width: 437px\" class=\"wp-caption alignnone\"><img loading=\"lazy\" class=\"size-medium wp-image-472\" src=\"http:\/\/www.cortijosreyfini.com\/wp-content\/uploads\/2016\/04\/3-Ruined-mill-beside-the-river-437x437.jpg\" alt=\"Ruined mill beside the river\" width=\"437\" height=\"437\" srcset=\"https:\/\/www.cortijosreyfini.com\/wp-content\/uploads\/2016\/04\/3-Ruined-mill-beside-the-river-437x437.jpg 437w, https:\/\/www.cortijosreyfini.com\/wp-content\/uploads\/2016\/04\/3-Ruined-mill-beside-the-river-150x150.jpg 150w\" sizes=\"( max-width: 768px ) 100vw, ( min-width: 768px ) and ( max-width: 992px ) 50vw, 437px\" \/><figcaption id=\"caption-attachment-472\" class=\"wp-caption-text\">Ruined mill beside the river<\/figcaption><\/figure>\n<div class=\"par_con\">\n<p>1) Mecina Fondales a<br \/>\nSe trata de un corto paseo &#8211; usted puede conducir a Fondales y dejar el coche en la plaza, pero a veces, ya que no hay mucho espacio, es m\u00e1s f\u00e1cil dejar el coche en el aparcamiento en Mecina que est\u00e1 detr\u00e1s del hotel principal de la izquierda y caminar hacia abajo.<\/p>\n<\/div>\n<figure id=\"attachment_470\" aria-describedby=\"caption-attachment-470\" style=\"width: 437px\" class=\"wp-caption alignnone\"><img loading=\"lazy\" class=\"size-medium wp-image-470\" src=\"http:\/\/www.cortijosreyfini.com\/wp-content\/uploads\/2016\/04\/1-Beautiful-canyon-with-iron-rich-water-437x437.jpg\" alt=\"Beautiful canyon with iron rich water\" width=\"437\" height=\"437\" srcset=\"https:\/\/www.cortijosreyfini.com\/wp-content\/uploads\/2016\/04\/1-Beautiful-canyon-with-iron-rich-water-437x437.jpg 437w, https:\/\/www.cortijosreyfini.com\/wp-content\/uploads\/2016\/04\/1-Beautiful-canyon-with-iron-rich-water-150x150.jpg 150w\" sizes=\"( max-width: 768px ) 100vw, ( min-width: 768px ) and ( max-width: 992px ) 50vw, 437px\" \/><figcaption id=\"caption-attachment-470\" class=\"wp-caption-text\">Beautiful canyon with iron rich water<\/figcaption><\/figure>\n<p>No importa el camino que tomes, s\u00f3lo sigue en bajada hasta llegar Fondales y desde all\u00ed continuar hacia el r\u00edo hasta que vea el hermoso puente romano y el molino en ruinas al lado de \u00e9l. Es interesante notar que al lado de la mayor\u00eda de estos puentes romanos todav\u00eda hay restos de antiguos molinos de agua.<\/p>\n<figure id=\"attachment_490\" aria-describedby=\"caption-attachment-490\" style=\"width: 437px\" class=\"wp-caption alignnone\"><img loading=\"lazy\" class=\"size-medium wp-image-490\" src=\"http:\/\/www.cortijosreyfini.com\/wp-content\/uploads\/2016\/04\/22-Typical-narrow-alleyway-in-Fondales-437x437.jpg\" alt=\"Typical narrow alleyway in Fondales\" width=\"437\" height=\"437\" srcset=\"https:\/\/www.cortijosreyfini.com\/wp-content\/uploads\/2016\/04\/22-Typical-narrow-alleyway-in-Fondales-437x437.jpg 437w, https:\/\/www.cortijosreyfini.com\/wp-content\/uploads\/2016\/04\/22-Typical-narrow-alleyway-in-Fondales-150x150.jpg 150w\" sizes=\"( max-width: 768px ) 100vw, ( min-width: 768px ) and ( max-width: 992px ) 50vw, 437px\" \/><figcaption id=\"caption-attachment-490\" class=\"wp-caption-text\">Typical narrow alleyway in Fondales<\/figcaption><\/figure>\n<p>Hay un ca\u00f1\u00f3n impresionante y para aquellos de ustedes que les gusta nadar o ba\u00f1arse hay varias piscinas &#8211; pero ten cuidado, el agua est\u00e1 llena de hierro, las rocas resbaladizas y la fuerte corriente, pero es muy hermoso.<\/p>\n<figure id=\"attachment_481\" aria-describedby=\"caption-attachment-481\" style=\"width: 437px\" class=\"wp-caption alignnone\"><img loading=\"lazy\" class=\"size-medium wp-image-481\" src=\"http:\/\/www.cortijosreyfini.com\/wp-content\/uploads\/2016\/04\/12-Cocert-balcony-in-fondales-437x437.jpg\" alt=\"Cocert balcony in fondales\" width=\"437\" height=\"437\" srcset=\"https:\/\/www.cortijosreyfini.com\/wp-content\/uploads\/2016\/04\/12-Cocert-balcony-in-fondales-437x437.jpg 437w, https:\/\/www.cortijosreyfini.com\/wp-content\/uploads\/2016\/04\/12-Cocert-balcony-in-fondales-150x150.jpg 150w\" sizes=\"( max-width: 768px ) 100vw, ( min-width: 768px ) and ( max-width: 992px ) 50vw, 437px\" \/><figcaption id=\"caption-attachment-481\" class=\"wp-caption-text\">Cocert balcony in fondales<\/figcaption><\/figure>\n<div class=\"par_con\">\n<div class=\"par_con\">\n<p>Usted puede regresar a su coche ahora o el camino contin\u00faa a trav\u00e9s del puente de Orgiva (m\u00e1s de 2 horas de caminata) o para Busquistar. El camino Busquistar se trata de una caminata de 2 horas en el camino a la izquierda despu\u00e9s de cruzar el puente. O simplemente volver y en el camino se puede disfrutar de unas tapas agradables y una cerveza fr\u00eda. El bar justo antes de que el aparcamiento es un lugar obvio. Si usted quiere tener el almuerzo adecuado entonces usted tiene muchas opciones diferentes. Tambi\u00e9n el Pizzeria Cueva de la Mora luna y detr\u00e1s de ella el Restaurante vegetariano L&#8217;Atelier &#8211; ambos ofrecen buenos men\u00fas.<\/p>\n<p>&nbsp;<\/p>\n<\/div>\n<div class=\"par_con\">\n<p>Despu\u00e9s del almuerzo, si usted todav\u00eda se siente fuerte puede continuar su pie de Fondales a Ferreirola en el GK142 que est\u00e1 se\u00f1alizado, que le llevar\u00e1 en un c\u00edrculo de vuelta a Mecina. Esto le tomar\u00eda aproximadamente 2 horas.<\/p>\n<\/div>\n<\/div>\n<\/div>\n","protected":false},"excerpt":{"rendered":"<p>A pie de Mecina Fondales a (Caminos Rurales en La Taha (Granada) Hay varias caminatas alternativas de Mecina y los pueblos cercanos. 1) Mecina Fondales a Se trata de un corto paseo &#8211; usted puede conducir a Fondales y dejar el coche en la plaza, pero a veces, ya que no hay mucho espacio, es &hellip; <a href=\"https:\/\/www.cortijosreyfini.com\/es\/things-to-do\/activities\/walks-and-hikes\/mecina-fondales-y-caminata\/\" class=\"more-link\">Continue reading <span class=\"screen-reader-text\">Mecina Fondales y caminata<\/span><\/a><\/p>\n","protected":false},"author":1,"featured_media":0,"parent":1009,"menu_order":0,"comment_status":"closed","ping_status":"closed","template":"page-templates\/no-featured.php","meta":{"om_disable_all_campaigns":false,"_monsterinsights_skip_tracking":false,"_monsterinsights_sitenote_active":false,"_monsterinsights_sitenote_note":"","_monsterinsights_sitenote_category":0},"acf":[],"aioseo_notices":[],"_links":{"self":[{"href":"https:\/\/www.cortijosreyfini.com\/es\/wp-json\/wp\/v2\/pages\/1102"}],"collection":[{"href":"https:\/\/www.cortijosreyfini.com\/es\/wp-json\/wp\/v2\/pages"}],"about":[{"href":"https:\/\/www.cortijosreyfini.com\/es\/wp-json\/wp\/v2\/types\/page"}],"author":[{"embeddable":true,"href":"https:\/\/www.cortijosreyfini.com\/es\/wp-json\/wp\/v2\/users\/1"}],"replies":[{"embeddable":true,"href":"https:\/\/www.cortijosreyfini.com\/es\/wp-json\/wp\/v2\/comments?post=1102"}],"version-history":[{"count":1,"href":"https:\/\/www.cortijosreyfini.com\/es\/wp-json\/wp\/v2\/pages\/1102\/revisions"}],"predecessor-version":[{"id":1103,"href":"https:\/\/www.cortijosreyfini.com\/es\/wp-json\/wp\/v2\/pages\/1102\/revisions\/1103"}],"up":[{"embeddable":true,"href":"https:\/\/www.cortijosreyfini.com\/es\/wp-json\/wp\/v2\/pages\/1009"}],"wp:attachment":[{"href":"https:\/\/www.cortijosreyfini.com\/es\/wp-json\/wp\/v2\/media?parent=1102"}],"curies":[{"name":"wp","href":"https:\/\/api.w.org\/{rel}","templated":true}]}}