{"id":1092,"date":"2016-04-25T09:08:59","date_gmt":"2016-04-25T09:08:59","guid":{"rendered":"http:\/\/wegetcreative.co.uk\/crf\/?page_id=1092&#038;lang=es"},"modified":"2016-04-25T09:08:59","modified_gmt":"2016-04-25T09:08:59","slug":"hoya-de-portillo-to-mulhacen-via-la-caldera","status":"publish","type":"page","link":"https:\/\/www.cortijosreyfini.com\/es\/things-to-do\/activities\/walks-and-hikes\/hoya-de-portillo-to-mulhacen-via-la-caldera\/","title":{"rendered":"Hoya de Portillo to Mulhacen via La Caldera"},"content":{"rendered":"<div class=\"par_con\">\n<p><strong>Hoya del Portillo a trav\u00e9s Mulhacen La Caldera<\/strong><\/p>\n<figure id=\"attachment_462\" aria-describedby=\"caption-attachment-462\" style=\"width: 437px\" class=\"wp-caption alignnone\"><img loading=\"lazy\" class=\"size-medium wp-image-462\" src=\"http:\/\/www.cortijosreyfini.com\/wp-content\/uploads\/2016\/04\/11-The-Caldera-lake-437x437.jpg\" alt=\"The Caldera lake\" width=\"437\" height=\"437\" srcset=\"https:\/\/www.cortijosreyfini.com\/wp-content\/uploads\/2016\/04\/11-The-Caldera-lake-437x437.jpg 437w, https:\/\/www.cortijosreyfini.com\/wp-content\/uploads\/2016\/04\/11-The-Caldera-lake-150x150.jpg 150w\" sizes=\"( max-width: 768px ) 100vw, ( min-width: 768px ) and ( max-width: 992px ) 50vw, 437px\" \/><figcaption id=\"caption-attachment-462\" class=\"wp-caption-text\">The Caldera lake<\/figcaption><\/figure>\n<div class=\"par_con\">\n<p>Conduzca hacia abajo desde los cortijos hacia Capileira hasta llegar al pueblo de P\u00f3rtugos &#8211; entrar en el pueblo y tomar el camino polvoriento viento hasta el camino forestal. Se encuentra a unos 20 minutos en coche para llegar al cruce en la parte superior. En el cruce T, si usted gir\u00f3 a la derecha que le conduzca a directamente sobre nuestros cortijos. Pero hay que girar a la izquierda, que est\u00e1 se\u00f1alizado recreativa zona que es el camino hacia los grandes ca\u00f1ones, cascadas y Capileira. Hay espectaculares vistas del ca\u00f1\u00f3n y cataratas si se detiene en el puente. Continuar conduciendo durante otros 10 a 15 minutos hasta llegar a una media destruida carretera asfaltada. Este es el camino que va desde Capileira al Mulhacen y antes de la UNESCO se hizo cargo, que podr\u00eda haber conducido de aqu\u00ed girando a la derecha a los picos de Mulhac\u00e9n y hacia Granada. Pero ya est\u00e1 cerrado y s\u00f3lo se abri\u00f3 una vez al a\u00f1o el 5 de agosto para una ceremonia cristiana celebrada en los picos de Mulhac\u00e9n.<\/p>\n<\/div>\n<figure id=\"attachment_459\" aria-describedby=\"caption-attachment-459\" style=\"width: 437px\" class=\"wp-caption alignnone\"><img loading=\"lazy\" class=\"size-medium wp-image-459\" src=\"http:\/\/www.cortijosreyfini.com\/wp-content\/uploads\/2016\/04\/8-Leo-near-Mulhacen-437x437.jpg\" alt=\"Leo near Mulhacen\" width=\"437\" height=\"437\" srcset=\"https:\/\/www.cortijosreyfini.com\/wp-content\/uploads\/2016\/04\/8-Leo-near-Mulhacen-437x437.jpg 437w, https:\/\/www.cortijosreyfini.com\/wp-content\/uploads\/2016\/04\/8-Leo-near-Mulhacen-150x150.jpg 150w\" sizes=\"( max-width: 768px ) 100vw, ( min-width: 768px ) and ( max-width: 992px ) 50vw, 437px\" \/><figcaption id=\"caption-attachment-459\" class=\"wp-caption-text\">Leo near Mulhacen<\/figcaption><\/figure>\n<div class=\"par_con\">\n<p>Gire a la derecha y seguir la carretera con mucho viento hasta llegar a la zona de aparcamiento, donde una cadena a trav\u00e9s del camino se detiene el coche ir m\u00e1s lejos. Esto se conoce como \u00c1rea Recreativa Hoya del Portillo. Aparcar el coche aqu\u00ed y seguir un camino estrecho que est\u00e1 se\u00f1alizado al Refugio Poqueira 9 kilometros. Este camino pasa por bosques de pino durante una media hora hasta que de pronto las colinas boscosas dan paso a los espacios abiertos. Se trata de Poqueira Valley, una vasta zona de colinas y ca\u00f1ones que conducen a lo que parece ser una casa a unos 7 kil\u00f3metros de distancia. Despu\u00e9s de caminar durante aproximadamente 2 horas llegar a una carretera que est\u00e1 se\u00f1alizado izquierda al refugio y de frente hacia la Laguna Caldera. Refugio Poqueira ofrece camas para aquellos que deseen pasar la noche. Contin\u00fae caminando hasta llegar a Laguna Caldera -Acerca de media hora. Casi no hay agua en este lago y cerca de ella hay un hermoso refugio de piedra Vivac. (3655m) A diferencia de refugio Poqueira este refugio es gratuito y sin reserva requerida. En el interior hay 2 camas s\u00f3lidas planas y una barra de madera.<\/p>\n<\/div>\n<figure id=\"attachment_454\" aria-describedby=\"caption-attachment-454\" style=\"width: 437px\" class=\"wp-caption alignnone\"><img loading=\"lazy\" class=\"size-medium wp-image-454\" src=\"http:\/\/www.cortijosreyfini.com\/wp-content\/uploads\/2016\/04\/3-A-stone-refugio-by-the-Caldera-lake-437x437.jpg\" alt=\"A stone refugio by the Caldera lake\" width=\"437\" height=\"437\" srcset=\"https:\/\/www.cortijosreyfini.com\/wp-content\/uploads\/2016\/04\/3-A-stone-refugio-by-the-Caldera-lake-437x437.jpg 437w, https:\/\/www.cortijosreyfini.com\/wp-content\/uploads\/2016\/04\/3-A-stone-refugio-by-the-Caldera-lake-150x150.jpg 150w\" sizes=\"( max-width: 768px ) 100vw, ( min-width: 768px ) and ( max-width: 992px ) 50vw, 437px\" \/><figcaption id=\"caption-attachment-454\" class=\"wp-caption-text\">A stone refugio by the Caldera lake<\/figcaption><\/figure>\n<div class=\"par_con\">\n<p>Desde aqu\u00ed hay un camino cuesta arriba con fuerza hacia Mulhac\u00e9n. A medida que suben hasta llegar cerca de la pura borde de las monta\u00f1as, de repente 1000 de los pies por debajo de usted puede ver Granada y justo debajo de otro lago Mosca y en la distancia el segundo pico m\u00e1s grande, Veleta (3.394 M) entre los otros picos majestuosos llegar para el cielo. A menudo se encuentra con grupos de cabras salvajes aqu\u00ed liderados por machos de la cabra nativa masculina con grandes cuernos. Una vez que haya alcanzado Mulhacen es s\u00f3lo suave caminar de regreso a su coche en Hoya del Portillo.<\/p>\n<\/div>\n<\/div>\n","protected":false},"excerpt":{"rendered":"<p>Hoya del Portillo a trav\u00e9s Mulhacen La Caldera Conduzca hacia abajo desde los cortijos hacia Capileira hasta llegar al pueblo de P\u00f3rtugos &#8211; entrar en el pueblo y tomar el camino polvoriento viento hasta el camino forestal. Se encuentra a unos 20 minutos en coche para llegar al cruce en la parte superior. En el &hellip; <a href=\"https:\/\/www.cortijosreyfini.com\/es\/things-to-do\/activities\/walks-and-hikes\/hoya-de-portillo-to-mulhacen-via-la-caldera\/\" class=\"more-link\">Continue reading <span class=\"screen-reader-text\">Hoya de Portillo to Mulhacen via La Caldera<\/span><\/a><\/p>\n","protected":false},"author":1,"featured_media":0,"parent":1009,"menu_order":0,"comment_status":"closed","ping_status":"closed","template":"","meta":{"om_disable_all_campaigns":false,"_monsterinsights_skip_tracking":false,"_monsterinsights_sitenote_active":false,"_monsterinsights_sitenote_note":"","_monsterinsights_sitenote_category":0},"acf":[],"aioseo_notices":[],"_links":{"self":[{"href":"https:\/\/www.cortijosreyfini.com\/es\/wp-json\/wp\/v2\/pages\/1092"}],"collection":[{"href":"https:\/\/www.cortijosreyfini.com\/es\/wp-json\/wp\/v2\/pages"}],"about":[{"href":"https:\/\/www.cortijosreyfini.com\/es\/wp-json\/wp\/v2\/types\/page"}],"author":[{"embeddable":true,"href":"https:\/\/www.cortijosreyfini.com\/es\/wp-json\/wp\/v2\/users\/1"}],"replies":[{"embeddable":true,"href":"https:\/\/www.cortijosreyfini.com\/es\/wp-json\/wp\/v2\/comments?post=1092"}],"version-history":[{"count":2,"href":"https:\/\/www.cortijosreyfini.com\/es\/wp-json\/wp\/v2\/pages\/1092\/revisions"}],"predecessor-version":[{"id":1094,"href":"https:\/\/www.cortijosreyfini.com\/es\/wp-json\/wp\/v2\/pages\/1092\/revisions\/1094"}],"up":[{"embeddable":true,"href":"https:\/\/www.cortijosreyfini.com\/es\/wp-json\/wp\/v2\/pages\/1009"}],"wp:attachment":[{"href":"https:\/\/www.cortijosreyfini.com\/es\/wp-json\/wp\/v2\/media?parent=1092"}],"curies":[{"name":"wp","href":"https:\/\/api.w.org\/{rel}","templated":true}]}}