{"id":1049,"date":"2016-04-22T15:12:59","date_gmt":"2016-04-22T15:12:59","guid":{"rendered":"http:\/\/wegetcreative.co.uk\/crf\/?page_id=1049&#038;lang=es"},"modified":"2016-04-25T14:05:58","modified_gmt":"2016-04-25T14:05:58","slug":"camino-molino-walk-and-to-the-peaks-of-penabon","status":"publish","type":"page","link":"https:\/\/www.cortijosreyfini.com\/es\/things-to-do\/activities\/walks-and-hikes\/camino-molino-walk-and-to-the-peaks-of-penabon\/","title":{"rendered":"Camino Molino pasear y los picos de Penabon"},"content":{"rendered":"<div class=\"par_con\">\n<figure id=\"attachment_447\" aria-describedby=\"caption-attachment-447\" style=\"width: 437px\" class=\"wp-caption alignnone\"><img loading=\"lazy\" class=\"size-medium wp-image-447\" src=\"http:\/\/www.cortijosreyfini.com\/wp-content\/uploads\/2016\/04\/9-Camino-Molino-Trevelez-437x437.jpg\" alt=\"Camino Molino Trevelez\" width=\"437\" height=\"437\" srcset=\"https:\/\/www.cortijosreyfini.com\/wp-content\/uploads\/2016\/04\/9-Camino-Molino-Trevelez-437x437.jpg 437w, https:\/\/www.cortijosreyfini.com\/wp-content\/uploads\/2016\/04\/9-Camino-Molino-Trevelez-150x150.jpg 150w\" sizes=\"( max-width: 768px ) 100vw, ( min-width: 768px ) and ( max-width: 992px ) 50vw, 437px\" \/><figcaption id=\"caption-attachment-447\" class=\"wp-caption-text\">Camino Molino Trevelez<\/figcaption><\/figure>\n<div class=\"par_con\">\n<p>Para estos dos paseos que necesita para conducir en primer lugar a Trevelez y aparcar el coche en el medio o medio barrio. Tienes que caminar m\u00e1s all\u00e1 de un mobiliario de taller \/ tienda de la izquierda y de la Iglesia a la derecha entonces ver\u00e1s un letrero que dec\u00eda Camino Molino a un corto camino hasta la colina a la izquierda. Tome el camino a seguir que contin\u00faa hacia el r\u00edo. Esta parte de la caminata es plana y muy bonita. Continuar hasta llegar al puente que hay que cruzar al otro lado.<br \/>\na) Camino Molino &#8211; al puente<br \/>\nb) Penabon<\/p>\n<\/div>\n<\/div>\n<div class=\"par_con\">\n<figure id=\"attachment_444\" aria-describedby=\"caption-attachment-444\" style=\"width: 437px\" class=\"wp-caption alignnone\"><img loading=\"lazy\" class=\"size-medium wp-image-444\" src=\"http:\/\/www.cortijosreyfini.com\/wp-content\/uploads\/2016\/04\/6-Penabon-at-the-start-of-the-walk-437x437.jpg\" alt=\"Penabon at the start of the walk\" width=\"437\" height=\"437\" srcset=\"https:\/\/www.cortijosreyfini.com\/wp-content\/uploads\/2016\/04\/6-Penabon-at-the-start-of-the-walk-437x437.jpg 437w, https:\/\/www.cortijosreyfini.com\/wp-content\/uploads\/2016\/04\/6-Penabon-at-the-start-of-the-walk-150x150.jpg 150w\" sizes=\"( max-width: 768px ) 100vw, ( min-width: 768px ) and ( max-width: 992px ) 50vw, 437px\" \/><figcaption id=\"caption-attachment-444\" class=\"wp-caption-text\">Penabon at the start of the walk<\/figcaption><\/figure>\n<div class=\"par_con\">\n<p>Despu\u00e9s de pasar el puente, ver\u00e1 un gran edificio a su izquierda, que es los establos comunes de invierno utilizan. Poco m\u00e1s all\u00e1 de esta se encuentran 2 caminos, uno a la izquierda, que mantiene el r\u00edo a su izquierda al caminar y el otro al frente a un cortijo vallado. Ambas formas son firmados Camino Penabon, aproximadamente 1 hora y 40 minutos. Una cosa acerca de estos signos es que usted debe tomar con una pizca de sal, ya que ninguno de ellos es exacta y, por supuesto, el momento depende de su propia velocidad al caminar. Si est\u00e1 en forma y tener varias horas, es posible hacer un bucle que va en una direcci\u00f3n y volver al otro, de modo que usted camina un c\u00edrculo completo.<br \/>\na) Otra alternativa es tomar la muestra de la mano izquierda siguiendo el r\u00edo y llegar tan lejos como desee, pasando varios cortijos y varios lugares para beber agua fresca de la monta\u00f1a. Sin embargo, si usted decide hacer el bucle como una continuaci\u00f3n de este paseo, ir a por unos 40 minutos hasta que vea un post con rayas verdes y blancas pintadas se\u00f1alizados para Penabon. Lo que es importante recordar es que estos palos pueden ser confusos y se pod\u00eda tomar a lo largo de otros caminos. Es importante darse cuenta de que cuando ves un cartel blanco y verde en forma de cruz, esto significa que no es el camino a seguir. Todav\u00eda se puede recorrer este camino, pero se ir\u00e1n a otra parte, por lo tanto como sea posible siempre se adhieren a los signos con rayas blancas y verdes y no una cruz. Si usted sigue este camino que sube y sube y se hace m\u00e1s dif\u00edcil por alrededor de media hora, entonces el camino<br \/>\ncontinuar\u00e1n los picos por encima de Trevelez Monta\u00f1a llamados Penabon.<\/p>\n<\/div>\n<\/div>\n<div class=\"par_con\">\n<figure id=\"attachment_446\" aria-describedby=\"caption-attachment-446\" style=\"width: 437px\" class=\"wp-caption alignnone\"><img loading=\"lazy\" class=\"size-medium wp-image-446\" src=\"http:\/\/www.cortijosreyfini.com\/wp-content\/uploads\/2016\/04\/8-View-of-Trevelez-437x437.jpg\" alt=\"View of Trevelez\" width=\"437\" height=\"437\" srcset=\"https:\/\/www.cortijosreyfini.com\/wp-content\/uploads\/2016\/04\/8-View-of-Trevelez-437x437.jpg 437w, https:\/\/www.cortijosreyfini.com\/wp-content\/uploads\/2016\/04\/8-View-of-Trevelez-150x150.jpg 150w\" sizes=\"( max-width: 768px ) 100vw, ( min-width: 768px ) and ( max-width: 992px ) 50vw, 437px\" \/><figcaption id=\"caption-attachment-446\" class=\"wp-caption-text\">View of Trevelez<\/figcaption><\/figure>\n<p>Al llegar a los picos que tendr\u00e1 que continuar por un tiempo hasta que encuentre un camino hacia abajo que est\u00e1 mal se\u00f1alizado a trav\u00e9s del bosque y de vuelta al puente donde usted comenz\u00f3 su caminata. Si usted quiere tomar todo el bucle le sugerimos que comience desde el principio y seguir recto durante unos 100 yardas y luego girar a la derecha cruzando el r\u00edo y encontrar el camino de nuevo al otro lado e ir hacia arriba, hacia arriba como por media hora hasta que al final casi en la cima de la monta\u00f1a se llega a la ruta. Si giras a la izquierda aqu\u00ed, entonces, que le llevar\u00e1 finalmente a la trayectoria a lo largo del r\u00edo y entonces usted puede volver de esta manera. El ir de esta manera la posibilidad de perderse es mucho menor. Si usted est\u00e1 caminando con ni\u00f1os peque\u00f1os se recomienda la ruta a lo largo del r\u00edo y no el otro. Hay un mont\u00f3n de agua potable de esta manera, pero esto se hace m\u00e1s escasa cuanto m\u00e1s se asciende.<\/p>\n<figure id=\"attachment_443\" aria-describedby=\"caption-attachment-443\" style=\"width: 437px\" class=\"wp-caption alignnone\"><img loading=\"lazy\" class=\"size-medium wp-image-443\" src=\"http:\/\/www.cortijosreyfini.com\/wp-content\/uploads\/2016\/04\/5-Post-with-green-and-white-stripes-437x437.jpg\" alt=\"Post with green and white stripes\" width=\"437\" height=\"437\" srcset=\"https:\/\/www.cortijosreyfini.com\/wp-content\/uploads\/2016\/04\/5-Post-with-green-and-white-stripes-437x437.jpg 437w, https:\/\/www.cortijosreyfini.com\/wp-content\/uploads\/2016\/04\/5-Post-with-green-and-white-stripes-150x150.jpg 150w\" sizes=\"( max-width: 768px ) 100vw, ( min-width: 768px ) and ( max-width: 992px ) 50vw, 437px\" \/><figcaption id=\"caption-attachment-443\" class=\"wp-caption-text\">Post with green and white stripes<\/figcaption><\/figure>\n<div class=\"par_con\">\n<div class=\"par_con\">\n<p>Para los excursionistas m\u00e1s aventureros se puede ir a lo largo del r\u00edo hasta pasar el tercer cortijo y ver\u00e1 el camino cuesta arriba que tambi\u00e9n est\u00e1 se\u00f1alizado con verde y blanco SL-A hacia Penabon. Despu\u00e9s de cerca de 100 yardas, encontrar\u00e1 un cruce donde el camino se divide en 2 &#8211; uno va recto, que es el paseo de bucle, y uno a la izquierda con una cruz en la parte superior del poste &#8211; si usted toma esta ruta que le llevar\u00e1 hasta a los picos que pasan varios manantiales de agua potable y, finalmente, va a cruzar la monta\u00f1a hasta el otro lado.<\/p>\n<\/div>\n<div class=\"par_con\">Por favor, compruebe siempre el pron\u00f3stico del tiempo antes de salir a dar un paseo.<\/div>\n<\/div>\n<\/div>\n","protected":false},"excerpt":{"rendered":"<p>Para estos dos paseos que necesita para conducir en primer lugar a Trevelez y aparcar el coche en el medio o medio barrio. Tienes que caminar m\u00e1s all\u00e1 de un mobiliario de taller \/ tienda de la izquierda y de la Iglesia a la derecha entonces ver\u00e1s un letrero que dec\u00eda Camino Molino a un &hellip; <a href=\"https:\/\/www.cortijosreyfini.com\/es\/things-to-do\/activities\/walks-and-hikes\/camino-molino-walk-and-to-the-peaks-of-penabon\/\" class=\"more-link\">Continue reading <span class=\"screen-reader-text\">Camino Molino pasear y los picos de Penabon<\/span><\/a><\/p>\n","protected":false},"author":1,"featured_media":0,"parent":1009,"menu_order":0,"comment_status":"closed","ping_status":"closed","template":"","meta":{"om_disable_all_campaigns":false,"_monsterinsights_skip_tracking":false,"_monsterinsights_sitenote_active":false,"_monsterinsights_sitenote_note":"","_monsterinsights_sitenote_category":0},"acf":[],"aioseo_notices":[],"_links":{"self":[{"href":"https:\/\/www.cortijosreyfini.com\/es\/wp-json\/wp\/v2\/pages\/1049"}],"collection":[{"href":"https:\/\/www.cortijosreyfini.com\/es\/wp-json\/wp\/v2\/pages"}],"about":[{"href":"https:\/\/www.cortijosreyfini.com\/es\/wp-json\/wp\/v2\/types\/page"}],"author":[{"embeddable":true,"href":"https:\/\/www.cortijosreyfini.com\/es\/wp-json\/wp\/v2\/users\/1"}],"replies":[{"embeddable":true,"href":"https:\/\/www.cortijosreyfini.com\/es\/wp-json\/wp\/v2\/comments?post=1049"}],"version-history":[{"count":4,"href":"https:\/\/www.cortijosreyfini.com\/es\/wp-json\/wp\/v2\/pages\/1049\/revisions"}],"predecessor-version":[{"id":1341,"href":"https:\/\/www.cortijosreyfini.com\/es\/wp-json\/wp\/v2\/pages\/1049\/revisions\/1341"}],"up":[{"embeddable":true,"href":"https:\/\/www.cortijosreyfini.com\/es\/wp-json\/wp\/v2\/pages\/1009"}],"wp:attachment":[{"href":"https:\/\/www.cortijosreyfini.com\/es\/wp-json\/wp\/v2\/media?parent=1049"}],"curies":[{"name":"wp","href":"https:\/\/api.w.org\/{rel}","templated":true}]}}