{"id":1047,"date":"2016-04-22T15:11:50","date_gmt":"2016-04-22T15:11:50","guid":{"rendered":"http:\/\/wegetcreative.co.uk\/crf\/?page_id=1047&#038;lang=es"},"modified":"2016-04-22T15:11:50","modified_gmt":"2016-04-22T15:11:50","slug":"busquistar-a-portugos-ferreirola-fondales-y-mecina","status":"publish","type":"page","link":"https:\/\/www.cortijosreyfini.com\/es\/things-to-do\/activities\/walks-and-hikes\/busquistar-a-portugos-ferreirola-fondales-y-mecina\/","title":{"rendered":"Busquistar a P\u00f3rtugos, Ferreirola, Fondales y Mecina"},"content":{"rendered":"<div class=\"par_con\">\n<figure id=\"attachment_348\" aria-describedby=\"caption-attachment-348\" style=\"width: 437px\" class=\"wp-caption alignnone\"><img loading=\"lazy\" class=\"size-medium wp-image-348\" src=\"http:\/\/www.cortijosreyfini.com\/wp-content\/uploads\/2016\/04\/1-Busquistar-village-437x437.jpg\" alt=\"Busquistar village\" width=\"437\" height=\"437\" srcset=\"https:\/\/www.cortijosreyfini.com\/wp-content\/uploads\/2016\/04\/1-Busquistar-village-437x437.jpg 437w, https:\/\/www.cortijosreyfini.com\/wp-content\/uploads\/2016\/04\/1-Busquistar-village-150x150.jpg 150w\" sizes=\"( max-width: 768px ) 100vw, ( min-width: 768px ) and ( max-width: 992px ) 50vw, 437px\" \/><figcaption id=\"caption-attachment-348\" class=\"wp-caption-text\">Busquistar village<\/figcaption><\/figure>\n<\/div>\n<div class=\"par_con\">\n<p>Busqu\u00edstar es nuestro pueblo m\u00e1s cercano, junto con Trev\u00e9lez, y ambos son excelentes puntos de partida para muchas excursiones interesantes. Aunque se puede caminar de nuestros cortijos a Busqu\u00edstar, se recomienda que usted comienza su caminata desde Busqu\u00edstar al dejar su coche en el aparcamiento principal por la plaza en Busqu\u00edstar. Desde aqu\u00ed se puede iniciar varias caminatas relativamente cortas y f\u00e1ciles a los pueblos cercanos de P\u00f3rtugos, Ferreirola, Fondales y Mecina. Estos paseos se tomar\u00e1 aproximadamente 1-2 horas en cada sentido por lo que si va a caminar de regreso, as\u00ed, se recomienda dejar suficiente tiempo, ya que no es posible seguir estas rutas en la oscuridad.<\/p>\n<figure id=\"attachment_435\" aria-describedby=\"caption-attachment-435\" style=\"width: 437px\" class=\"wp-caption alignnone\"><img loading=\"lazy\" class=\"size-medium wp-image-435\" src=\"http:\/\/www.cortijosreyfini.com\/wp-content\/uploads\/2016\/04\/3-Signpost-to-Ferreirola-and-Portugos-1-437x437.jpg\" alt=\"Signpost to Ferreirola and Portugos\" width=\"437\" height=\"437\" srcset=\"https:\/\/www.cortijosreyfini.com\/wp-content\/uploads\/2016\/04\/3-Signpost-to-Ferreirola-and-Portugos-1-437x437.jpg 437w, https:\/\/www.cortijosreyfini.com\/wp-content\/uploads\/2016\/04\/3-Signpost-to-Ferreirola-and-Portugos-1-150x150.jpg 150w\" sizes=\"( max-width: 768px ) 100vw, ( min-width: 768px ) and ( max-width: 992px ) 50vw, 437px\" \/><figcaption id=\"caption-attachment-435\" class=\"wp-caption-text\">Signpost to Ferreirola and Portugos<\/figcaption><\/figure>\n<p>Ir a la iglesia en Busqu\u00edstar y ver\u00e1 el signo Camino a Ferreirola.<br \/>\nSiga esta se\u00f1al hacia abajo a trav\u00e9s de la aldea hasta las estrechas grietas callej\u00f3n y est\u00e1 se\u00f1alizado a la P\u00f3rtugos derecha ya la izquierda Ferreirola. Usted puede ir a P\u00f3rtugos y vuelta o ir a la izquierda hacia Ferreirola y seguir el camino \/ sendero con el r\u00edo a su izquierda. Se trata de una ruta muy bonita y f\u00e1cil y no hay agua potable en el camino. Va a pasar por delante de una era bellamente restaurado llamada Era de Trance. Aqu\u00ed hay un cartel informativo de gran tama\u00f1o (en espa\u00f1ol y en Ingl\u00e9s) que explica sobre la vista y rutas disponibles.<\/p>\n<\/div>\n<div class=\"par_con\">\n<figure id=\"attachment_504\" aria-describedby=\"caption-attachment-504\" style=\"width: 437px\" class=\"wp-caption alignnone\"><img loading=\"lazy\" class=\"size-medium wp-image-504\" src=\"http:\/\/www.cortijosreyfini.com\/wp-content\/uploads\/2016\/04\/24-The-beautifully-restored-Era-Del-Trance-437x437.jpg\" alt=\"The beautifully restored Era Del Trance\" width=\"437\" height=\"437\" srcset=\"https:\/\/www.cortijosreyfini.com\/wp-content\/uploads\/2016\/04\/24-The-beautifully-restored-Era-Del-Trance-437x437.jpg 437w, https:\/\/www.cortijosreyfini.com\/wp-content\/uploads\/2016\/04\/24-The-beautifully-restored-Era-Del-Trance-150x150.jpg 150w\" sizes=\"( max-width: 768px ) 100vw, ( min-width: 768px ) and ( max-width: 992px ) 50vw, 437px\" \/><figcaption id=\"caption-attachment-504\" class=\"wp-caption-text\">The beautifully restored Era Del Trance<\/figcaption><\/figure>\n<p>Al llegar a Ferreirola usted puede continuar hasta Fondales siguiendo la ruta medieval y luego hasta Mecina y de regreso a P\u00f3rtugos o ir directamente desde Ferreirola a Mecina siguiendo la carretera asfaltada que dura aproximadamente 20 minutos. En Fondales Mecina y hay varios bares que sirven bebidas fr\u00edas, cerveza y tapas. Tambi\u00e9n hay varios restaurantes en Mecina incluyendo la pizzer\u00eda La Cueva de Mora de Luna y un restaurante vegetariano franc\u00e9s L&#8217;Atelier, as\u00ed como el restaurante principal en el hotel en Mecina.<\/p>\n<figure id=\"attachment_428\" aria-describedby=\"caption-attachment-428\" style=\"width: 437px\" class=\"wp-caption alignnone\"><img loading=\"lazy\" class=\"size-medium wp-image-428\" src=\"http:\/\/www.cortijosreyfini.com\/wp-content\/uploads\/2016\/04\/2-Cueva-de-Mora-Luna-Mecina-437x437.jpg\" alt=\"Cueva de Mora Luna, Mecina\" width=\"437\" height=\"437\" srcset=\"https:\/\/www.cortijosreyfini.com\/wp-content\/uploads\/2016\/04\/2-Cueva-de-Mora-Luna-Mecina-437x437.jpg 437w, https:\/\/www.cortijosreyfini.com\/wp-content\/uploads\/2016\/04\/2-Cueva-de-Mora-Luna-Mecina-150x150.jpg 150w\" sizes=\"( max-width: 768px ) 100vw, ( min-width: 768px ) and ( max-width: 992px ) 50vw, 437px\" \/><figcaption id=\"caption-attachment-428\" class=\"wp-caption-text\">Cueva de Mora Luna, Mecina<\/figcaption><\/figure>\n<div class=\"par_con\">\n<p>Usted tambi\u00e9n puede tener una buena comida local en el Paco bar \/ restaurante que est\u00e1 abierto todo el a\u00f1o. Los propietarios Paco y Maite son una encantadora pareja que dirige el lugar con sus dos hijas Angela y Rosia. Incluso puedes decirles a qu\u00e9 hora desea que su comida antes de salir para el paseo y que lo tendr\u00e1 listo para su regreso. Crecen la mayor\u00eda de las verduras frescas que se sirven en el bar. Sus tapitas normalmente servido con bebidas alcoh\u00f3licas y refrescos bebidas son excelentes.<\/p>\n<\/div>\n<\/div>\n<div class=\"par_con\"><\/div>\n","protected":false},"excerpt":{"rendered":"<p>Busqu\u00edstar es nuestro pueblo m\u00e1s cercano, junto con Trev\u00e9lez, y ambos son excelentes puntos de partida para muchas excursiones interesantes. Aunque se puede caminar de nuestros cortijos a Busqu\u00edstar, se recomienda que usted comienza su caminata desde Busqu\u00edstar al dejar su coche en el aparcamiento principal por la plaza en Busqu\u00edstar. Desde aqu\u00ed se puede &hellip; <a href=\"https:\/\/www.cortijosreyfini.com\/es\/things-to-do\/activities\/walks-and-hikes\/busquistar-a-portugos-ferreirola-fondales-y-mecina\/\" class=\"more-link\">Continue reading <span class=\"screen-reader-text\">Busquistar a P\u00f3rtugos, Ferreirola, Fondales y Mecina<\/span><\/a><\/p>\n","protected":false},"author":1,"featured_media":0,"parent":1009,"menu_order":0,"comment_status":"closed","ping_status":"closed","template":"","meta":{"om_disable_all_campaigns":false,"_monsterinsights_skip_tracking":false,"_monsterinsights_sitenote_active":false,"_monsterinsights_sitenote_note":"","_monsterinsights_sitenote_category":0},"acf":[],"aioseo_notices":[],"_links":{"self":[{"href":"https:\/\/www.cortijosreyfini.com\/es\/wp-json\/wp\/v2\/pages\/1047"}],"collection":[{"href":"https:\/\/www.cortijosreyfini.com\/es\/wp-json\/wp\/v2\/pages"}],"about":[{"href":"https:\/\/www.cortijosreyfini.com\/es\/wp-json\/wp\/v2\/types\/page"}],"author":[{"embeddable":true,"href":"https:\/\/www.cortijosreyfini.com\/es\/wp-json\/wp\/v2\/users\/1"}],"replies":[{"embeddable":true,"href":"https:\/\/www.cortijosreyfini.com\/es\/wp-json\/wp\/v2\/comments?post=1047"}],"version-history":[{"count":1,"href":"https:\/\/www.cortijosreyfini.com\/es\/wp-json\/wp\/v2\/pages\/1047\/revisions"}],"predecessor-version":[{"id":1048,"href":"https:\/\/www.cortijosreyfini.com\/es\/wp-json\/wp\/v2\/pages\/1047\/revisions\/1048"}],"up":[{"embeddable":true,"href":"https:\/\/www.cortijosreyfini.com\/es\/wp-json\/wp\/v2\/pages\/1009"}],"wp:attachment":[{"href":"https:\/\/www.cortijosreyfini.com\/es\/wp-json\/wp\/v2\/media?parent=1047"}],"curies":[{"name":"wp","href":"https:\/\/api.w.org\/{rel}","templated":true}]}}