{"id":1037,"date":"2016-04-22T15:02:50","date_gmt":"2016-04-22T15:02:50","guid":{"rendered":"http:\/\/wegetcreative.co.uk\/crf\/?page_id=1037&#038;lang=es"},"modified":"2016-04-22T15:02:50","modified_gmt":"2016-04-22T15:02:50","slug":"busquistar-a-notaez-hike","status":"publish","type":"page","link":"https:\/\/www.cortijosreyfini.com\/es\/things-to-do\/activities\/walks-and-hikes\/busquistar-a-notaez-hike\/","title":{"rendered":"Busquistar a Notaez Hike"},"content":{"rendered":"<div class=\"par_con\">\n<figure id=\"attachment_417\" aria-describedby=\"caption-attachment-417\" style=\"width: 437px\" class=\"wp-caption alignnone\"><img loading=\"lazy\" class=\"size-medium wp-image-417\" src=\"http:\/\/www.cortijosreyfini.com\/wp-content\/uploads\/2016\/04\/1-Cooling-off-in-the-river-on-the-way-back-to-Busquistar-437x437.jpg\" alt=\"Cooling off in the river on the way back to Busquistar\" width=\"437\" height=\"437\" srcset=\"https:\/\/www.cortijosreyfini.com\/wp-content\/uploads\/2016\/04\/1-Cooling-off-in-the-river-on-the-way-back-to-Busquistar-437x437.jpg 437w, https:\/\/www.cortijosreyfini.com\/wp-content\/uploads\/2016\/04\/1-Cooling-off-in-the-river-on-the-way-back-to-Busquistar-150x150.jpg 150w\" sizes=\"( max-width: 768px ) 100vw, ( min-width: 768px ) and ( max-width: 992px ) 50vw, 437px\" \/><figcaption id=\"caption-attachment-417\" class=\"wp-caption-text\">Cooling off in the river on the way back to Busquistar<\/figcaption><\/figure>\n<p>Dejar el coche en cualquier lugar en la plaza principal de Busqu\u00edstar y la cabeza hacia abajo a trav\u00e9s estrechos callejones hasta que al final del pueblo, ver\u00e1 un letrero que dec\u00eda: GR142 Notaez (1 hora 30 minutos). Siga este hasta el puente que cruza el r\u00edo Trev\u00e9lez y tan pronto como se cruza el puente de continuar hacia arriba y caminar durante unos 40 minutos hasta llegar a la carretera asfaltada en la parte superior se\u00f1alizado Trev\u00e9lez, Juviles, y recto terminado para Castares 4 kilometros. Aqu\u00ed usted puede continuar a pie de Castares y el pueblo de Notaez o devolver el mismo camino por donde viniste.<\/p>\n<figure id=\"attachment_419\" aria-describedby=\"caption-attachment-419\" style=\"width: 437px\" class=\"wp-caption alignnone\"><img loading=\"lazy\" class=\"size-medium wp-image-419\" src=\"http:\/\/www.cortijosreyfini.com\/wp-content\/uploads\/2016\/04\/3-Old-bridge-crossing-the-Rio-Trevelez-437x437.jpg\" alt=\"Old bridge crossing the Rio Trevelez\" width=\"437\" height=\"437\" srcset=\"https:\/\/www.cortijosreyfini.com\/wp-content\/uploads\/2016\/04\/3-Old-bridge-crossing-the-Rio-Trevelez-437x437.jpg 437w, https:\/\/www.cortijosreyfini.com\/wp-content\/uploads\/2016\/04\/3-Old-bridge-crossing-the-Rio-Trevelez-150x150.jpg 150w\" sizes=\"( max-width: 768px ) 100vw, ( min-width: 768px ) and ( max-width: 992px ) 50vw, 437px\" \/><figcaption id=\"caption-attachment-419\" class=\"wp-caption-text\">Old bridge crossing the Rio Trevelez<\/figcaption><\/figure>\n<div class=\"par_con\">\n<p>Una segunda opci\u00f3n es, justo despu\u00e9s de cruzar el puente, ver\u00e1 un estrecho sendero que va a la derecha &#8211; si usted sigue este es muy probable que llegar a Fondales donde se puede cruzar por el puente romano y en el pueblo. Lo ideal ser\u00eda que si usted tiene un miembro de su familia que no quiere unirse a la caminata, entonces si usted va esta ruta, pueden recoger ya sea en Mecina Fondales o. Sin embargo, si usted se siente fuerte puede seguir caminando a trav\u00e9s de Mecina y en Ferreirola y desde all\u00ed se puede ir andando a Pitres, que est\u00e1 se\u00f1alizado. Este es un largo paseo, la posibilidad de tomar un d\u00eda entero.<\/p>\n<\/div>\n<figure id=\"attachment_423\" aria-describedby=\"caption-attachment-423\" style=\"width: 437px\" class=\"wp-caption alignnone\"><img loading=\"lazy\" class=\"size-medium wp-image-423\" src=\"http:\/\/www.cortijosreyfini.com\/wp-content\/uploads\/2016\/04\/7-The-Trevelez-river-437x437.jpg\" alt=\"The Trevelez river\" width=\"437\" height=\"437\" srcset=\"https:\/\/www.cortijosreyfini.com\/wp-content\/uploads\/2016\/04\/7-The-Trevelez-river-437x437.jpg 437w, https:\/\/www.cortijosreyfini.com\/wp-content\/uploads\/2016\/04\/7-The-Trevelez-river-150x150.jpg 150w\" sizes=\"( max-width: 768px ) 100vw, ( min-width: 768px ) and ( max-width: 992px ) 50vw, 437px\" \/><figcaption id=\"caption-attachment-423\" class=\"wp-caption-text\">The Trevelez river<\/figcaption><\/figure>\n<p>Alternativamente, si usted se siente muy fuerte, entonces puede comenzar desde Cortijos Rey Fini, vaya hacia arriba, hacia la semi demolido cortijos donde los perros son y luego recoger el GR7 ruta (justo en frente de Cortijos) y continuar Busqu\u00edstar. Esto a\u00f1adir\u00eda aproximadamente 2 horas para su caminata. A continuaci\u00f3n, puede continuar su paseo hasta el r\u00edo que el anterior.<\/p>\n<\/div>\n<div class=\"par_con\"><\/div>\n","protected":false},"excerpt":{"rendered":"<p>Dejar el coche en cualquier lugar en la plaza principal de Busqu\u00edstar y la cabeza hacia abajo a trav\u00e9s estrechos callejones hasta que al final del pueblo, ver\u00e1 un letrero que dec\u00eda: GR142 Notaez (1 hora 30 minutos). Siga este hasta el puente que cruza el r\u00edo Trev\u00e9lez y tan pronto como se cruza el &hellip; <a href=\"https:\/\/www.cortijosreyfini.com\/es\/things-to-do\/activities\/walks-and-hikes\/busquistar-a-notaez-hike\/\" class=\"more-link\">Continue reading <span class=\"screen-reader-text\">Busquistar a Notaez Hike<\/span><\/a><\/p>\n","protected":false},"author":1,"featured_media":0,"parent":1009,"menu_order":0,"comment_status":"closed","ping_status":"closed","template":"","meta":{"om_disable_all_campaigns":false,"_monsterinsights_skip_tracking":false,"_monsterinsights_sitenote_active":false,"_monsterinsights_sitenote_note":"","_monsterinsights_sitenote_category":0},"acf":[],"aioseo_notices":[],"_links":{"self":[{"href":"https:\/\/www.cortijosreyfini.com\/es\/wp-json\/wp\/v2\/pages\/1037"}],"collection":[{"href":"https:\/\/www.cortijosreyfini.com\/es\/wp-json\/wp\/v2\/pages"}],"about":[{"href":"https:\/\/www.cortijosreyfini.com\/es\/wp-json\/wp\/v2\/types\/page"}],"author":[{"embeddable":true,"href":"https:\/\/www.cortijosreyfini.com\/es\/wp-json\/wp\/v2\/users\/1"}],"replies":[{"embeddable":true,"href":"https:\/\/www.cortijosreyfini.com\/es\/wp-json\/wp\/v2\/comments?post=1037"}],"version-history":[{"count":1,"href":"https:\/\/www.cortijosreyfini.com\/es\/wp-json\/wp\/v2\/pages\/1037\/revisions"}],"predecessor-version":[{"id":1038,"href":"https:\/\/www.cortijosreyfini.com\/es\/wp-json\/wp\/v2\/pages\/1037\/revisions\/1038"}],"up":[{"embeddable":true,"href":"https:\/\/www.cortijosreyfini.com\/es\/wp-json\/wp\/v2\/pages\/1009"}],"wp:attachment":[{"href":"https:\/\/www.cortijosreyfini.com\/es\/wp-json\/wp\/v2\/media?parent=1037"}],"curies":[{"name":"wp","href":"https:\/\/api.w.org\/{rel}","templated":true}]}}