{"id":1026,"date":"2016-04-22T14:33:40","date_gmt":"2016-04-22T14:33:40","guid":{"rendered":"http:\/\/wegetcreative.co.uk\/crf\/?page_id=1026&#038;lang=es"},"modified":"2016-04-22T14:33:40","modified_gmt":"2016-04-22T14:33:40","slug":"barranco-del-tajo-cortes-en-portugos","status":"publish","type":"page","link":"https:\/\/www.cortijosreyfini.com\/es\/things-to-do\/activities\/walks-and-hikes\/barranco-del-tajo-cortes-en-portugos\/","title":{"rendered":"Barranco del Tajo Cort\u00e9s, en P\u00f3rtugos"},"content":{"rendered":"<p><strong>De P\u00f3rtugos (1303m) al \u00e1rea Recreativa R\u00edo Bermejo.and waterfalls- Barranco del Tajo Cort\u00e9s, en P\u00f3rtugos<\/strong><br \/>\n<strong>(Aproximadamente una hora)<\/strong><\/p>\n<div class=\"par_con\">\n<p>Dejar el coche en la plaza principal de P\u00f3rtugos y caminar hacia la iglesia hasta que aparezca el signo \u00abRio Bermejo 250 metros. Sigue el camino a trav\u00e9s de algunos campos y, finalmente, llegar al parque. Sigue caminando hacia arriba hasta llegar al aparcamiento del \u00c1rea Recreativa R\u00edo Bermejo y zona de barbacoa por debajo del camino forestal. Las cascadas est\u00e1n a su izquierda. Tenga cuidado de bajar, ya que podr\u00eda ser muy resbaladizo.<\/p>\n<\/div>\n<div class=\"par_con\">\nSi te gusta no caminar todo el camino a continuaci\u00f3n, la segunda alternativa es desde la mitad de P\u00f3rtugos (frente al bar), siga conduciendo en trhe camino de tierra de unos 20 minutos hasta que se inscribe en el camino a prevenir en la parte superior. Gire a la izquierda hacia Capiliera y seguir conduciendo durante otros 10 minutos hasta que est\u00e9 en un puente. La zona de Recreativa de Tajo Cort\u00e9s es unas 100 yardas antes del puente y se\u00f1alizado. Conduzca hacia abajo y aparcar.<\/p>\n<\/div>\n","protected":false},"excerpt":{"rendered":"<p>De P\u00f3rtugos (1303m) al \u00e1rea Recreativa R\u00edo Bermejo.and waterfalls- Barranco del Tajo Cort\u00e9s, en P\u00f3rtugos (Aproximadamente una hora) Dejar el coche en la plaza principal de P\u00f3rtugos y caminar hacia la iglesia hasta que aparezca el signo \u00abRio Bermejo 250 metros. Sigue el camino a trav\u00e9s de algunos campos y, finalmente, llegar al parque. Sigue &hellip; <a href=\"https:\/\/www.cortijosreyfini.com\/es\/things-to-do\/activities\/walks-and-hikes\/barranco-del-tajo-cortes-en-portugos\/\" class=\"more-link\">Continue reading <span class=\"screen-reader-text\">Barranco del Tajo Cort\u00e9s, en P\u00f3rtugos<\/span><\/a><\/p>\n","protected":false},"author":1,"featured_media":0,"parent":1009,"menu_order":0,"comment_status":"closed","ping_status":"closed","template":"","meta":{"om_disable_all_campaigns":false,"_monsterinsights_skip_tracking":false,"_monsterinsights_sitenote_active":false,"_monsterinsights_sitenote_note":"","_monsterinsights_sitenote_category":0},"acf":[],"aioseo_notices":[],"_links":{"self":[{"href":"https:\/\/www.cortijosreyfini.com\/es\/wp-json\/wp\/v2\/pages\/1026"}],"collection":[{"href":"https:\/\/www.cortijosreyfini.com\/es\/wp-json\/wp\/v2\/pages"}],"about":[{"href":"https:\/\/www.cortijosreyfini.com\/es\/wp-json\/wp\/v2\/types\/page"}],"author":[{"embeddable":true,"href":"https:\/\/www.cortijosreyfini.com\/es\/wp-json\/wp\/v2\/users\/1"}],"replies":[{"embeddable":true,"href":"https:\/\/www.cortijosreyfini.com\/es\/wp-json\/wp\/v2\/comments?post=1026"}],"version-history":[{"count":1,"href":"https:\/\/www.cortijosreyfini.com\/es\/wp-json\/wp\/v2\/pages\/1026\/revisions"}],"predecessor-version":[{"id":1027,"href":"https:\/\/www.cortijosreyfini.com\/es\/wp-json\/wp\/v2\/pages\/1026\/revisions\/1027"}],"up":[{"embeddable":true,"href":"https:\/\/www.cortijosreyfini.com\/es\/wp-json\/wp\/v2\/pages\/1009"}],"wp:attachment":[{"href":"https:\/\/www.cortijosreyfini.com\/es\/wp-json\/wp\/v2\/media?parent=1026"}],"curies":[{"name":"wp","href":"https:\/\/api.w.org\/{rel}","templated":true}]}}